{"id":563,"date":"2021-01-18T18:22:36","date_gmt":"2021-01-18T18:22:36","guid":{"rendered":"https:\/\/www.om6.com\/?page_id=563"},"modified":"2025-02-06T23:14:40","modified_gmt":"2025-02-06T23:14:40","slug":"simulateur-de-reseau","status":"publish","type":"page","link":"https:\/\/www.om6.com\/fr\/produits\/simulateur-de-reseau\/","title":{"rendered":"Simulateur de r\u00e9seau"},"content":{"rendered":"\t\t<div data-elementor-type=\"wp-page\" data-elementor-id=\"563\" class=\"elementor elementor-563\" data-elementor-post-type=\"page\">\n\t\t\t\t<div class=\"elementor-element elementor-element-ad22244 e-flex e-con-boxed e-con e-parent\" data-id=\"ad22244\" data-element_type=\"container\" data-settings=\"{&quot;background_background&quot;:&quot;classic&quot;}\">\n\t\t\t\t\t<div class=\"e-con-inner\">\n\t\t\t\t<div class=\"elementor-element elementor-element-ce9b375 elementor-widget__width-inherit elementor-widget elementor-widget-heading\" data-id=\"ce9b375\" data-element_type=\"widget\" data-widget_type=\"heading.default\">\n\t\t\t\t<div class=\"elementor-widget-container\">\n\t\t\t\t\t<h1 class=\"elementor-heading-title elementor-size-default\">Simulateur de r\u00e9seau\n<\/h1>\t\t\t\t<\/div>\n\t\t\t\t<\/div>\n\t\t\t\t<div class=\"elementor-element elementor-element-69e5861 elementor-align-center elementor-widget__width-inherit elementor-widget elementor-widget-button\" data-id=\"69e5861\" data-element_type=\"widget\" data-widget_type=\"button.default\">\n\t\t\t\t<div class=\"elementor-widget-container\">\n\t\t\t\t\t\t\t\t\t<div class=\"elementor-button-wrapper\">\n\t\t\t\t\t<a class=\"elementor-button elementor-button-link elementor-size-md\" href=\"#le-produit\">\n\t\t\t\t\t\t<span class=\"elementor-button-content-wrapper\">\n\t\t\t\t\t\t\t\t\t<span class=\"elementor-button-text\">VOIR LES SP\u00c9CIFICATIONS <\/span>\n\t\t\t\t\t<\/span>\n\t\t\t\t\t<\/a>\n\t\t\t\t<\/div>\n\t\t\t\t\t\t\t\t<\/div>\n\t\t\t\t<\/div>\n\t\t\t\t\t<\/div>\n\t\t\t\t<\/div>\n\t\t<div class=\"elementor-element elementor-element-16bd521 e-flex e-con-boxed e-con e-parent\" data-id=\"16bd521\" data-element_type=\"container\">\n\t\t\t\t\t<div class=\"e-con-inner\">\n\t\t\t\t<div class=\"elementor-element elementor-element-3fbdabd elementor-widget elementor-widget-menu-anchor\" data-id=\"3fbdabd\" data-element_type=\"widget\" data-widget_type=\"menu-anchor.default\">\n\t\t\t\t<div class=\"elementor-widget-container\">\n\t\t\t\t\t\t\t<div class=\"elementor-menu-anchor\" id=\"le-produit\"><\/div>\n\t\t\t\t\t\t<\/div>\n\t\t\t\t<\/div>\n\t\t\t\t\t<\/div>\n\t\t\t\t<\/div>\n\t\t<div class=\"elementor-element elementor-element-cde140f e-flex e-con-boxed e-con e-parent\" data-id=\"cde140f\" data-element_type=\"container\" data-settings=\"{&quot;background_background&quot;:&quot;classic&quot;}\">\n\t\t\t\t\t<div class=\"e-con-inner\">\n\t\t<div class=\"elementor-element elementor-element-64e40c4 e-con-full e-flex e-con e-child\" data-id=\"64e40c4\" data-element_type=\"container\">\n\t\t\t\t<div class=\"elementor-element elementor-element-8902cc4 elementor-widget elementor-widget-heading\" data-id=\"8902cc4\" data-element_type=\"widget\" data-widget_type=\"heading.default\">\n\t\t\t\t<div class=\"elementor-widget-container\">\n\t\t\t\t\t<h2 class=\"elementor-heading-title elementor-size-default\">Simulateur de r\u00e9seau\n<\/h2>\t\t\t\t<\/div>\n\t\t\t\t<\/div>\n\t\t\t\t<\/div>\n\t\t<div class=\"elementor-element elementor-element-8e8506c e-con-full e-flex e-con e-child\" data-id=\"8e8506c\" data-element_type=\"container\">\n\t\t\t\t<div class=\"elementor-element elementor-element-326d546 elementor-widget__width-auto elementor-widget elementor-widget-button\" data-id=\"326d546\" data-element_type=\"widget\" data-widget_type=\"button.default\">\n\t\t\t\t<div class=\"elementor-widget-container\">\n\t\t\t\t\t\t\t\t\t<div class=\"elementor-button-wrapper\">\n\t\t\t\t\t<a class=\"elementor-button elementor-button-link elementor-size-md\" href=\"https:\/\/www.om6.com\/wp-content\/uploads\/2021\/01\/bobine-de-fibre-et-simulateur-de-reseau.pdf\" target=\"_blank\">\n\t\t\t\t\t\t<span class=\"elementor-button-content-wrapper\">\n\t\t\t\t\t\t\t\t\t<span class=\"elementor-button-text\">T\u00e9l\u00e9chargez la fiche produit<\/span>\n\t\t\t\t\t<\/span>\n\t\t\t\t\t<\/a>\n\t\t\t\t<\/div>\n\t\t\t\t\t\t\t\t<\/div>\n\t\t\t\t<\/div>\n\t\t\t\t<div class=\"elementor-element elementor-element-aa31fe2 elementor-widget__width-auto elementor-widget elementor-widget-button\" data-id=\"aa31fe2\" data-element_type=\"widget\" data-widget_type=\"button.default\">\n\t\t\t\t<div class=\"elementor-widget-container\">\n\t\t\t\t\t\t\t\t\t<div class=\"elementor-button-wrapper\">\n\t\t\t\t\t<a class=\"elementor-button elementor-button-link elementor-size-md\" href=\"#commander\">\n\t\t\t\t\t\t<span class=\"elementor-button-content-wrapper\">\n\t\t\t\t\t\t\t\t\t<span class=\"elementor-button-text\">Comment commander<\/span>\n\t\t\t\t\t<\/span>\n\t\t\t\t\t<\/a>\n\t\t\t\t<\/div>\n\t\t\t\t\t\t\t\t<\/div>\n\t\t\t\t<\/div>\n\t\t\t\t<\/div>\n\t\t\t\t\t<\/div>\n\t\t\t\t<\/div>\n\t\t<div class=\"elementor-element elementor-element-54cd541 e-flex e-con-boxed e-con e-parent\" data-id=\"54cd541\" data-element_type=\"container\" data-settings=\"{&quot;background_background&quot;:&quot;classic&quot;}\">\n\t\t\t\t\t<div class=\"e-con-inner\">\n\t\t<div class=\"elementor-element elementor-element-591c8df e-con-full e-flex e-con e-child\" data-id=\"591c8df\" data-element_type=\"container\">\n\t\t\t\t<\/div>\n\t\t<div class=\"elementor-element elementor-element-02a9841 e-con-full e-flex e-con e-child\" data-id=\"02a9841\" data-element_type=\"container\">\n\t\t\t\t<div class=\"elementor-element elementor-element-c93cad2 elementor-widget__width-auto elementor-widget elementor-widget-button\" data-id=\"c93cad2\" data-element_type=\"widget\" data-widget_type=\"button.default\">\n\t\t\t\t<div class=\"elementor-widget-container\">\n\t\t\t\t\t\t\t\t\t<div class=\"elementor-button-wrapper\">\n\t\t\t\t\t<a class=\"elementor-button elementor-button-link elementor-size-md\" href=\"#elementor-action%3Aaction%3Dpopup%3Aopen%26settings%3DeyJpZCI6MzM5NiwidG9nZ2xlIjpmYWxzZX0%3D\" target=\"_blank\">\n\t\t\t\t\t\t<span class=\"elementor-button-content-wrapper\">\n\t\t\t\t\t\t\t\t\t<span class=\"elementor-button-text\">Simulateur de r\u00e9seau<\/span>\n\t\t\t\t\t<\/span>\n\t\t\t\t\t<\/a>\n\t\t\t\t<\/div>\n\t\t\t\t\t\t\t\t<\/div>\n\t\t\t\t<\/div>\n\t\t\t\t<\/div>\n\t\t\t\t\t<\/div>\n\t\t\t\t<\/div>\n\t\t<div class=\"elementor-element elementor-element-f992744 e-flex e-con-boxed e-con e-parent\" data-id=\"f992744\" data-element_type=\"container\" data-settings=\"{&quot;background_background&quot;:&quot;classic&quot;}\">\n\t\t\t\t\t<div class=\"e-con-inner\">\n\t\t\t\t<div class=\"elementor-element elementor-element-1e6a61e elementor-widget__width-initial elementor-widget-tablet__width-inherit elementor-widget elementor-widget-text-editor\" data-id=\"1e6a61e\" data-element_type=\"widget\" data-widget_type=\"text-editor.default\">\n\t\t\t\t<div class=\"elementor-widget-container\">\n\t\t\t\t\t\t\t\t\t<p><strong>Sp\u00e9cifications<\/strong><\/p><div class=\"wpb_row vc_row vc_row-fluid mk-fullwidth-false attched-false vc_custom_1593802342392 js-master-row \"><div class=\"vc_col-sm-12 wpb_column column_container _ height-full\"><div id=\"text-block-7\" class=\"mk-text-block \"><div class=\"wpb_row vc_row vc_row-fluid  mk-fullwidth-false  attched-false    vc_custom_1593802342392  js-master-row \"><div class=\"vc_col-sm-12 wpb_column column_container  _ height-full\"><div id=\"text-block-7\" class=\"mk-text-block   \"><p>Utilis\u00e9 pour analyser les r\u00e9seaux en laboratoire, le simulateur peut contenir jusqu\u2019\u00e0 6 bobines de 25\u00a0km.<\/p><p>Disponible pour des connecteurs LC et SC.<\/p><\/div><\/div><\/div><div class=\"wpb_row vc_row vc_row-fluid  mk-fullwidth-false  attched-false    vc_custom_1594041310049  js-master-row \"><div class=\"vc_col-sm-12 wpb_column column_container  _ height-full\"><h4 id=\"fancy-title-8\" class=\"mk-fancy-title  simple-style  color-single\">Caract\u00e9ristiques techniques<\/h4><\/div><\/div><\/div><\/div><\/div>\t\t\t\t\t\t\t\t<\/div>\n\t\t\t\t<\/div>\n\t\t\t\t<div class=\"elementor-element elementor-element-259d2b8 elementor-widget elementor-widget-image\" data-id=\"259d2b8\" data-element_type=\"widget\" data-widget_type=\"image.default\">\n\t\t\t\t<div class=\"elementor-widget-container\">\n\t\t\t\t\t\t\t\t\t\t\t\t\t\t\t<img fetchpriority=\"high\" decoding=\"async\" width=\"1727\" height=\"402\" src=\"https:\/\/www.om6.com\/wp-content\/uploads\/2025\/02\/t004-t-002_bobine-de-fibre-et-simulateur-de-reseau.jpg\" class=\"attachment-full size-full wp-image-3197\" alt=\"\" srcset=\"https:\/\/www.om6.com\/wp-content\/uploads\/2025\/02\/t004-t-002_bobine-de-fibre-et-simulateur-de-reseau.jpg 1727w, https:\/\/www.om6.com\/wp-content\/uploads\/2025\/02\/t004-t-002_bobine-de-fibre-et-simulateur-de-reseau-300x70.jpg 300w, https:\/\/www.om6.com\/wp-content\/uploads\/2025\/02\/t004-t-002_bobine-de-fibre-et-simulateur-de-reseau-1024x238.jpg 1024w, https:\/\/www.om6.com\/wp-content\/uploads\/2025\/02\/t004-t-002_bobine-de-fibre-et-simulateur-de-reseau-768x179.jpg 768w, https:\/\/www.om6.com\/wp-content\/uploads\/2025\/02\/t004-t-002_bobine-de-fibre-et-simulateur-de-reseau-1536x358.jpg 1536w\" sizes=\"(max-width: 1727px) 100vw, 1727px\" \/>\t\t\t\t\t\t\t\t\t\t\t\t\t\t\t<\/div>\n\t\t\t\t<\/div>\n\t\t\t\t\t<\/div>\n\t\t\t\t<\/div>\n\t\t<div class=\"elementor-element elementor-element-f91d06d e-flex e-con-boxed e-con e-parent\" data-id=\"f91d06d\" data-element_type=\"container\" data-settings=\"{&quot;background_background&quot;:&quot;classic&quot;}\">\n\t\t\t\t\t<div class=\"e-con-inner\">\n\t\t\t\t<div class=\"elementor-element elementor-element-54e4ffa elementor-widget elementor-widget-heading\" data-id=\"54e4ffa\" data-element_type=\"widget\" data-widget_type=\"heading.default\">\n\t\t\t\t<div class=\"elementor-widget-container\">\n\t\t\t\t\t<h2 class=\"elementor-heading-title elementor-size-default\">Vous avez des questions ou d\u00e9sirez effectuer une commande ?\n<\/h2>\t\t\t\t<\/div>\n\t\t\t\t<\/div>\n\t\t\t\t<div class=\"elementor-element elementor-element-ce45a0c elementor-align-center elementor-widget elementor-widget-button\" data-id=\"ce45a0c\" data-element_type=\"widget\" data-widget_type=\"button.default\">\n\t\t\t\t<div class=\"elementor-widget-container\">\n\t\t\t\t\t\t\t\t\t<div class=\"elementor-button-wrapper\">\n\t\t\t\t\t<a class=\"elementor-button elementor-button-link elementor-size-md\" href=\"https:\/\/www.om6.com\/fr\/contact\/\">\n\t\t\t\t\t\t<span class=\"elementor-button-content-wrapper\">\n\t\t\t\t\t\t\t\t\t<span class=\"elementor-button-text\">CONTACTEZ-NOUS !<\/span>\n\t\t\t\t\t<\/span>\n\t\t\t\t\t<\/a>\n\t\t\t\t<\/div>\n\t\t\t\t\t\t\t\t<\/div>\n\t\t\t\t<\/div>\n\t\t\t\t<div class=\"elementor-element elementor-element-9fd6980 elementor-widget elementor-widget-menu-anchor\" data-id=\"9fd6980\" data-element_type=\"widget\" data-widget_type=\"menu-anchor.default\">\n\t\t\t\t<div class=\"elementor-widget-container\">\n\t\t\t\t\t\t\t<div class=\"elementor-menu-anchor\" id=\"commander\"><\/div>\n\t\t\t\t\t\t<\/div>\n\t\t\t\t<\/div>\n\t\t\t\t\t<\/div>\n\t\t\t\t<\/div>\n\t\t<div class=\"elementor-element elementor-element-841e161 e-flex e-con-boxed e-con e-parent\" data-id=\"841e161\" data-element_type=\"container\" data-settings=\"{&quot;background_background&quot;:&quot;classic&quot;}\">\n\t\t\t\t\t<div class=\"e-con-inner\">\n\t\t\t\t<div class=\"elementor-element elementor-element-f7c8e4c elementor-widget elementor-widget-text-editor\" data-id=\"f7c8e4c\" data-element_type=\"widget\" data-widget_type=\"text-editor.default\">\n\t\t\t\t<div class=\"elementor-widget-container\">\n\t\t\t\t\t\t\t\t\t<p>Tous les produits command\u00e9s chez O-m6 peuvent \u00eatre adapt\u00e9s pour convenir \u00e0 vos exigences.<\/p><p>Vous avez des questions?\u00a0|\u00a0<b>Communiquez avec nous\u00a0<\/b>au\u00a0<b><a href=\"tel:450 979-2275\">450 979-2275<\/a><\/b>\u00a0|\u00a0<a href=\"mailto:sales@om6.com\"><b>inf@om6.com<\/b><\/a><\/p>\t\t\t\t\t\t\t\t<\/div>\n\t\t\t\t<\/div>\n\t\t\t\t\t<\/div>\n\t\t\t\t<\/div>\n\t\t\t\t<\/div>\n\t\t","protected":false},"excerpt":{"rendered":"<p>Simulateur de r\u00e9seau VOIR LES SP\u00c9CIFICATIONS Simulateur de r\u00e9seau T\u00e9l\u00e9chargez la fiche produit Comment commander Simulateur de r\u00e9seau Sp\u00e9cifications Utilis\u00e9 pour analyser les r\u00e9seaux en laboratoire, le simulateur peut contenir jusqu\u2019\u00e0 6 bobines de 25\u00a0km. Disponible pour des connecteurs LC et SC. Caract\u00e9ristiques techniques Vous avez des questions ou d\u00e9sirez effectuer une commande ? CONTACTEZ-NOUS [&hellip;]<\/p>\n","protected":false},"author":5,"featured_media":746,"parent":188,"menu_order":0,"comment_status":"closed","ping_status":"closed","template":"","meta":{"footnotes":""},"class_list":["post-563","page","type-page","status-publish","has-post-thumbnail","hentry"],"acf":[],"yoast_head":"<!-- This site is optimized with the Yoast SEO plugin v26.7 - https:\/\/yoast.com\/wordpress\/plugins\/seo\/ -->\n<title>Simulateur de r\u00e9seau | O-m6 Technologies<\/title>\n<meta name=\"description\" content=\"Utilis\u00e9 pour analyser les r\u00e9seaux en laboratoire, le simulateur peut contenir jusqu\u2019\u00e0 6 bobines de 25 km.\" \/>\n<meta name=\"robots\" content=\"index, follow, max-snippet:-1, max-image-preview:large, max-video-preview:-1\" \/>\n<link rel=\"canonical\" href=\"https:\/\/www.om6.com\/fr\/produits\/simulateur-de-reseau\/\" \/>\n<meta property=\"og:locale\" content=\"fr_FR\" \/>\n<meta property=\"og:type\" content=\"article\" \/>\n<meta property=\"og:title\" content=\"Simulateur de r\u00e9seau | O-m6 Technologies\" \/>\n<meta property=\"og:description\" content=\"Utilis\u00e9 pour analyser les r\u00e9seaux en laboratoire, le simulateur peut contenir jusqu\u2019\u00e0 6 bobines de 25 km.\" \/>\n<meta property=\"og:url\" content=\"https:\/\/www.om6.com\/fr\/produits\/simulateur-de-reseau\/\" \/>\n<meta property=\"og:site_name\" content=\"O-m6 Technologies\" \/>\n<meta property=\"article:modified_time\" content=\"2025-02-06T23:14:40+00:00\" \/>\n<meta property=\"og:image\" content=\"http:\/\/om6.com\/wp-content\/uploads\/2021\/01\/o-m6-technologies-produits-simulateur-de-reseau-1.jpg\" \/>\n\t<meta property=\"og:image:width\" content=\"1240\" \/>\n\t<meta property=\"og:image:height\" content=\"600\" \/>\n\t<meta property=\"og:image:type\" content=\"image\/jpeg\" \/>\n<meta name=\"twitter:label1\" content=\"Dur\u00e9e de lecture estim\u00e9e\" \/>\n\t<meta name=\"twitter:data1\" content=\"1 minute\" \/>\n<script type=\"application\/ld+json\" class=\"yoast-schema-graph\">{\"@context\":\"https:\/\/schema.org\",\"@graph\":[{\"@type\":\"WebPage\",\"@id\":\"https:\/\/www.om6.com\/fr\/produits\/simulateur-de-reseau\/\",\"url\":\"https:\/\/www.om6.com\/fr\/produits\/simulateur-de-reseau\/\",\"name\":\"Simulateur de r\u00e9seau | O-m6 Technologies\",\"isPartOf\":{\"@id\":\"http:\/\/om6.com\/#website\"},\"primaryImageOfPage\":{\"@id\":\"https:\/\/www.om6.com\/fr\/produits\/simulateur-de-reseau\/#primaryimage\"},\"image\":{\"@id\":\"https:\/\/www.om6.com\/fr\/produits\/simulateur-de-reseau\/#primaryimage\"},\"thumbnailUrl\":\"https:\/\/www.om6.com\/wp-content\/uploads\/2021\/01\/o-m6-technologies-produits-simulateur-de-reseau-1.jpg\",\"datePublished\":\"2021-01-18T18:22:36+00:00\",\"dateModified\":\"2025-02-06T23:14:40+00:00\",\"description\":\"Utilis\u00e9 pour analyser les r\u00e9seaux en laboratoire, le simulateur peut contenir jusqu\u2019\u00e0 6 bobines de 25 km.\",\"breadcrumb\":{\"@id\":\"https:\/\/www.om6.com\/fr\/produits\/simulateur-de-reseau\/#breadcrumb\"},\"inLanguage\":\"fr-FR\",\"potentialAction\":[{\"@type\":\"ReadAction\",\"target\":[\"https:\/\/www.om6.com\/fr\/produits\/simulateur-de-reseau\/\"]}]},{\"@type\":\"ImageObject\",\"inLanguage\":\"fr-FR\",\"@id\":\"https:\/\/www.om6.com\/fr\/produits\/simulateur-de-reseau\/#primaryimage\",\"url\":\"https:\/\/www.om6.com\/wp-content\/uploads\/2021\/01\/o-m6-technologies-produits-simulateur-de-reseau-1.jpg\",\"contentUrl\":\"https:\/\/www.om6.com\/wp-content\/uploads\/2021\/01\/o-m6-technologies-produits-simulateur-de-reseau-1.jpg\",\"width\":1240,\"height\":600},{\"@type\":\"BreadcrumbList\",\"@id\":\"https:\/\/www.om6.com\/fr\/produits\/simulateur-de-reseau\/#breadcrumb\",\"itemListElement\":[{\"@type\":\"ListItem\",\"position\":1,\"name\":\"Accueil\",\"item\":\"https:\/\/www.om6.com\/fr\/\"},{\"@type\":\"ListItem\",\"position\":2,\"name\":\"Nos produits\",\"item\":\"http:\/\/om6.com\/fr\/produits\/\"},{\"@type\":\"ListItem\",\"position\":3,\"name\":\"Simulateur de r\u00e9seau\"}]},{\"@type\":\"WebSite\",\"@id\":\"http:\/\/om6.com\/#website\",\"url\":\"http:\/\/om6.com\/\",\"name\":\"O-m6 Technologies\",\"description\":\"O-m6 Technologies\",\"potentialAction\":[{\"@type\":\"SearchAction\",\"target\":{\"@type\":\"EntryPoint\",\"urlTemplate\":\"http:\/\/om6.com\/?s={search_term_string}\"},\"query-input\":{\"@type\":\"PropertyValueSpecification\",\"valueRequired\":true,\"valueName\":\"search_term_string\"}}],\"inLanguage\":\"fr-FR\"}]}<\/script>\n<!-- \/ Yoast SEO plugin. -->","yoast_head_json":{"title":"Simulateur de r\u00e9seau | O-m6 Technologies","description":"Utilis\u00e9 pour analyser les r\u00e9seaux en laboratoire, le simulateur peut contenir jusqu\u2019\u00e0 6 bobines de 25 km.","robots":{"index":"index","follow":"follow","max-snippet":"max-snippet:-1","max-image-preview":"max-image-preview:large","max-video-preview":"max-video-preview:-1"},"canonical":"https:\/\/www.om6.com\/fr\/produits\/simulateur-de-reseau\/","og_locale":"fr_FR","og_type":"article","og_title":"Simulateur de r\u00e9seau | O-m6 Technologies","og_description":"Utilis\u00e9 pour analyser les r\u00e9seaux en laboratoire, le simulateur peut contenir jusqu\u2019\u00e0 6 bobines de 25 km.","og_url":"https:\/\/www.om6.com\/fr\/produits\/simulateur-de-reseau\/","og_site_name":"O-m6 Technologies","article_modified_time":"2025-02-06T23:14:40+00:00","og_image":[{"width":1240,"height":600,"url":"http:\/\/om6.com\/wp-content\/uploads\/2021\/01\/o-m6-technologies-produits-simulateur-de-reseau-1.jpg","type":"image\/jpeg"}],"twitter_misc":{"Dur\u00e9e de lecture estim\u00e9e":"1 minute"},"schema":{"@context":"https:\/\/schema.org","@graph":[{"@type":"WebPage","@id":"https:\/\/www.om6.com\/fr\/produits\/simulateur-de-reseau\/","url":"https:\/\/www.om6.com\/fr\/produits\/simulateur-de-reseau\/","name":"Simulateur de r\u00e9seau | O-m6 Technologies","isPartOf":{"@id":"http:\/\/om6.com\/#website"},"primaryImageOfPage":{"@id":"https:\/\/www.om6.com\/fr\/produits\/simulateur-de-reseau\/#primaryimage"},"image":{"@id":"https:\/\/www.om6.com\/fr\/produits\/simulateur-de-reseau\/#primaryimage"},"thumbnailUrl":"https:\/\/www.om6.com\/wp-content\/uploads\/2021\/01\/o-m6-technologies-produits-simulateur-de-reseau-1.jpg","datePublished":"2021-01-18T18:22:36+00:00","dateModified":"2025-02-06T23:14:40+00:00","description":"Utilis\u00e9 pour analyser les r\u00e9seaux en laboratoire, le simulateur peut contenir jusqu\u2019\u00e0 6 bobines de 25 km.","breadcrumb":{"@id":"https:\/\/www.om6.com\/fr\/produits\/simulateur-de-reseau\/#breadcrumb"},"inLanguage":"fr-FR","potentialAction":[{"@type":"ReadAction","target":["https:\/\/www.om6.com\/fr\/produits\/simulateur-de-reseau\/"]}]},{"@type":"ImageObject","inLanguage":"fr-FR","@id":"https:\/\/www.om6.com\/fr\/produits\/simulateur-de-reseau\/#primaryimage","url":"https:\/\/www.om6.com\/wp-content\/uploads\/2021\/01\/o-m6-technologies-produits-simulateur-de-reseau-1.jpg","contentUrl":"https:\/\/www.om6.com\/wp-content\/uploads\/2021\/01\/o-m6-technologies-produits-simulateur-de-reseau-1.jpg","width":1240,"height":600},{"@type":"BreadcrumbList","@id":"https:\/\/www.om6.com\/fr\/produits\/simulateur-de-reseau\/#breadcrumb","itemListElement":[{"@type":"ListItem","position":1,"name":"Accueil","item":"https:\/\/www.om6.com\/fr\/"},{"@type":"ListItem","position":2,"name":"Nos produits","item":"http:\/\/om6.com\/fr\/produits\/"},{"@type":"ListItem","position":3,"name":"Simulateur de r\u00e9seau"}]},{"@type":"WebSite","@id":"http:\/\/om6.com\/#website","url":"http:\/\/om6.com\/","name":"O-m6 Technologies","description":"O-m6 Technologies","potentialAction":[{"@type":"SearchAction","target":{"@type":"EntryPoint","urlTemplate":"http:\/\/om6.com\/?s={search_term_string}"},"query-input":{"@type":"PropertyValueSpecification","valueRequired":true,"valueName":"search_term_string"}}],"inLanguage":"fr-FR"}]}},"_links":{"self":[{"href":"https:\/\/www.om6.com\/fr\/wp-json\/wp\/v2\/pages\/563","targetHints":{"allow":["GET"]}}],"collection":[{"href":"https:\/\/www.om6.com\/fr\/wp-json\/wp\/v2\/pages"}],"about":[{"href":"https:\/\/www.om6.com\/fr\/wp-json\/wp\/v2\/types\/page"}],"author":[{"embeddable":true,"href":"https:\/\/www.om6.com\/fr\/wp-json\/wp\/v2\/users\/5"}],"replies":[{"embeddable":true,"href":"https:\/\/www.om6.com\/fr\/wp-json\/wp\/v2\/comments?post=563"}],"version-history":[{"count":10,"href":"https:\/\/www.om6.com\/fr\/wp-json\/wp\/v2\/pages\/563\/revisions"}],"predecessor-version":[{"id":3408,"href":"https:\/\/www.om6.com\/fr\/wp-json\/wp\/v2\/pages\/563\/revisions\/3408"}],"up":[{"embeddable":true,"href":"https:\/\/www.om6.com\/fr\/wp-json\/wp\/v2\/pages\/188"}],"wp:featuredmedia":[{"embeddable":true,"href":"https:\/\/www.om6.com\/fr\/wp-json\/wp\/v2\/media\/746"}],"wp:attachment":[{"href":"https:\/\/www.om6.com\/fr\/wp-json\/wp\/v2\/media?parent=563"}],"curies":[{"name":"wp","href":"https:\/\/api.w.org\/{rel}","templated":true}]}}