{"id":554,"date":"2021-01-15T19:53:28","date_gmt":"2021-01-15T19:53:28","guid":{"rendered":"https:\/\/www.om6.com\/?page_id=554"},"modified":"2025-02-03T19:38:35","modified_gmt":"2025-02-03T19:38:35","slug":"confirmation-dinscription","status":"publish","type":"page","link":"https:\/\/www.om6.com\/fr\/confirmation-dinscription\/","title":{"rendered":"Confirmation d&rsquo;inscription"},"content":{"rendered":"\t\t<div data-elementor-type=\"wp-page\" data-elementor-id=\"554\" class=\"elementor elementor-554\" data-elementor-post-type=\"page\">\n\t\t\t\t<div class=\"elementor-element elementor-element-dd83f44 e-flex e-con-boxed e-con e-parent\" data-id=\"dd83f44\" data-element_type=\"container\" data-e-type=\"container\" data-settings=\"{&quot;background_background&quot;:&quot;classic&quot;}\">\n\t\t\t\t\t<div class=\"e-con-inner\">\n\t\t\t\t<div class=\"elementor-element elementor-element-b8e55ab elementor-widget elementor-widget-heading\" data-id=\"b8e55ab\" data-element_type=\"widget\" data-e-type=\"widget\" data-widget_type=\"heading.default\">\n\t\t\t\t<div class=\"elementor-widget-container\">\n\t\t\t\t\t<h3 class=\"elementor-heading-title elementor-size-default\">Merci.<\/h3>\t\t\t\t<\/div>\n\t\t\t\t<\/div>\n\t\t\t\t<div class=\"elementor-element elementor-element-9232e28 elementor-widget elementor-widget-text-editor\" data-id=\"9232e28\" data-element_type=\"widget\" data-e-type=\"widget\" data-widget_type=\"text-editor.default\">\n\t\t\t\t<div class=\"elementor-widget-container\">\n\t\t\t\t\t\t\t\t\t<div id=\"text-block-3\" class=\"mk-text-block   \"><p>Vous vous \u00eates abonn\u00e9 avec succ\u00e8s \u00e0 notre infolettre.<\/p><div class=\"clearboth\">\u00a0<\/div><\/div>\t\t\t\t\t\t\t\t<\/div>\n\t\t\t\t<\/div>\n\t\t\t\t<div class=\"elementor-element elementor-element-ec0c3bd elementor-widget elementor-widget-button\" data-id=\"ec0c3bd\" data-element_type=\"widget\" data-e-type=\"widget\" data-widget_type=\"button.default\">\n\t\t\t\t<div class=\"elementor-widget-container\">\n\t\t\t\t\t\t\t\t\t<div class=\"elementor-button-wrapper\">\n\t\t\t\t\t<a class=\"elementor-button elementor-button-link elementor-size-md\" href=\"https:\/\/www.om6.com\/fr\/\">\n\t\t\t\t\t\t<span class=\"elementor-button-content-wrapper\">\n\t\t\t\t\t\t\t\t\t<span class=\"elementor-button-text\">Retour \u00e0 l\u2019accueil<\/span>\n\t\t\t\t\t<\/span>\n\t\t\t\t\t<\/a>\n\t\t\t\t<\/div>\n\t\t\t\t\t\t\t\t<\/div>\n\t\t\t\t<\/div>\n\t\t\t\t\t<\/div>\n\t\t\t\t<\/div>\n\t\t\t\t<\/div>\n\t\t","protected":false},"excerpt":{"rendered":"<p>Merci. Vous vous \u00eates abonn\u00e9 avec succ\u00e8s \u00e0 notre infolettre. \u00a0 Retour \u00e0 l\u2019accueil<\/p>\n","protected":false},"author":5,"featured_media":0,"parent":0,"menu_order":0,"comment_status":"closed","ping_status":"open","template":"","meta":{"footnotes":""},"class_list":["post-554","page","type-page","status-publish","hentry"],"acf":[],"yoast_head":"<!-- This site is optimized with the Yoast SEO plugin v27.4 - https:\/\/yoast.com\/product\/yoast-seo-wordpress\/ -->\n<title>Confirmation d&#039;inscription | O-m6 Technologies<\/title>\n<meta name=\"robots\" content=\"index, follow, max-snippet:-1, max-image-preview:large, max-video-preview:-1\" \/>\n<link rel=\"canonical\" href=\"https:\/\/www.om6.com\/fr\/confirmation-dinscription\/\" \/>\n<meta property=\"og:locale\" content=\"fr_FR\" \/>\n<meta property=\"og:type\" content=\"article\" \/>\n<meta property=\"og:title\" content=\"Confirmation d&#039;inscription | O-m6 Technologies\" \/>\n<meta property=\"og:description\" content=\"Merci. Vous vous \u00eates abonn\u00e9 avec succ\u00e8s \u00e0 notre infolettre. \u00a0 Retour \u00e0 l\u2019accueil\" \/>\n<meta property=\"og:url\" content=\"https:\/\/www.om6.com\/fr\/confirmation-dinscription\/\" \/>\n<meta property=\"og:site_name\" content=\"O-m6 Technologies\" \/>\n<meta property=\"article:modified_time\" content=\"2025-02-03T19:38:35+00:00\" \/>\n<meta name=\"twitter:label1\" content=\"Dur\u00e9e de lecture estim\u00e9e\" \/>\n\t<meta name=\"twitter:data1\" content=\"1 minute\" \/>\n<script type=\"application\/ld+json\" class=\"yoast-schema-graph\">{\"@context\":\"https:\\\/\\\/schema.org\",\"@graph\":[{\"@type\":\"WebPage\",\"@id\":\"https:\\\/\\\/www.om6.com\\\/fr\\\/confirmation-dinscription\\\/\",\"url\":\"https:\\\/\\\/www.om6.com\\\/fr\\\/confirmation-dinscription\\\/\",\"name\":\"Confirmation d'inscription | O-m6 Technologies\",\"isPartOf\":{\"@id\":\"http:\\\/\\\/om6.com\\\/#website\"},\"datePublished\":\"2021-01-15T19:53:28+00:00\",\"dateModified\":\"2025-02-03T19:38:35+00:00\",\"breadcrumb\":{\"@id\":\"https:\\\/\\\/www.om6.com\\\/fr\\\/confirmation-dinscription\\\/#breadcrumb\"},\"inLanguage\":\"fr-FR\",\"potentialAction\":[{\"@type\":\"ReadAction\",\"target\":[\"https:\\\/\\\/www.om6.com\\\/fr\\\/confirmation-dinscription\\\/\"]}]},{\"@type\":\"BreadcrumbList\",\"@id\":\"https:\\\/\\\/www.om6.com\\\/fr\\\/confirmation-dinscription\\\/#breadcrumb\",\"itemListElement\":[{\"@type\":\"ListItem\",\"position\":1,\"name\":\"Accueil\",\"item\":\"https:\\\/\\\/www.om6.com\\\/fr\\\/\"},{\"@type\":\"ListItem\",\"position\":2,\"name\":\"Confirmation d&#8217;inscription\"}]},{\"@type\":\"WebSite\",\"@id\":\"http:\\\/\\\/om6.com\\\/#website\",\"url\":\"http:\\\/\\\/om6.com\\\/\",\"name\":\"O-m6 Technologies\",\"description\":\"O-m6 Technologies\",\"potentialAction\":[{\"@type\":\"SearchAction\",\"target\":{\"@type\":\"EntryPoint\",\"urlTemplate\":\"http:\\\/\\\/om6.com\\\/?s={search_term_string}\"},\"query-input\":{\"@type\":\"PropertyValueSpecification\",\"valueRequired\":true,\"valueName\":\"search_term_string\"}}],\"inLanguage\":\"fr-FR\"}]}<\/script>\n<!-- \/ Yoast SEO plugin. -->","yoast_head_json":{"title":"Confirmation d'inscription | O-m6 Technologies","robots":{"index":"index","follow":"follow","max-snippet":"max-snippet:-1","max-image-preview":"max-image-preview:large","max-video-preview":"max-video-preview:-1"},"canonical":"https:\/\/www.om6.com\/fr\/confirmation-dinscription\/","og_locale":"fr_FR","og_type":"article","og_title":"Confirmation d'inscription | O-m6 Technologies","og_description":"Merci. Vous vous \u00eates abonn\u00e9 avec succ\u00e8s \u00e0 notre infolettre. \u00a0 Retour \u00e0 l\u2019accueil","og_url":"https:\/\/www.om6.com\/fr\/confirmation-dinscription\/","og_site_name":"O-m6 Technologies","article_modified_time":"2025-02-03T19:38:35+00:00","twitter_misc":{"Dur\u00e9e de lecture estim\u00e9e":"1 minute"},"schema":{"@context":"https:\/\/schema.org","@graph":[{"@type":"WebPage","@id":"https:\/\/www.om6.com\/fr\/confirmation-dinscription\/","url":"https:\/\/www.om6.com\/fr\/confirmation-dinscription\/","name":"Confirmation d'inscription | O-m6 Technologies","isPartOf":{"@id":"http:\/\/om6.com\/#website"},"datePublished":"2021-01-15T19:53:28+00:00","dateModified":"2025-02-03T19:38:35+00:00","breadcrumb":{"@id":"https:\/\/www.om6.com\/fr\/confirmation-dinscription\/#breadcrumb"},"inLanguage":"fr-FR","potentialAction":[{"@type":"ReadAction","target":["https:\/\/www.om6.com\/fr\/confirmation-dinscription\/"]}]},{"@type":"BreadcrumbList","@id":"https:\/\/www.om6.com\/fr\/confirmation-dinscription\/#breadcrumb","itemListElement":[{"@type":"ListItem","position":1,"name":"Accueil","item":"https:\/\/www.om6.com\/fr\/"},{"@type":"ListItem","position":2,"name":"Confirmation d&#8217;inscription"}]},{"@type":"WebSite","@id":"http:\/\/om6.com\/#website","url":"http:\/\/om6.com\/","name":"O-m6 Technologies","description":"O-m6 Technologies","potentialAction":[{"@type":"SearchAction","target":{"@type":"EntryPoint","urlTemplate":"http:\/\/om6.com\/?s={search_term_string}"},"query-input":{"@type":"PropertyValueSpecification","valueRequired":true,"valueName":"search_term_string"}}],"inLanguage":"fr-FR"}]}},"_links":{"self":[{"href":"https:\/\/www.om6.com\/fr\/wp-json\/wp\/v2\/pages\/554","targetHints":{"allow":["GET"]}}],"collection":[{"href":"https:\/\/www.om6.com\/fr\/wp-json\/wp\/v2\/pages"}],"about":[{"href":"https:\/\/www.om6.com\/fr\/wp-json\/wp\/v2\/types\/page"}],"author":[{"embeddable":true,"href":"https:\/\/www.om6.com\/fr\/wp-json\/wp\/v2\/users\/5"}],"replies":[{"embeddable":true,"href":"https:\/\/www.om6.com\/fr\/wp-json\/wp\/v2\/comments?post=554"}],"version-history":[{"count":6,"href":"https:\/\/www.om6.com\/fr\/wp-json\/wp\/v2\/pages\/554\/revisions"}],"predecessor-version":[{"id":2876,"href":"https:\/\/www.om6.com\/fr\/wp-json\/wp\/v2\/pages\/554\/revisions\/2876"}],"wp:attachment":[{"href":"https:\/\/www.om6.com\/fr\/wp-json\/wp\/v2\/media?parent=554"}],"curies":[{"name":"wp","href":"https:\/\/api.w.org\/{rel}","templated":true}]}}