{"id":453,"date":"2021-01-12T20:17:15","date_gmt":"2021-01-12T20:17:15","guid":{"rendered":"https:\/\/www.om6.com\/?page_id=453"},"modified":"2025-02-06T01:06:51","modified_gmt":"2025-02-06T01:06:51","slug":"cables-pour-noeuds-optiques","status":"publish","type":"page","link":"https:\/\/www.om6.com\/fr\/produits\/cables-pour-noeuds-optiques\/","title":{"rendered":"C\u00e2bles pour n\u0153uds optiques"},"content":{"rendered":"\t\t<div data-elementor-type=\"wp-page\" data-elementor-id=\"453\" class=\"elementor elementor-453\" data-elementor-post-type=\"page\">\n\t\t\t\t<div class=\"elementor-element elementor-element-c32c1c9 e-flex e-con-boxed e-con e-parent\" data-id=\"c32c1c9\" data-element_type=\"container\" data-settings=\"{&quot;background_background&quot;:&quot;classic&quot;}\">\n\t\t\t\t\t<div class=\"e-con-inner\">\n\t\t\t\t<div class=\"elementor-element elementor-element-a1f568b elementor-widget__width-inherit elementor-widget elementor-widget-heading\" data-id=\"a1f568b\" data-element_type=\"widget\" data-widget_type=\"heading.default\">\n\t\t\t\t<div class=\"elementor-widget-container\">\n\t\t\t\t\t<h1 class=\"elementor-heading-title elementor-size-default\">C\u00e2bles pour n\u0153uds optiques\n<\/h1>\t\t\t\t<\/div>\n\t\t\t\t<\/div>\n\t\t\t\t<div class=\"elementor-element elementor-element-b73149a elementor-align-center elementor-widget__width-inherit elementor-widget elementor-widget-button\" data-id=\"b73149a\" data-element_type=\"widget\" data-widget_type=\"button.default\">\n\t\t\t\t<div class=\"elementor-widget-container\">\n\t\t\t\t\t\t\t\t\t<div class=\"elementor-button-wrapper\">\n\t\t\t\t\t<a class=\"elementor-button elementor-button-link elementor-size-md\" href=\"#le-produit\">\n\t\t\t\t\t\t<span class=\"elementor-button-content-wrapper\">\n\t\t\t\t\t\t\t\t\t<span class=\"elementor-button-text\">VOIR LES SP\u00c9CIFICATIONS <\/span>\n\t\t\t\t\t<\/span>\n\t\t\t\t\t<\/a>\n\t\t\t\t<\/div>\n\t\t\t\t\t\t\t\t<\/div>\n\t\t\t\t<\/div>\n\t\t\t\t\t<\/div>\n\t\t\t\t<\/div>\n\t\t<div class=\"elementor-element elementor-element-3c22d0d e-flex e-con-boxed e-con e-parent\" data-id=\"3c22d0d\" data-element_type=\"container\">\n\t\t\t\t\t<div class=\"e-con-inner\">\n\t\t\t\t<div class=\"elementor-element elementor-element-c88b462 elementor-widget elementor-widget-menu-anchor\" data-id=\"c88b462\" data-element_type=\"widget\" data-widget_type=\"menu-anchor.default\">\n\t\t\t\t<div class=\"elementor-widget-container\">\n\t\t\t\t\t\t\t<div class=\"elementor-menu-anchor\" id=\"le-produit\"><\/div>\n\t\t\t\t\t\t<\/div>\n\t\t\t\t<\/div>\n\t\t\t\t\t<\/div>\n\t\t\t\t<\/div>\n\t\t<div class=\"elementor-element elementor-element-ff1b3d8 e-flex e-con-boxed e-con e-parent\" data-id=\"ff1b3d8\" data-element_type=\"container\" data-settings=\"{&quot;background_background&quot;:&quot;classic&quot;}\">\n\t\t\t\t\t<div class=\"e-con-inner\">\n\t\t<div class=\"elementor-element elementor-element-6f1922c e-con-full e-flex e-con e-child\" data-id=\"6f1922c\" data-element_type=\"container\">\n\t\t\t\t<div class=\"elementor-element elementor-element-3e4ad95 elementor-widget elementor-widget-heading\" data-id=\"3e4ad95\" data-element_type=\"widget\" data-widget_type=\"heading.default\">\n\t\t\t\t<div class=\"elementor-widget-container\">\n\t\t\t\t\t<h2 class=\"elementor-heading-title elementor-size-default\">C\u00e2bles pour n\u0153uds optiques\n<\/h2>\t\t\t\t<\/div>\n\t\t\t\t<\/div>\n\t\t\t\t<\/div>\n\t\t<div class=\"elementor-element elementor-element-7a97385 e-con-full e-flex e-con e-child\" data-id=\"7a97385\" data-element_type=\"container\">\n\t\t\t\t<div class=\"elementor-element elementor-element-a70b9fc elementor-widget__width-auto elementor-widget elementor-widget-button\" data-id=\"a70b9fc\" data-element_type=\"widget\" data-widget_type=\"button.default\">\n\t\t\t\t<div class=\"elementor-widget-container\">\n\t\t\t\t\t\t\t\t\t<div class=\"elementor-button-wrapper\">\n\t\t\t\t\t<a class=\"elementor-button elementor-button-link elementor-size-md\" href=\"https:\/\/www.om6.com\/wp-content\/uploads\/2021\/01\/cables-pour-noeuds-optiques.pdf\" target=\"_blank\">\n\t\t\t\t\t\t<span class=\"elementor-button-content-wrapper\">\n\t\t\t\t\t\t\t\t\t<span class=\"elementor-button-text\">T\u00e9l\u00e9chargez la fiche produit<\/span>\n\t\t\t\t\t<\/span>\n\t\t\t\t\t<\/a>\n\t\t\t\t<\/div>\n\t\t\t\t\t\t\t\t<\/div>\n\t\t\t\t<\/div>\n\t\t\t\t<div class=\"elementor-element elementor-element-800250b elementor-widget__width-auto elementor-widget elementor-widget-button\" data-id=\"800250b\" data-element_type=\"widget\" data-widget_type=\"button.default\">\n\t\t\t\t<div class=\"elementor-widget-container\">\n\t\t\t\t\t\t\t\t\t<div class=\"elementor-button-wrapper\">\n\t\t\t\t\t<a class=\"elementor-button elementor-button-link elementor-size-md\" href=\"#commander\">\n\t\t\t\t\t\t<span class=\"elementor-button-content-wrapper\">\n\t\t\t\t\t\t\t\t\t<span class=\"elementor-button-text\">Comment commander<\/span>\n\t\t\t\t\t<\/span>\n\t\t\t\t\t<\/a>\n\t\t\t\t<\/div>\n\t\t\t\t\t\t\t\t<\/div>\n\t\t\t\t<\/div>\n\t\t\t\t<\/div>\n\t\t\t\t\t<\/div>\n\t\t\t\t<\/div>\n\t\t<div class=\"elementor-element elementor-element-139512c e-flex e-con-boxed e-con e-parent\" data-id=\"139512c\" data-element_type=\"container\" data-settings=\"{&quot;background_background&quot;:&quot;classic&quot;}\">\n\t\t\t\t\t<div class=\"e-con-inner\">\n\t\t\t\t<div class=\"elementor-element elementor-element-f3aec22 elementor-widget__width-inherit elementor-widget-tablet__width-inherit elementor-widget elementor-widget-text-editor\" data-id=\"f3aec22\" data-element_type=\"widget\" data-widget_type=\"text-editor.default\">\n\t\t\t\t<div class=\"elementor-widget-container\">\n\t\t\t\t\t\t\t\t\t<p><strong>Sp\u00e9cifications<\/strong><\/p><div class=\"wpb_row vc_row vc_row-fluid mk-fullwidth-false attched-false vc_custom_1593802342392 js-master-row \"><div class=\"vc_col-sm-12 wpb_column column_container _ height-full\"><div id=\"text-block-6\" class=\"mk-text-block \"><ul><li>Haute r\u00e9sistance aux conditions climatiques.<\/li><li>Disponibles avec la plupart des connecteurs, incluant MTP.<\/li><li>Longueurs de c\u00e2ble et de transition sur mesure.<\/li><li>\u00c9tanche et robuste, notre connecteur 5\/8\u2033 \u2013 24 UNEF \u00ab\u00a0<i>feed thru<\/i>\u00a0\u00bb pr\u00e9vient la rotation du c\u00e2ble durant l\u2019installation.<\/li><li>Nos tubes de polyur\u00e9thane, de PVC ou de Hytrel ainsi que nos manchons de caoutchouc resteront flexibles \u00e0 basse temp\u00e9rature.<\/li><\/ul><p><b>Disponibles en version 90\u00a0\u00b0\u00a0:<\/b><\/p><p>Le c\u00e2ble pour n\u0153ud optique de 90\u00a0\u00b0 est con\u00e7u pour les espaces restreints.<\/p><ul><li>Jusqu\u2019\u00e0 24 fibres, disponible en gaine (900\u00a0\u00b5m) et 2\u00a0mm<\/li><li>2700N\/800N, installation et tension d\u2019op\u00e9ration du c\u00e2ble<\/li><li>C\u00e2ble armur\u00e9 ou di\u00e9lectrique disponible<\/li><li>Couleur et longueurs de transition sur mesure<\/li><\/ul><div class=\"clearboth\">\u00a0<\/div><\/div><\/div><\/div><div class=\"wpb_row vc_row vc_row-fluid mk-fullwidth-false attched-false vc_custom_1594041310049 js-master-row \"><div class=\"vc_col-sm-12 wpb_column column_container _ height-full\"><h4 id=\"fancy-title-7\" class=\"mk-fancy-title simple-style color-single\">Caract\u00e9ristiques techniques<\/h4><\/div><\/div>\t\t\t\t\t\t\t\t<\/div>\n\t\t\t\t<\/div>\n\t\t\t\t<div class=\"elementor-element elementor-element-5a2c86e elementor-widget elementor-widget-image\" data-id=\"5a2c86e\" data-element_type=\"widget\" data-widget_type=\"image.default\">\n\t\t\t\t<div class=\"elementor-widget-container\">\n\t\t\t\t\t\t\t\t\t\t\t\t\t\t\t<img fetchpriority=\"high\" decoding=\"async\" width=\"1224\" height=\"382\" src=\"https:\/\/www.om6.com\/wp-content\/uploads\/2021\/02\/t007_cables-pour-noeuds-optiques.jpg\" class=\"attachment-full size-full wp-image-790\" alt=\"\" srcset=\"https:\/\/www.om6.com\/wp-content\/uploads\/2021\/02\/t007_cables-pour-noeuds-optiques.jpg 1224w, https:\/\/www.om6.com\/wp-content\/uploads\/2021\/02\/t007_cables-pour-noeuds-optiques-300x94.jpg 300w, https:\/\/www.om6.com\/wp-content\/uploads\/2021\/02\/t007_cables-pour-noeuds-optiques-1024x320.jpg 1024w, https:\/\/www.om6.com\/wp-content\/uploads\/2021\/02\/t007_cables-pour-noeuds-optiques-768x240.jpg 768w\" sizes=\"(max-width: 1224px) 100vw, 1224px\" \/>\t\t\t\t\t\t\t\t\t\t\t\t\t\t\t<\/div>\n\t\t\t\t<\/div>\n\t\t\t\t<div class=\"elementor-element elementor-element-2ed1935 elementor-widget elementor-widget-text-editor\" data-id=\"2ed1935\" data-element_type=\"widget\" data-widget_type=\"text-editor.default\">\n\t\t\t\t<div class=\"elementor-widget-container\">\n\t\t\t\t\t\t\t\t\t<div id=\"text-block-10\" class=\"mk-text-block \"><p>La s\u00e9rie + inclut la qualification g\u00e9om\u00e9trique.<\/p><ul><li>Tous les connecteurs sont inspect\u00e9s.<\/li><li>Tous les connecteurs sont mis \u00e0 l\u2019essai \u00e0 850 nm (MM) et 1550 nm (SM), donn\u00e9es fournies.<\/li><li>Les produits sont con\u00e7us pour \u00e9galer ou exc\u00e9der les normes TELCORDIA, GR-326-CORE.<\/li><li>Les c\u00e2bles respectent ou d\u00e9passent les exigences de TELCORDIA GR-20.<\/li><\/ul><\/div>\t\t\t\t\t\t\t\t<\/div>\n\t\t\t\t<\/div>\n\t\t\t\t\t<\/div>\n\t\t\t\t<\/div>\n\t\t<div class=\"elementor-element elementor-element-f761da9 e-flex e-con-boxed e-con e-parent\" data-id=\"f761da9\" data-element_type=\"container\" data-settings=\"{&quot;background_background&quot;:&quot;classic&quot;}\">\n\t\t\t\t\t<div class=\"e-con-inner\">\n\t\t\t\t<div class=\"elementor-element elementor-element-132a78e elementor-widget elementor-widget-heading\" data-id=\"132a78e\" data-element_type=\"widget\" data-widget_type=\"heading.default\">\n\t\t\t\t<div class=\"elementor-widget-container\">\n\t\t\t\t\t<h2 class=\"elementor-heading-title elementor-size-default\">Vous avez des questions ou d\u00e9sirez effectuer une commande ?\n<\/h2>\t\t\t\t<\/div>\n\t\t\t\t<\/div>\n\t\t\t\t<div class=\"elementor-element elementor-element-a33a8e8 elementor-align-center elementor-widget elementor-widget-button\" data-id=\"a33a8e8\" data-element_type=\"widget\" data-widget_type=\"button.default\">\n\t\t\t\t<div class=\"elementor-widget-container\">\n\t\t\t\t\t\t\t\t\t<div class=\"elementor-button-wrapper\">\n\t\t\t\t\t<a class=\"elementor-button elementor-button-link elementor-size-md\" href=\"https:\/\/www.om6.com\/fr\/contact\/\">\n\t\t\t\t\t\t<span class=\"elementor-button-content-wrapper\">\n\t\t\t\t\t\t\t\t\t<span class=\"elementor-button-text\">CONTACTEZ-NOUS !<\/span>\n\t\t\t\t\t<\/span>\n\t\t\t\t\t<\/a>\n\t\t\t\t<\/div>\n\t\t\t\t\t\t\t\t<\/div>\n\t\t\t\t<\/div>\n\t\t\t\t<div class=\"elementor-element elementor-element-d3800ac elementor-widget elementor-widget-menu-anchor\" data-id=\"d3800ac\" data-element_type=\"widget\" data-widget_type=\"menu-anchor.default\">\n\t\t\t\t<div class=\"elementor-widget-container\">\n\t\t\t\t\t\t\t<div class=\"elementor-menu-anchor\" id=\"commander\"><\/div>\n\t\t\t\t\t\t<\/div>\n\t\t\t\t<\/div>\n\t\t\t\t\t<\/div>\n\t\t\t\t<\/div>\n\t\t<div class=\"elementor-element elementor-element-1aa9864 e-flex e-con-boxed e-con e-parent\" data-id=\"1aa9864\" data-element_type=\"container\" data-settings=\"{&quot;background_background&quot;:&quot;classic&quot;}\">\n\t\t\t\t\t<div class=\"e-con-inner\">\n\t\t\t\t<div class=\"elementor-element elementor-element-9f3c9ed elementor-widget elementor-widget-text-editor\" data-id=\"9f3c9ed\" data-element_type=\"widget\" data-widget_type=\"text-editor.default\">\n\t\t\t\t<div class=\"elementor-widget-container\">\n\t\t\t\t\t\t\t\t\t<p>Tous les produits command\u00e9s chez O-m6 peuvent \u00eatre adapt\u00e9s pour convenir \u00e0 vos exigences.<\/p><p>Vous avez des questions?\u00a0|\u00a0<b>Communiquez avec nous\u00a0<\/b>au\u00a0<b><a href=\"tel:450 979-2275\">450 979-2275<\/a><\/b>\u00a0|\u00a0<a href=\"mailto:sales@om6.com\"><b>inf@om6.com<\/b><\/a><\/p>\t\t\t\t\t\t\t\t<\/div>\n\t\t\t\t<\/div>\n\t\t\t\t\t<\/div>\n\t\t\t\t<\/div>\n\t\t\t\t<\/div>\n\t\t","protected":false},"excerpt":{"rendered":"<p>C\u00e2bles pour n\u0153uds optiques VOIR LES SP\u00c9CIFICATIONS C\u00e2bles pour n\u0153uds optiques T\u00e9l\u00e9chargez la fiche produit Comment commander Sp\u00e9cifications Haute r\u00e9sistance aux conditions climatiques. Disponibles avec la plupart des connecteurs, incluant MTP. Longueurs de c\u00e2ble et de transition sur mesure. \u00c9tanche et robuste, notre connecteur 5\/8\u2033 \u2013 24 UNEF \u00ab\u00a0feed thru\u00a0\u00bb pr\u00e9vient la rotation du c\u00e2ble [&hellip;]<\/p>\n","protected":false},"author":5,"featured_media":742,"parent":188,"menu_order":0,"comment_status":"closed","ping_status":"closed","template":"","meta":{"footnotes":""},"class_list":["post-453","page","type-page","status-publish","has-post-thumbnail","hentry"],"acf":[],"yoast_head":"<!-- This site is optimized with the Yoast SEO plugin v26.7 - https:\/\/yoast.com\/wordpress\/plugins\/seo\/ -->\n<title>C\u00e2bles pour n\u0153uds optiques | O-m6 Technologies<\/title>\n<meta name=\"description\" content=\"Ces c\u00e2bles sont destin\u00e9s aux raccordements de n\u0153uds optiques utilis\u00e9s en c\u00e2blodistribution.\" \/>\n<meta name=\"robots\" content=\"index, follow, max-snippet:-1, max-image-preview:large, max-video-preview:-1\" \/>\n<link rel=\"canonical\" href=\"https:\/\/www.om6.com\/fr\/produits\/cables-pour-noeuds-optiques\/\" \/>\n<meta property=\"og:locale\" content=\"fr_FR\" \/>\n<meta property=\"og:type\" content=\"article\" \/>\n<meta property=\"og:title\" content=\"C\u00e2bles pour n\u0153uds optiques | O-m6 Technologies\" \/>\n<meta property=\"og:description\" content=\"Ces c\u00e2bles sont destin\u00e9s aux raccordements de n\u0153uds optiques utilis\u00e9s en c\u00e2blodistribution.\" \/>\n<meta property=\"og:url\" content=\"https:\/\/www.om6.com\/fr\/produits\/cables-pour-noeuds-optiques\/\" \/>\n<meta property=\"og:site_name\" content=\"O-m6 Technologies\" \/>\n<meta property=\"article:modified_time\" content=\"2025-02-06T01:06:51+00:00\" \/>\n<meta property=\"og:image\" content=\"http:\/\/om6.com\/wp-content\/uploads\/2021\/01\/o-m6-technologies-produits-cables-pour-noeuds-optiques-2.jpg\" \/>\n\t<meta property=\"og:image:width\" content=\"1240\" \/>\n\t<meta property=\"og:image:height\" content=\"600\" \/>\n\t<meta property=\"og:image:type\" content=\"image\/jpeg\" \/>\n<meta name=\"twitter:label1\" content=\"Dur\u00e9e de lecture estim\u00e9e\" \/>\n\t<meta name=\"twitter:data1\" content=\"2 minutes\" \/>\n<script type=\"application\/ld+json\" class=\"yoast-schema-graph\">{\"@context\":\"https:\/\/schema.org\",\"@graph\":[{\"@type\":\"WebPage\",\"@id\":\"https:\/\/www.om6.com\/fr\/produits\/cables-pour-noeuds-optiques\/\",\"url\":\"https:\/\/www.om6.com\/fr\/produits\/cables-pour-noeuds-optiques\/\",\"name\":\"C\u00e2bles pour n\u0153uds optiques | O-m6 Technologies\",\"isPartOf\":{\"@id\":\"http:\/\/om6.com\/#website\"},\"primaryImageOfPage\":{\"@id\":\"https:\/\/www.om6.com\/fr\/produits\/cables-pour-noeuds-optiques\/#primaryimage\"},\"image\":{\"@id\":\"https:\/\/www.om6.com\/fr\/produits\/cables-pour-noeuds-optiques\/#primaryimage\"},\"thumbnailUrl\":\"https:\/\/www.om6.com\/wp-content\/uploads\/2021\/01\/o-m6-technologies-produits-cables-pour-noeuds-optiques-2.jpg\",\"datePublished\":\"2021-01-12T20:17:15+00:00\",\"dateModified\":\"2025-02-06T01:06:51+00:00\",\"description\":\"Ces c\u00e2bles sont destin\u00e9s aux raccordements de n\u0153uds optiques utilis\u00e9s en c\u00e2blodistribution.\",\"breadcrumb\":{\"@id\":\"https:\/\/www.om6.com\/fr\/produits\/cables-pour-noeuds-optiques\/#breadcrumb\"},\"inLanguage\":\"fr-FR\",\"potentialAction\":[{\"@type\":\"ReadAction\",\"target\":[\"https:\/\/www.om6.com\/fr\/produits\/cables-pour-noeuds-optiques\/\"]}]},{\"@type\":\"ImageObject\",\"inLanguage\":\"fr-FR\",\"@id\":\"https:\/\/www.om6.com\/fr\/produits\/cables-pour-noeuds-optiques\/#primaryimage\",\"url\":\"https:\/\/www.om6.com\/wp-content\/uploads\/2021\/01\/o-m6-technologies-produits-cables-pour-noeuds-optiques-2.jpg\",\"contentUrl\":\"https:\/\/www.om6.com\/wp-content\/uploads\/2021\/01\/o-m6-technologies-produits-cables-pour-noeuds-optiques-2.jpg\",\"width\":1240,\"height\":600},{\"@type\":\"BreadcrumbList\",\"@id\":\"https:\/\/www.om6.com\/fr\/produits\/cables-pour-noeuds-optiques\/#breadcrumb\",\"itemListElement\":[{\"@type\":\"ListItem\",\"position\":1,\"name\":\"Accueil\",\"item\":\"https:\/\/www.om6.com\/fr\/\"},{\"@type\":\"ListItem\",\"position\":2,\"name\":\"Nos produits\",\"item\":\"http:\/\/om6.com\/fr\/produits\/\"},{\"@type\":\"ListItem\",\"position\":3,\"name\":\"C\u00e2bles pour n\u0153uds optiques\"}]},{\"@type\":\"WebSite\",\"@id\":\"http:\/\/om6.com\/#website\",\"url\":\"http:\/\/om6.com\/\",\"name\":\"O-m6 Technologies\",\"description\":\"O-m6 Technologies\",\"potentialAction\":[{\"@type\":\"SearchAction\",\"target\":{\"@type\":\"EntryPoint\",\"urlTemplate\":\"http:\/\/om6.com\/?s={search_term_string}\"},\"query-input\":{\"@type\":\"PropertyValueSpecification\",\"valueRequired\":true,\"valueName\":\"search_term_string\"}}],\"inLanguage\":\"fr-FR\"}]}<\/script>\n<!-- \/ Yoast SEO plugin. -->","yoast_head_json":{"title":"C\u00e2bles pour n\u0153uds optiques | O-m6 Technologies","description":"Ces c\u00e2bles sont destin\u00e9s aux raccordements de n\u0153uds optiques utilis\u00e9s en c\u00e2blodistribution.","robots":{"index":"index","follow":"follow","max-snippet":"max-snippet:-1","max-image-preview":"max-image-preview:large","max-video-preview":"max-video-preview:-1"},"canonical":"https:\/\/www.om6.com\/fr\/produits\/cables-pour-noeuds-optiques\/","og_locale":"fr_FR","og_type":"article","og_title":"C\u00e2bles pour n\u0153uds optiques | O-m6 Technologies","og_description":"Ces c\u00e2bles sont destin\u00e9s aux raccordements de n\u0153uds optiques utilis\u00e9s en c\u00e2blodistribution.","og_url":"https:\/\/www.om6.com\/fr\/produits\/cables-pour-noeuds-optiques\/","og_site_name":"O-m6 Technologies","article_modified_time":"2025-02-06T01:06:51+00:00","og_image":[{"width":1240,"height":600,"url":"http:\/\/om6.com\/wp-content\/uploads\/2021\/01\/o-m6-technologies-produits-cables-pour-noeuds-optiques-2.jpg","type":"image\/jpeg"}],"twitter_misc":{"Dur\u00e9e de lecture estim\u00e9e":"2 minutes"},"schema":{"@context":"https:\/\/schema.org","@graph":[{"@type":"WebPage","@id":"https:\/\/www.om6.com\/fr\/produits\/cables-pour-noeuds-optiques\/","url":"https:\/\/www.om6.com\/fr\/produits\/cables-pour-noeuds-optiques\/","name":"C\u00e2bles pour n\u0153uds optiques | O-m6 Technologies","isPartOf":{"@id":"http:\/\/om6.com\/#website"},"primaryImageOfPage":{"@id":"https:\/\/www.om6.com\/fr\/produits\/cables-pour-noeuds-optiques\/#primaryimage"},"image":{"@id":"https:\/\/www.om6.com\/fr\/produits\/cables-pour-noeuds-optiques\/#primaryimage"},"thumbnailUrl":"https:\/\/www.om6.com\/wp-content\/uploads\/2021\/01\/o-m6-technologies-produits-cables-pour-noeuds-optiques-2.jpg","datePublished":"2021-01-12T20:17:15+00:00","dateModified":"2025-02-06T01:06:51+00:00","description":"Ces c\u00e2bles sont destin\u00e9s aux raccordements de n\u0153uds optiques utilis\u00e9s en c\u00e2blodistribution.","breadcrumb":{"@id":"https:\/\/www.om6.com\/fr\/produits\/cables-pour-noeuds-optiques\/#breadcrumb"},"inLanguage":"fr-FR","potentialAction":[{"@type":"ReadAction","target":["https:\/\/www.om6.com\/fr\/produits\/cables-pour-noeuds-optiques\/"]}]},{"@type":"ImageObject","inLanguage":"fr-FR","@id":"https:\/\/www.om6.com\/fr\/produits\/cables-pour-noeuds-optiques\/#primaryimage","url":"https:\/\/www.om6.com\/wp-content\/uploads\/2021\/01\/o-m6-technologies-produits-cables-pour-noeuds-optiques-2.jpg","contentUrl":"https:\/\/www.om6.com\/wp-content\/uploads\/2021\/01\/o-m6-technologies-produits-cables-pour-noeuds-optiques-2.jpg","width":1240,"height":600},{"@type":"BreadcrumbList","@id":"https:\/\/www.om6.com\/fr\/produits\/cables-pour-noeuds-optiques\/#breadcrumb","itemListElement":[{"@type":"ListItem","position":1,"name":"Accueil","item":"https:\/\/www.om6.com\/fr\/"},{"@type":"ListItem","position":2,"name":"Nos produits","item":"http:\/\/om6.com\/fr\/produits\/"},{"@type":"ListItem","position":3,"name":"C\u00e2bles pour n\u0153uds optiques"}]},{"@type":"WebSite","@id":"http:\/\/om6.com\/#website","url":"http:\/\/om6.com\/","name":"O-m6 Technologies","description":"O-m6 Technologies","potentialAction":[{"@type":"SearchAction","target":{"@type":"EntryPoint","urlTemplate":"http:\/\/om6.com\/?s={search_term_string}"},"query-input":{"@type":"PropertyValueSpecification","valueRequired":true,"valueName":"search_term_string"}}],"inLanguage":"fr-FR"}]}},"_links":{"self":[{"href":"https:\/\/www.om6.com\/fr\/wp-json\/wp\/v2\/pages\/453","targetHints":{"allow":["GET"]}}],"collection":[{"href":"https:\/\/www.om6.com\/fr\/wp-json\/wp\/v2\/pages"}],"about":[{"href":"https:\/\/www.om6.com\/fr\/wp-json\/wp\/v2\/types\/page"}],"author":[{"embeddable":true,"href":"https:\/\/www.om6.com\/fr\/wp-json\/wp\/v2\/users\/5"}],"replies":[{"embeddable":true,"href":"https:\/\/www.om6.com\/fr\/wp-json\/wp\/v2\/comments?post=453"}],"version-history":[{"count":10,"href":"https:\/\/www.om6.com\/fr\/wp-json\/wp\/v2\/pages\/453\/revisions"}],"predecessor-version":[{"id":3286,"href":"https:\/\/www.om6.com\/fr\/wp-json\/wp\/v2\/pages\/453\/revisions\/3286"}],"up":[{"embeddable":true,"href":"https:\/\/www.om6.com\/fr\/wp-json\/wp\/v2\/pages\/188"}],"wp:featuredmedia":[{"embeddable":true,"href":"https:\/\/www.om6.com\/fr\/wp-json\/wp\/v2\/media\/742"}],"wp:attachment":[{"href":"https:\/\/www.om6.com\/fr\/wp-json\/wp\/v2\/media?parent=453"}],"curies":[{"name":"wp","href":"https:\/\/api.w.org\/{rel}","templated":true}]}}