{"id":430,"date":"2021-01-12T18:52:01","date_gmt":"2021-01-12T18:52:01","guid":{"rendered":"https:\/\/www.om6.com\/?page_id=430"},"modified":"2025-02-05T21:02:45","modified_gmt":"2025-02-05T21:02:45","slug":"bobine-de-fibre","status":"publish","type":"page","link":"https:\/\/www.om6.com\/fr\/produits\/bobine-de-fibre\/","title":{"rendered":"Bobine de fibre"},"content":{"rendered":"\t\t<div data-elementor-type=\"wp-page\" data-elementor-id=\"430\" class=\"elementor elementor-430\" data-elementor-post-type=\"page\">\n\t\t\t\t<div class=\"elementor-element elementor-element-c7301d5 e-flex e-con-boxed e-con e-parent\" data-id=\"c7301d5\" data-element_type=\"container\" data-settings=\"{&quot;background_background&quot;:&quot;classic&quot;}\">\n\t\t\t\t\t<div class=\"e-con-inner\">\n\t\t\t\t<div class=\"elementor-element elementor-element-f85f37d elementor-widget__width-inherit elementor-widget elementor-widget-heading\" data-id=\"f85f37d\" data-element_type=\"widget\" data-widget_type=\"heading.default\">\n\t\t\t\t<div class=\"elementor-widget-container\">\n\t\t\t\t\t<h1 class=\"elementor-heading-title elementor-size-default\">Blocs d\u2019alignement Si-V (Arrays)  <\/h1>\t\t\t\t<\/div>\n\t\t\t\t<\/div>\n\t\t\t\t<div class=\"elementor-element elementor-element-3524941 elementor-align-center elementor-widget__width-inherit elementor-widget elementor-widget-button\" data-id=\"3524941\" data-element_type=\"widget\" data-widget_type=\"button.default\">\n\t\t\t\t<div class=\"elementor-widget-container\">\n\t\t\t\t\t\t\t\t\t<div class=\"elementor-button-wrapper\">\n\t\t\t\t\t<a class=\"elementor-button elementor-button-link elementor-size-md\" href=\"#le-produit\">\n\t\t\t\t\t\t<span class=\"elementor-button-content-wrapper\">\n\t\t\t\t\t\t\t\t\t<span class=\"elementor-button-text\">VOIR LES SP\u00c9CIFICATIONS <\/span>\n\t\t\t\t\t<\/span>\n\t\t\t\t\t<\/a>\n\t\t\t\t<\/div>\n\t\t\t\t\t\t\t\t<\/div>\n\t\t\t\t<\/div>\n\t\t\t\t\t<\/div>\n\t\t\t\t<\/div>\n\t\t<div class=\"elementor-element elementor-element-e3c3dc9 e-flex e-con-boxed e-con e-parent\" data-id=\"e3c3dc9\" data-element_type=\"container\">\n\t\t\t\t\t<div class=\"e-con-inner\">\n\t\t\t\t<div class=\"elementor-element elementor-element-83c812a elementor-widget elementor-widget-menu-anchor\" data-id=\"83c812a\" data-element_type=\"widget\" data-widget_type=\"menu-anchor.default\">\n\t\t\t\t<div class=\"elementor-widget-container\">\n\t\t\t\t\t\t\t<div class=\"elementor-menu-anchor\" id=\"le-produit\"><\/div>\n\t\t\t\t\t\t<\/div>\n\t\t\t\t<\/div>\n\t\t\t\t\t<\/div>\n\t\t\t\t<\/div>\n\t\t<div class=\"elementor-element elementor-element-f10a74b e-flex e-con-boxed e-con e-parent\" data-id=\"f10a74b\" data-element_type=\"container\" data-settings=\"{&quot;background_background&quot;:&quot;classic&quot;}\">\n\t\t\t\t\t<div class=\"e-con-inner\">\n\t\t<div class=\"elementor-element elementor-element-6845fcd e-con-full e-flex e-con e-child\" data-id=\"6845fcd\" data-element_type=\"container\">\n\t\t\t\t<div class=\"elementor-element elementor-element-c3cbe4b elementor-widget elementor-widget-heading\" data-id=\"c3cbe4b\" data-element_type=\"widget\" data-widget_type=\"heading.default\">\n\t\t\t\t<div class=\"elementor-widget-container\">\n\t\t\t\t\t<h2 class=\"elementor-heading-title elementor-size-default\">Bobine de fibre<\/h2>\t\t\t\t<\/div>\n\t\t\t\t<\/div>\n\t\t\t\t<\/div>\n\t\t<div class=\"elementor-element elementor-element-6890ff8 e-con-full e-flex e-con e-child\" data-id=\"6890ff8\" data-element_type=\"container\">\n\t\t\t\t<div class=\"elementor-element elementor-element-be25622 elementor-widget__width-auto elementor-widget elementor-widget-button\" data-id=\"be25622\" data-element_type=\"widget\" data-widget_type=\"button.default\">\n\t\t\t\t<div class=\"elementor-widget-container\">\n\t\t\t\t\t\t\t\t\t<div class=\"elementor-button-wrapper\">\n\t\t\t\t\t<a class=\"elementor-button elementor-button-link elementor-size-md\" href=\"https:\/\/www.om6.com\/wp-content\/uploads\/2021\/01\/bobine-de-fibre-et-simulateur-de-reseau.pdf\" target=\"_blank\">\n\t\t\t\t\t\t<span class=\"elementor-button-content-wrapper\">\n\t\t\t\t\t\t\t\t\t<span class=\"elementor-button-text\">T\u00e9l\u00e9chargez la fiche produit<\/span>\n\t\t\t\t\t<\/span>\n\t\t\t\t\t<\/a>\n\t\t\t\t<\/div>\n\t\t\t\t\t\t\t\t<\/div>\n\t\t\t\t<\/div>\n\t\t\t\t<div class=\"elementor-element elementor-element-f219f24 elementor-widget__width-auto elementor-widget elementor-widget-button\" data-id=\"f219f24\" data-element_type=\"widget\" data-widget_type=\"button.default\">\n\t\t\t\t<div class=\"elementor-widget-container\">\n\t\t\t\t\t\t\t\t\t<div class=\"elementor-button-wrapper\">\n\t\t\t\t\t<a class=\"elementor-button elementor-button-link elementor-size-md\" href=\"#commander\">\n\t\t\t\t\t\t<span class=\"elementor-button-content-wrapper\">\n\t\t\t\t\t\t\t\t\t<span class=\"elementor-button-text\">Comment commander<\/span>\n\t\t\t\t\t<\/span>\n\t\t\t\t\t<\/a>\n\t\t\t\t<\/div>\n\t\t\t\t\t\t\t\t<\/div>\n\t\t\t\t<\/div>\n\t\t\t\t<\/div>\n\t\t\t\t\t<\/div>\n\t\t\t\t<\/div>\n\t\t<div class=\"elementor-element elementor-element-2fcd178 e-flex e-con-boxed e-con e-parent\" data-id=\"2fcd178\" data-element_type=\"container\" data-settings=\"{&quot;background_background&quot;:&quot;classic&quot;}\">\n\t\t\t\t\t<div class=\"e-con-inner\">\n\t\t\t\t<div class=\"elementor-element elementor-element-bcf0457 elementor-widget__width-inherit elementor-widget-tablet__width-inherit elementor-widget elementor-widget-text-editor\" data-id=\"bcf0457\" data-element_type=\"widget\" data-widget_type=\"text-editor.default\">\n\t\t\t\t<div class=\"elementor-widget-container\">\n\t\t\t\t\t\t\t\t\t<p><strong>Sp\u00e9cifications<\/strong><\/p><p>Couramment utilis\u00e9es en laboratoire d\u2019essai, les bobines de fibre se pr\u00e9sentent en 2 formats, simple ou double, pouvant contenir respectivement jusqu\u2019\u00e0 25 et 50 km.<\/p><h4 id=\"fancy-title-10\" class=\"mk-fancy-title  simple-style  color-single\">Caract\u00e9ristiques techniques<\/h4><div class=\"clearboth\">\u00a0<\/div><div class=\"mk-image mk-image-11  lightbox-enabled align-left simple-frame inside-image tableau_size\"><div class=\"mk-image-holder\">\u00a0<\/div><\/div>\t\t\t\t\t\t\t\t<\/div>\n\t\t\t\t<\/div>\n\t\t\t\t<div class=\"elementor-element elementor-element-7ce7d2a elementor-widget elementor-widget-image\" data-id=\"7ce7d2a\" data-element_type=\"widget\" data-widget_type=\"image.default\">\n\t\t\t\t<div class=\"elementor-widget-container\">\n\t\t\t\t\t\t\t\t\t\t\t\t\t\t\t<img fetchpriority=\"high\" decoding=\"async\" width=\"1727\" height=\"402\" src=\"https:\/\/www.om6.com\/wp-content\/uploads\/2021\/02\/t004-t-002_bobine-de-fibre-et-simulateur-de-reseau.jpg\" class=\"attachment-full size-full wp-image-784\" alt=\"\" srcset=\"https:\/\/www.om6.com\/wp-content\/uploads\/2021\/02\/t004-t-002_bobine-de-fibre-et-simulateur-de-reseau.jpg 1727w, https:\/\/www.om6.com\/wp-content\/uploads\/2021\/02\/t004-t-002_bobine-de-fibre-et-simulateur-de-reseau-300x70.jpg 300w, https:\/\/www.om6.com\/wp-content\/uploads\/2021\/02\/t004-t-002_bobine-de-fibre-et-simulateur-de-reseau-1024x238.jpg 1024w, https:\/\/www.om6.com\/wp-content\/uploads\/2021\/02\/t004-t-002_bobine-de-fibre-et-simulateur-de-reseau-768x179.jpg 768w\" sizes=\"(max-width: 1727px) 100vw, 1727px\" \/>\t\t\t\t\t\t\t\t\t\t\t\t\t\t\t<\/div>\n\t\t\t\t<\/div>\n\t\t\t\t\t<\/div>\n\t\t\t\t<\/div>\n\t\t<div class=\"elementor-element elementor-element-b33ae69 e-flex e-con-boxed e-con e-parent\" data-id=\"b33ae69\" data-element_type=\"container\" data-settings=\"{&quot;background_background&quot;:&quot;classic&quot;}\">\n\t\t\t\t\t<div class=\"e-con-inner\">\n\t\t\t\t<div class=\"elementor-element elementor-element-c7d437e elementor-widget elementor-widget-heading\" data-id=\"c7d437e\" data-element_type=\"widget\" data-widget_type=\"heading.default\">\n\t\t\t\t<div class=\"elementor-widget-container\">\n\t\t\t\t\t<h2 class=\"elementor-heading-title elementor-size-default\">Vous avez des questions ou d\u00e9sirez effectuer une commande ?\n<\/h2>\t\t\t\t<\/div>\n\t\t\t\t<\/div>\n\t\t\t\t<div class=\"elementor-element elementor-element-4e76507 elementor-align-center elementor-widget elementor-widget-button\" data-id=\"4e76507\" data-element_type=\"widget\" data-widget_type=\"button.default\">\n\t\t\t\t<div class=\"elementor-widget-container\">\n\t\t\t\t\t\t\t\t\t<div class=\"elementor-button-wrapper\">\n\t\t\t\t\t<a class=\"elementor-button elementor-button-link elementor-size-md\" href=\"https:\/\/www.om6.com\/fr\/contact\/\">\n\t\t\t\t\t\t<span class=\"elementor-button-content-wrapper\">\n\t\t\t\t\t\t\t\t\t<span class=\"elementor-button-text\">CONTACTEZ-NOUS !<\/span>\n\t\t\t\t\t<\/span>\n\t\t\t\t\t<\/a>\n\t\t\t\t<\/div>\n\t\t\t\t\t\t\t\t<\/div>\n\t\t\t\t<\/div>\n\t\t\t\t<div class=\"elementor-element elementor-element-40330b9 elementor-widget elementor-widget-menu-anchor\" data-id=\"40330b9\" data-element_type=\"widget\" data-widget_type=\"menu-anchor.default\">\n\t\t\t\t<div class=\"elementor-widget-container\">\n\t\t\t\t\t\t\t<div class=\"elementor-menu-anchor\" id=\"commander\"><\/div>\n\t\t\t\t\t\t<\/div>\n\t\t\t\t<\/div>\n\t\t\t\t\t<\/div>\n\t\t\t\t<\/div>\n\t\t<div class=\"elementor-element elementor-element-197fd15 e-flex e-con-boxed e-con e-parent\" data-id=\"197fd15\" data-element_type=\"container\" data-settings=\"{&quot;background_background&quot;:&quot;classic&quot;}\">\n\t\t\t\t\t<div class=\"e-con-inner\">\n\t\t\t\t<div class=\"elementor-element elementor-element-f3d9273 elementor-widget elementor-widget-text-editor\" data-id=\"f3d9273\" data-element_type=\"widget\" data-widget_type=\"text-editor.default\">\n\t\t\t\t<div class=\"elementor-widget-container\">\n\t\t\t\t\t\t\t\t\t<p>Tous les produits command\u00e9s chez O-m6 peuvent \u00eatre adapt\u00e9s pour convenir \u00e0 vos exigences.<\/p><p>Vous avez des questions?\u00a0|\u00a0<b>Communiquez avec nous\u00a0<\/b>au\u00a0<b><a href=\"tel:450 979-2275\">450 979-2275<\/a><\/b>\u00a0|\u00a0<a href=\"mailto:sales@om6.com\"><b>inf@om6.com<\/b><\/a><\/p>\t\t\t\t\t\t\t\t<\/div>\n\t\t\t\t<\/div>\n\t\t\t\t\t<\/div>\n\t\t\t\t<\/div>\n\t\t\t\t<\/div>\n\t\t","protected":false},"excerpt":{"rendered":"<p>Blocs d\u2019alignement Si-V (Arrays) VOIR LES SP\u00c9CIFICATIONS Bobine de fibre T\u00e9l\u00e9chargez la fiche produit Comment commander Sp\u00e9cifications Couramment utilis\u00e9es en laboratoire d\u2019essai, les bobines de fibre se pr\u00e9sentent en 2 formats, simple ou double, pouvant contenir respectivement jusqu\u2019\u00e0 25 et 50 km. Caract\u00e9ristiques techniques \u00a0\u00a0 Vous avez des questions ou d\u00e9sirez effectuer une commande ? [&hellip;]<\/p>\n","protected":false},"author":5,"featured_media":745,"parent":188,"menu_order":0,"comment_status":"closed","ping_status":"closed","template":"","meta":{"footnotes":""},"class_list":["post-430","page","type-page","status-publish","has-post-thumbnail","hentry"],"acf":[],"yoast_head":"<!-- This site is optimized with the Yoast SEO plugin v26.7 - https:\/\/yoast.com\/wordpress\/plugins\/seo\/ -->\n<title>Bobine de fibre | O-m6 Technologies<\/title>\n<meta name=\"description\" content=\"Couramment utilis\u00e9es en laboratoire d\u2019essai, les bobines de fibre se pr\u00e9sentent en 2 formats, simple ou double, pouvant contenir respectivement jusqu\u2019\u00e0 25 et 50 km. Les cordons aux extr\u00e9mit\u00e9s peuvent \u00eatre ajust\u00e9s selon vos exigences en termes de longueurs, de connecteurs et de gaines de protection.\" \/>\n<meta name=\"robots\" content=\"index, follow, max-snippet:-1, max-image-preview:large, max-video-preview:-1\" \/>\n<link rel=\"canonical\" href=\"https:\/\/www.om6.com\/fr\/produits\/bobine-de-fibre\/\" \/>\n<meta property=\"og:locale\" content=\"fr_FR\" \/>\n<meta property=\"og:type\" content=\"article\" \/>\n<meta property=\"og:title\" content=\"Bobine de fibre | O-m6 Technologies\" \/>\n<meta property=\"og:description\" content=\"Couramment utilis\u00e9es en laboratoire d\u2019essai, les bobines de fibre se pr\u00e9sentent en 2 formats, simple ou double, pouvant contenir respectivement jusqu\u2019\u00e0 25 et 50 km. Les cordons aux extr\u00e9mit\u00e9s peuvent \u00eatre ajust\u00e9s selon vos exigences en termes de longueurs, de connecteurs et de gaines de protection.\" \/>\n<meta property=\"og:url\" content=\"https:\/\/www.om6.com\/fr\/produits\/bobine-de-fibre\/\" \/>\n<meta property=\"og:site_name\" content=\"O-m6 Technologies\" \/>\n<meta property=\"article:modified_time\" content=\"2025-02-05T21:02:45+00:00\" \/>\n<meta property=\"og:image\" content=\"http:\/\/om6.com\/wp-content\/uploads\/2021\/01\/o-m6-technologies-produits-bobine-de-fibre-1-sm-2.jpg\" \/>\n\t<meta property=\"og:image:width\" content=\"1240\" \/>\n\t<meta property=\"og:image:height\" content=\"600\" \/>\n\t<meta property=\"og:image:type\" content=\"image\/jpeg\" \/>\n<meta name=\"twitter:label1\" content=\"Dur\u00e9e de lecture estim\u00e9e\" \/>\n\t<meta name=\"twitter:data1\" content=\"1 minute\" \/>\n<script type=\"application\/ld+json\" class=\"yoast-schema-graph\">{\"@context\":\"https:\/\/schema.org\",\"@graph\":[{\"@type\":\"WebPage\",\"@id\":\"https:\/\/www.om6.com\/fr\/produits\/bobine-de-fibre\/\",\"url\":\"https:\/\/www.om6.com\/fr\/produits\/bobine-de-fibre\/\",\"name\":\"Bobine de fibre | O-m6 Technologies\",\"isPartOf\":{\"@id\":\"http:\/\/om6.com\/#website\"},\"primaryImageOfPage\":{\"@id\":\"https:\/\/www.om6.com\/fr\/produits\/bobine-de-fibre\/#primaryimage\"},\"image\":{\"@id\":\"https:\/\/www.om6.com\/fr\/produits\/bobine-de-fibre\/#primaryimage\"},\"thumbnailUrl\":\"https:\/\/www.om6.com\/wp-content\/uploads\/2021\/01\/o-m6-technologies-produits-bobine-de-fibre-1-sm-2.jpg\",\"datePublished\":\"2021-01-12T18:52:01+00:00\",\"dateModified\":\"2025-02-05T21:02:45+00:00\",\"description\":\"Couramment utilis\u00e9es en laboratoire d\u2019essai, les bobines de fibre se pr\u00e9sentent en 2 formats, simple ou double, pouvant contenir respectivement jusqu\u2019\u00e0 25 et 50 km. Les cordons aux extr\u00e9mit\u00e9s peuvent \u00eatre ajust\u00e9s selon vos exigences en termes de longueurs, de connecteurs et de gaines de protection.\",\"breadcrumb\":{\"@id\":\"https:\/\/www.om6.com\/fr\/produits\/bobine-de-fibre\/#breadcrumb\"},\"inLanguage\":\"fr-FR\",\"potentialAction\":[{\"@type\":\"ReadAction\",\"target\":[\"https:\/\/www.om6.com\/fr\/produits\/bobine-de-fibre\/\"]}]},{\"@type\":\"ImageObject\",\"inLanguage\":\"fr-FR\",\"@id\":\"https:\/\/www.om6.com\/fr\/produits\/bobine-de-fibre\/#primaryimage\",\"url\":\"https:\/\/www.om6.com\/wp-content\/uploads\/2021\/01\/o-m6-technologies-produits-bobine-de-fibre-1-sm-2.jpg\",\"contentUrl\":\"https:\/\/www.om6.com\/wp-content\/uploads\/2021\/01\/o-m6-technologies-produits-bobine-de-fibre-1-sm-2.jpg\",\"width\":1240,\"height\":600},{\"@type\":\"BreadcrumbList\",\"@id\":\"https:\/\/www.om6.com\/fr\/produits\/bobine-de-fibre\/#breadcrumb\",\"itemListElement\":[{\"@type\":\"ListItem\",\"position\":1,\"name\":\"Accueil\",\"item\":\"https:\/\/www.om6.com\/fr\/\"},{\"@type\":\"ListItem\",\"position\":2,\"name\":\"Nos produits\",\"item\":\"http:\/\/om6.com\/fr\/produits\/\"},{\"@type\":\"ListItem\",\"position\":3,\"name\":\"Bobine de fibre\"}]},{\"@type\":\"WebSite\",\"@id\":\"http:\/\/om6.com\/#website\",\"url\":\"http:\/\/om6.com\/\",\"name\":\"O-m6 Technologies\",\"description\":\"O-m6 Technologies\",\"potentialAction\":[{\"@type\":\"SearchAction\",\"target\":{\"@type\":\"EntryPoint\",\"urlTemplate\":\"http:\/\/om6.com\/?s={search_term_string}\"},\"query-input\":{\"@type\":\"PropertyValueSpecification\",\"valueRequired\":true,\"valueName\":\"search_term_string\"}}],\"inLanguage\":\"fr-FR\"}]}<\/script>\n<!-- \/ Yoast SEO plugin. -->","yoast_head_json":{"title":"Bobine de fibre | O-m6 Technologies","description":"Couramment utilis\u00e9es en laboratoire d\u2019essai, les bobines de fibre se pr\u00e9sentent en 2 formats, simple ou double, pouvant contenir respectivement jusqu\u2019\u00e0 25 et 50 km. Les cordons aux extr\u00e9mit\u00e9s peuvent \u00eatre ajust\u00e9s selon vos exigences en termes de longueurs, de connecteurs et de gaines de protection.","robots":{"index":"index","follow":"follow","max-snippet":"max-snippet:-1","max-image-preview":"max-image-preview:large","max-video-preview":"max-video-preview:-1"},"canonical":"https:\/\/www.om6.com\/fr\/produits\/bobine-de-fibre\/","og_locale":"fr_FR","og_type":"article","og_title":"Bobine de fibre | O-m6 Technologies","og_description":"Couramment utilis\u00e9es en laboratoire d\u2019essai, les bobines de fibre se pr\u00e9sentent en 2 formats, simple ou double, pouvant contenir respectivement jusqu\u2019\u00e0 25 et 50 km. Les cordons aux extr\u00e9mit\u00e9s peuvent \u00eatre ajust\u00e9s selon vos exigences en termes de longueurs, de connecteurs et de gaines de protection.","og_url":"https:\/\/www.om6.com\/fr\/produits\/bobine-de-fibre\/","og_site_name":"O-m6 Technologies","article_modified_time":"2025-02-05T21:02:45+00:00","og_image":[{"width":1240,"height":600,"url":"http:\/\/om6.com\/wp-content\/uploads\/2021\/01\/o-m6-technologies-produits-bobine-de-fibre-1-sm-2.jpg","type":"image\/jpeg"}],"twitter_misc":{"Dur\u00e9e de lecture estim\u00e9e":"1 minute"},"schema":{"@context":"https:\/\/schema.org","@graph":[{"@type":"WebPage","@id":"https:\/\/www.om6.com\/fr\/produits\/bobine-de-fibre\/","url":"https:\/\/www.om6.com\/fr\/produits\/bobine-de-fibre\/","name":"Bobine de fibre | O-m6 Technologies","isPartOf":{"@id":"http:\/\/om6.com\/#website"},"primaryImageOfPage":{"@id":"https:\/\/www.om6.com\/fr\/produits\/bobine-de-fibre\/#primaryimage"},"image":{"@id":"https:\/\/www.om6.com\/fr\/produits\/bobine-de-fibre\/#primaryimage"},"thumbnailUrl":"https:\/\/www.om6.com\/wp-content\/uploads\/2021\/01\/o-m6-technologies-produits-bobine-de-fibre-1-sm-2.jpg","datePublished":"2021-01-12T18:52:01+00:00","dateModified":"2025-02-05T21:02:45+00:00","description":"Couramment utilis\u00e9es en laboratoire d\u2019essai, les bobines de fibre se pr\u00e9sentent en 2 formats, simple ou double, pouvant contenir respectivement jusqu\u2019\u00e0 25 et 50 km. Les cordons aux extr\u00e9mit\u00e9s peuvent \u00eatre ajust\u00e9s selon vos exigences en termes de longueurs, de connecteurs et de gaines de protection.","breadcrumb":{"@id":"https:\/\/www.om6.com\/fr\/produits\/bobine-de-fibre\/#breadcrumb"},"inLanguage":"fr-FR","potentialAction":[{"@type":"ReadAction","target":["https:\/\/www.om6.com\/fr\/produits\/bobine-de-fibre\/"]}]},{"@type":"ImageObject","inLanguage":"fr-FR","@id":"https:\/\/www.om6.com\/fr\/produits\/bobine-de-fibre\/#primaryimage","url":"https:\/\/www.om6.com\/wp-content\/uploads\/2021\/01\/o-m6-technologies-produits-bobine-de-fibre-1-sm-2.jpg","contentUrl":"https:\/\/www.om6.com\/wp-content\/uploads\/2021\/01\/o-m6-technologies-produits-bobine-de-fibre-1-sm-2.jpg","width":1240,"height":600},{"@type":"BreadcrumbList","@id":"https:\/\/www.om6.com\/fr\/produits\/bobine-de-fibre\/#breadcrumb","itemListElement":[{"@type":"ListItem","position":1,"name":"Accueil","item":"https:\/\/www.om6.com\/fr\/"},{"@type":"ListItem","position":2,"name":"Nos produits","item":"http:\/\/om6.com\/fr\/produits\/"},{"@type":"ListItem","position":3,"name":"Bobine de fibre"}]},{"@type":"WebSite","@id":"http:\/\/om6.com\/#website","url":"http:\/\/om6.com\/","name":"O-m6 Technologies","description":"O-m6 Technologies","potentialAction":[{"@type":"SearchAction","target":{"@type":"EntryPoint","urlTemplate":"http:\/\/om6.com\/?s={search_term_string}"},"query-input":{"@type":"PropertyValueSpecification","valueRequired":true,"valueName":"search_term_string"}}],"inLanguage":"fr-FR"}]}},"_links":{"self":[{"href":"https:\/\/www.om6.com\/fr\/wp-json\/wp\/v2\/pages\/430","targetHints":{"allow":["GET"]}}],"collection":[{"href":"https:\/\/www.om6.com\/fr\/wp-json\/wp\/v2\/pages"}],"about":[{"href":"https:\/\/www.om6.com\/fr\/wp-json\/wp\/v2\/types\/page"}],"author":[{"embeddable":true,"href":"https:\/\/www.om6.com\/fr\/wp-json\/wp\/v2\/users\/5"}],"replies":[{"embeddable":true,"href":"https:\/\/www.om6.com\/fr\/wp-json\/wp\/v2\/comments?post=430"}],"version-history":[{"count":6,"href":"https:\/\/www.om6.com\/fr\/wp-json\/wp\/v2\/pages\/430\/revisions"}],"predecessor-version":[{"id":3196,"href":"https:\/\/www.om6.com\/fr\/wp-json\/wp\/v2\/pages\/430\/revisions\/3196"}],"up":[{"embeddable":true,"href":"https:\/\/www.om6.com\/fr\/wp-json\/wp\/v2\/pages\/188"}],"wp:featuredmedia":[{"embeddable":true,"href":"https:\/\/www.om6.com\/fr\/wp-json\/wp\/v2\/media\/745"}],"wp:attachment":[{"href":"https:\/\/www.om6.com\/fr\/wp-json\/wp\/v2\/media?parent=430"}],"curies":[{"name":"wp","href":"https:\/\/api.w.org\/{rel}","templated":true}]}}