{"id":424,"date":"2021-01-12T18:02:21","date_gmt":"2021-01-12T18:02:21","guid":{"rendered":"https:\/\/www.om6.com\/?page_id=424"},"modified":"2025-02-06T00:53:31","modified_gmt":"2025-02-06T00:53:31","slug":"cables-optiques-a-gaine-metallique","status":"publish","type":"page","link":"https:\/\/www.om6.com\/fr\/produits\/cables-optiques-a-gaine-metallique\/","title":{"rendered":"C\u00e2bles optiques \u00e0 gaine m\u00e9tallique"},"content":{"rendered":"\t\t<div data-elementor-type=\"wp-page\" data-elementor-id=\"424\" class=\"elementor elementor-424\" data-elementor-post-type=\"page\">\n\t\t\t\t<div class=\"elementor-element elementor-element-4742c67 e-flex e-con-boxed e-con e-parent\" data-id=\"4742c67\" data-element_type=\"container\" data-e-type=\"container\" data-settings=\"{&quot;background_background&quot;:&quot;classic&quot;}\">\n\t\t\t\t\t<div class=\"e-con-inner\">\n\t\t\t\t<div class=\"elementor-element elementor-element-a545bda elementor-widget__width-inherit elementor-widget elementor-widget-heading\" data-id=\"a545bda\" data-element_type=\"widget\" data-e-type=\"widget\" data-widget_type=\"heading.default\">\n\t\t\t\t<div class=\"elementor-widget-container\">\n\t\t\t\t\t<h1 class=\"elementor-heading-title elementor-size-default\">C\u00e2bles optiques \u00e0 gaine m\u00e9tallique\n<\/h1>\t\t\t\t<\/div>\n\t\t\t\t<\/div>\n\t\t\t\t<div class=\"elementor-element elementor-element-47acd7f elementor-align-center elementor-widget__width-inherit elementor-widget elementor-widget-button\" data-id=\"47acd7f\" data-element_type=\"widget\" data-e-type=\"widget\" data-widget_type=\"button.default\">\n\t\t\t\t<div class=\"elementor-widget-container\">\n\t\t\t\t\t\t\t\t\t<div class=\"elementor-button-wrapper\">\n\t\t\t\t\t<a class=\"elementor-button elementor-button-link elementor-size-md\" href=\"#le-produit\">\n\t\t\t\t\t\t<span class=\"elementor-button-content-wrapper\">\n\t\t\t\t\t\t\t\t\t<span class=\"elementor-button-text\">VOIR LES SP\u00c9CIFICATIONS <\/span>\n\t\t\t\t\t<\/span>\n\t\t\t\t\t<\/a>\n\t\t\t\t<\/div>\n\t\t\t\t\t\t\t\t<\/div>\n\t\t\t\t<\/div>\n\t\t\t\t\t<\/div>\n\t\t\t\t<\/div>\n\t\t<div class=\"elementor-element elementor-element-927049d e-flex e-con-boxed e-con e-parent\" data-id=\"927049d\" data-element_type=\"container\" data-e-type=\"container\">\n\t\t\t\t\t<div class=\"e-con-inner\">\n\t\t\t\t<div class=\"elementor-element elementor-element-092339c elementor-widget elementor-widget-menu-anchor\" data-id=\"092339c\" data-element_type=\"widget\" data-e-type=\"widget\" data-widget_type=\"menu-anchor.default\">\n\t\t\t\t<div class=\"elementor-widget-container\">\n\t\t\t\t\t\t\t<div class=\"elementor-menu-anchor\" id=\"le-produit\"><\/div>\n\t\t\t\t\t\t<\/div>\n\t\t\t\t<\/div>\n\t\t\t\t\t<\/div>\n\t\t\t\t<\/div>\n\t\t<div class=\"elementor-element elementor-element-872752c e-flex e-con-boxed e-con e-parent\" data-id=\"872752c\" data-element_type=\"container\" data-e-type=\"container\" data-settings=\"{&quot;background_background&quot;:&quot;classic&quot;}\">\n\t\t\t\t\t<div class=\"e-con-inner\">\n\t\t<div class=\"elementor-element elementor-element-d4bb78a e-con-full e-flex e-con e-child\" data-id=\"d4bb78a\" data-element_type=\"container\" data-e-type=\"container\">\n\t\t\t\t<div class=\"elementor-element elementor-element-78cd2c5 elementor-widget elementor-widget-heading\" data-id=\"78cd2c5\" data-element_type=\"widget\" data-e-type=\"widget\" data-widget_type=\"heading.default\">\n\t\t\t\t<div class=\"elementor-widget-container\">\n\t\t\t\t\t<h2 class=\"elementor-heading-title elementor-size-default\">C\u00e2bles optiques \u00e0 gaine m\u00e9tallique\n<\/h2>\t\t\t\t<\/div>\n\t\t\t\t<\/div>\n\t\t\t\t<\/div>\n\t\t<div class=\"elementor-element elementor-element-4e3715c e-con-full e-flex e-con e-child\" data-id=\"4e3715c\" data-element_type=\"container\" data-e-type=\"container\">\n\t\t\t\t<div class=\"elementor-element elementor-element-ed07c7b elementor-widget__width-auto elementor-widget elementor-widget-button\" data-id=\"ed07c7b\" data-element_type=\"widget\" data-e-type=\"widget\" data-widget_type=\"button.default\">\n\t\t\t\t<div class=\"elementor-widget-container\">\n\t\t\t\t\t\t\t\t\t<div class=\"elementor-button-wrapper\">\n\t\t\t\t\t<a class=\"elementor-button elementor-button-link elementor-size-md\" href=\"https:\/\/www.om6.com\/wp-content\/uploads\/2021\/02\/cables-optiques-a-gaine-metallique.pdf\" target=\"_blank\">\n\t\t\t\t\t\t<span class=\"elementor-button-content-wrapper\">\n\t\t\t\t\t\t\t\t\t<span class=\"elementor-button-text\">T\u00e9l\u00e9chargez la fiche produit<\/span>\n\t\t\t\t\t<\/span>\n\t\t\t\t\t<\/a>\n\t\t\t\t<\/div>\n\t\t\t\t\t\t\t\t<\/div>\n\t\t\t\t<\/div>\n\t\t\t\t<div class=\"elementor-element elementor-element-11c03d6 elementor-widget__width-auto elementor-widget elementor-widget-button\" data-id=\"11c03d6\" data-element_type=\"widget\" data-e-type=\"widget\" data-widget_type=\"button.default\">\n\t\t\t\t<div class=\"elementor-widget-container\">\n\t\t\t\t\t\t\t\t\t<div class=\"elementor-button-wrapper\">\n\t\t\t\t\t<a class=\"elementor-button elementor-button-link elementor-size-md\" href=\"#commander\">\n\t\t\t\t\t\t<span class=\"elementor-button-content-wrapper\">\n\t\t\t\t\t\t\t\t\t<span class=\"elementor-button-text\">Comment commander<\/span>\n\t\t\t\t\t<\/span>\n\t\t\t\t\t<\/a>\n\t\t\t\t<\/div>\n\t\t\t\t\t\t\t\t<\/div>\n\t\t\t\t<\/div>\n\t\t\t\t<\/div>\n\t\t\t\t\t<\/div>\n\t\t\t\t<\/div>\n\t\t<div class=\"elementor-element elementor-element-ead753e e-flex e-con-boxed e-con e-parent\" data-id=\"ead753e\" data-element_type=\"container\" data-e-type=\"container\" data-settings=\"{&quot;background_background&quot;:&quot;classic&quot;}\">\n\t\t\t\t\t<div class=\"e-con-inner\">\n\t\t<div class=\"elementor-element elementor-element-c8b0ddb e-con-full e-flex e-con e-child\" data-id=\"c8b0ddb\" data-element_type=\"container\" data-e-type=\"container\">\n\t\t\t\t<\/div>\n\t\t<div class=\"elementor-element elementor-element-97657d6 e-con-full e-flex e-con e-child\" data-id=\"97657d6\" data-element_type=\"container\" data-e-type=\"container\">\n\t\t\t\t<div class=\"elementor-element elementor-element-24dabcf elementor-widget elementor-widget-button\" data-id=\"24dabcf\" data-element_type=\"widget\" data-e-type=\"widget\" data-widget_type=\"button.default\">\n\t\t\t\t<div class=\"elementor-widget-container\">\n\t\t\t\t\t\t\t\t\t<div class=\"elementor-button-wrapper\">\n\t\t\t\t\t<a class=\"elementor-button elementor-button-link elementor-size-md\" href=\"#elementor-action%3Aaction%3Dpopup%3Aopen%26settings%3DeyJpZCI6MzI0NSwidG9nZ2xlIjpmYWxzZX0%3D\" target=\"_blank\">\n\t\t\t\t\t\t<span class=\"elementor-button-content-wrapper\">\n\t\t\t\t\t\t\t\t\t<span class=\"elementor-button-text\">Gaines m\u00e9talliques<\/span>\n\t\t\t\t\t<\/span>\n\t\t\t\t\t<\/a>\n\t\t\t\t<\/div>\n\t\t\t\t\t\t\t\t<\/div>\n\t\t\t\t<\/div>\n\t\t\t\t<\/div>\n\t\t\t\t\t<\/div>\n\t\t\t\t<\/div>\n\t\t<div class=\"elementor-element elementor-element-fd8ae02 e-flex e-con-boxed e-con e-parent\" data-id=\"fd8ae02\" data-element_type=\"container\" data-e-type=\"container\" data-settings=\"{&quot;background_background&quot;:&quot;classic&quot;}\">\n\t\t\t\t\t<div class=\"e-con-inner\">\n\t\t\t\t<div class=\"elementor-element elementor-element-ee5637d elementor-widget__width-inherit elementor-widget-tablet__width-inherit elementor-widget elementor-widget-text-editor\" data-id=\"ee5637d\" data-element_type=\"widget\" data-e-type=\"widget\" data-widget_type=\"text-editor.default\">\n\t\t\t\t<div class=\"elementor-widget-container\">\n\t\t\t\t\t\t\t\t\t<p><strong>Sp\u00e9cifications<\/strong><\/p><p>Les c\u00e2bles et assemblages \u00e0 gaine m\u00e9tallique sont fabriqu\u00e9s \u00e0 partir d\u2019une armature d\u2019acier inoxydable procurant une protection in\u00e9gal\u00e9e \u00e0 la fibre. Sa souplesse et sa r\u00e9sistance \u00e0 l\u2019\u00e9crasement en font un produit id\u00e9al pour un environnement industriel ou pour des applications haute temp\u00e9rature.<\/p>\t\t\t\t\t\t\t\t<\/div>\n\t\t\t\t<\/div>\n\t\t\t\t<div class=\"elementor-element elementor-element-e1d739e elementor-widget__width-initial elementor-widget-tablet__width-inherit elementor-widget elementor-widget-text-editor\" data-id=\"e1d739e\" data-element_type=\"widget\" data-e-type=\"widget\" data-widget_type=\"text-editor.default\">\n\t\t\t\t<div class=\"elementor-widget-container\">\n\t\t\t\t\t\t\t\t\t<ul><li>Plusieurs diam\u00e8tres de gaine disponibles avec ou sans PVC<\/li><li>Versions \u00ab\u00a0<i>squarelock\u00a0<\/i>\u00bb et \u00ab\u00a0<i>interlock\u00a0<\/i>\u00bb (limitation de la courbure) disponibles<\/li><li>Compatibles avec la plupart des fibres et connecteurs<\/li><li>Versions haute temp\u00e9rature et haute puissance disponibles<\/li><li>R\u00e9alis\u00e9s selon vos plans et devis<\/li><li>Disponibles en assemblage multifibres<\/li><\/ul><h4>\u00a0<\/h4><h4 id=\"fancy-title-8\" class=\"mk-fancy-title simple-style color-single\">Caract\u00e9ristiques technique<\/h4><div class=\"mk-image mk-image-9 lightbox-enabled align-left simple-frame inside-image tableau_size\"><div class=\"mk-image-holder\">\u00a0<\/div><\/div>\t\t\t\t\t\t\t\t<\/div>\n\t\t\t\t<\/div>\n\t\t\t\t<div class=\"elementor-element elementor-element-f4eab7f elementor-widget elementor-widget-image\" data-id=\"f4eab7f\" data-element_type=\"widget\" data-e-type=\"widget\" data-widget_type=\"image.default\">\n\t\t\t\t<div class=\"elementor-widget-container\">\n\t\t\t\t\t\t\t\t\t\t\t\t\t\t\t<img fetchpriority=\"high\" decoding=\"async\" width=\"1293\" height=\"534\" src=\"https:\/\/www.om6.com\/wp-content\/uploads\/2021\/02\/p006_cables-optiques-a-gaine-metallique.jpg\" class=\"attachment-full size-full wp-image-781\" alt=\"\" srcset=\"https:\/\/www.om6.com\/wp-content\/uploads\/2021\/02\/p006_cables-optiques-a-gaine-metallique.jpg 1293w, https:\/\/www.om6.com\/wp-content\/uploads\/2021\/02\/p006_cables-optiques-a-gaine-metallique-300x124.jpg 300w, https:\/\/www.om6.com\/wp-content\/uploads\/2021\/02\/p006_cables-optiques-a-gaine-metallique-1024x423.jpg 1024w, https:\/\/www.om6.com\/wp-content\/uploads\/2021\/02\/p006_cables-optiques-a-gaine-metallique-768x317.jpg 768w\" sizes=\"(max-width: 1293px) 100vw, 1293px\" \/>\t\t\t\t\t\t\t\t\t\t\t\t\t\t\t<\/div>\n\t\t\t\t<\/div>\n\t\t\t\t<div class=\"elementor-element elementor-element-ee80a7f elementor-widget elementor-widget-text-editor\" data-id=\"ee80a7f\" data-element_type=\"widget\" data-e-type=\"widget\" data-widget_type=\"text-editor.default\">\n\t\t\t\t<div class=\"elementor-widget-container\">\n\t\t\t\t\t\t\t\t\t<div id=\"text-block-10\" class=\"mk-text-block \"><p>La S\u00e9rie + inclut la qualification g\u00e9om\u00e9trique.<\/p><ul><li>Tous les connecteurs sont inspect\u00e9s.<\/li><li>Tous les connecteurs sont test\u00e9s \u00e0 la longueur d\u2019onde requise, donn\u00e9es fournies.<\/li><li>Les produits sont con\u00e7us pour \u00e9galer ou exc\u00e9der les normes TELCORDIA, GR-326-CORE.<\/li><\/ul><\/div>\t\t\t\t\t\t\t\t<\/div>\n\t\t\t\t<\/div>\n\t\t\t\t\t<\/div>\n\t\t\t\t<\/div>\n\t\t<div class=\"elementor-element elementor-element-c9590e0 e-flex e-con-boxed e-con e-parent\" data-id=\"c9590e0\" data-element_type=\"container\" data-e-type=\"container\" data-settings=\"{&quot;background_background&quot;:&quot;classic&quot;}\">\n\t\t\t\t\t<div class=\"e-con-inner\">\n\t\t\t\t<div class=\"elementor-element elementor-element-9942bcc elementor-widget elementor-widget-heading\" data-id=\"9942bcc\" data-element_type=\"widget\" data-e-type=\"widget\" data-widget_type=\"heading.default\">\n\t\t\t\t<div class=\"elementor-widget-container\">\n\t\t\t\t\t<h2 class=\"elementor-heading-title elementor-size-default\">Vous avez des questions ou d\u00e9sirez effectuer une commande ?\n<\/h2>\t\t\t\t<\/div>\n\t\t\t\t<\/div>\n\t\t\t\t<div class=\"elementor-element elementor-element-a5d9ffe elementor-align-center elementor-widget elementor-widget-button\" data-id=\"a5d9ffe\" data-element_type=\"widget\" data-e-type=\"widget\" data-widget_type=\"button.default\">\n\t\t\t\t<div class=\"elementor-widget-container\">\n\t\t\t\t\t\t\t\t\t<div class=\"elementor-button-wrapper\">\n\t\t\t\t\t<a class=\"elementor-button elementor-button-link elementor-size-md\" href=\"https:\/\/www.om6.com\/fr\/contact\/\">\n\t\t\t\t\t\t<span class=\"elementor-button-content-wrapper\">\n\t\t\t\t\t\t\t\t\t<span class=\"elementor-button-text\">CONTACTEZ-NOUS !<\/span>\n\t\t\t\t\t<\/span>\n\t\t\t\t\t<\/a>\n\t\t\t\t<\/div>\n\t\t\t\t\t\t\t\t<\/div>\n\t\t\t\t<\/div>\n\t\t\t\t<div class=\"elementor-element elementor-element-d8404dc elementor-widget elementor-widget-menu-anchor\" data-id=\"d8404dc\" data-element_type=\"widget\" data-e-type=\"widget\" data-widget_type=\"menu-anchor.default\">\n\t\t\t\t<div class=\"elementor-widget-container\">\n\t\t\t\t\t\t\t<div class=\"elementor-menu-anchor\" id=\"commander\"><\/div>\n\t\t\t\t\t\t<\/div>\n\t\t\t\t<\/div>\n\t\t\t\t\t<\/div>\n\t\t\t\t<\/div>\n\t\t<div class=\"elementor-element elementor-element-c5f6261 e-flex e-con-boxed e-con e-parent\" data-id=\"c5f6261\" data-element_type=\"container\" data-e-type=\"container\" data-settings=\"{&quot;background_background&quot;:&quot;classic&quot;}\">\n\t\t\t\t\t<div class=\"e-con-inner\">\n\t\t\t\t<div class=\"elementor-element elementor-element-329bf9c elementor-widget elementor-widget-text-editor\" data-id=\"329bf9c\" data-element_type=\"widget\" data-e-type=\"widget\" data-widget_type=\"text-editor.default\">\n\t\t\t\t<div class=\"elementor-widget-container\">\n\t\t\t\t\t\t\t\t\t<p>Tous les produits command\u00e9s chez O-m6 peuvent \u00eatre adapt\u00e9s pour convenir \u00e0 vos exigences.<\/p><p>Vous avez des questions?\u00a0|\u00a0<b>Communiquez avec nous\u00a0<\/b>au\u00a0<b><a href=\"tel:450 979-2275\">450 979-2275<\/a><\/b>\u00a0|\u00a0<a href=\"mailto:sales@om6.com\"><b>inf@om6.com<\/b><\/a><\/p>\t\t\t\t\t\t\t\t<\/div>\n\t\t\t\t<\/div>\n\t\t\t\t\t<\/div>\n\t\t\t\t<\/div>\n\t\t\t\t<\/div>\n\t\t","protected":false},"excerpt":{"rendered":"<p>C\u00e2bles optiques \u00e0 gaine m\u00e9tallique VOIR LES SP\u00c9CIFICATIONS C\u00e2bles optiques \u00e0 gaine m\u00e9tallique T\u00e9l\u00e9chargez la fiche produit Comment commander Gaines m\u00e9talliques Sp\u00e9cifications Les c\u00e2bles et assemblages \u00e0 gaine m\u00e9tallique sont fabriqu\u00e9s \u00e0 partir d\u2019une armature d\u2019acier inoxydable procurant une protection in\u00e9gal\u00e9e \u00e0 la fibre. Sa souplesse et sa r\u00e9sistance \u00e0 l\u2019\u00e9crasement en font un produit [&hellip;]<\/p>\n","protected":false},"author":5,"featured_media":747,"parent":188,"menu_order":0,"comment_status":"closed","ping_status":"closed","template":"","meta":{"footnotes":""},"class_list":["post-424","page","type-page","status-publish","has-post-thumbnail","hentry"],"acf":[],"yoast_head":"<!-- This site is optimized with the Yoast SEO plugin v27.4 - https:\/\/yoast.com\/product\/yoast-seo-wordpress\/ -->\n<title>C\u00e2bles optiques \u00e0 gaine m\u00e9tallique | O-m6 Technologies<\/title>\n<meta name=\"description\" content=\"Les c\u00e2bles et assemblages \u00e0 gaine m\u00e9tallique sont fabriqu\u00e9s \u00e0 partir d\u2019une armature d\u2019acier inoxydable procurant une protection in\u00e9gal\u00e9e \u00e0 la fibre.\" \/>\n<meta name=\"robots\" content=\"index, follow, max-snippet:-1, max-image-preview:large, max-video-preview:-1\" \/>\n<link rel=\"canonical\" href=\"https:\/\/www.om6.com\/fr\/produits\/cables-optiques-a-gaine-metallique\/\" \/>\n<meta property=\"og:locale\" content=\"fr_FR\" \/>\n<meta property=\"og:type\" content=\"article\" \/>\n<meta property=\"og:title\" content=\"C\u00e2bles optiques \u00e0 gaine m\u00e9tallique | O-m6 Technologies\" \/>\n<meta property=\"og:description\" content=\"Les c\u00e2bles et assemblages \u00e0 gaine m\u00e9tallique sont fabriqu\u00e9s \u00e0 partir d\u2019une armature d\u2019acier inoxydable procurant une protection in\u00e9gal\u00e9e \u00e0 la fibre.\" \/>\n<meta property=\"og:url\" content=\"https:\/\/www.om6.com\/fr\/produits\/cables-optiques-a-gaine-metallique\/\" \/>\n<meta property=\"og:site_name\" content=\"O-m6 Technologies\" \/>\n<meta property=\"article:modified_time\" content=\"2025-02-06T00:53:31+00:00\" \/>\n<meta property=\"og:image\" content=\"http:\/\/om6.com\/wp-content\/uploads\/2021\/01\/o-m6-technologies-produits-cables-optiques-a-gaine-metallique-1.jpg\" \/>\n\t<meta property=\"og:image:width\" content=\"1240\" \/>\n\t<meta property=\"og:image:height\" content=\"600\" \/>\n\t<meta property=\"og:image:type\" content=\"image\/jpeg\" \/>\n<meta name=\"twitter:label1\" content=\"Dur\u00e9e de lecture estim\u00e9e\" \/>\n\t<meta name=\"twitter:data1\" content=\"2 minutes\" \/>\n<script type=\"application\/ld+json\" class=\"yoast-schema-graph\">{\"@context\":\"https:\\\/\\\/schema.org\",\"@graph\":[{\"@type\":\"WebPage\",\"@id\":\"https:\\\/\\\/www.om6.com\\\/fr\\\/produits\\\/cables-optiques-a-gaine-metallique\\\/\",\"url\":\"https:\\\/\\\/www.om6.com\\\/fr\\\/produits\\\/cables-optiques-a-gaine-metallique\\\/\",\"name\":\"C\u00e2bles optiques \u00e0 gaine m\u00e9tallique | O-m6 Technologies\",\"isPartOf\":{\"@id\":\"http:\\\/\\\/om6.com\\\/#website\"},\"primaryImageOfPage\":{\"@id\":\"https:\\\/\\\/www.om6.com\\\/fr\\\/produits\\\/cables-optiques-a-gaine-metallique\\\/#primaryimage\"},\"image\":{\"@id\":\"https:\\\/\\\/www.om6.com\\\/fr\\\/produits\\\/cables-optiques-a-gaine-metallique\\\/#primaryimage\"},\"thumbnailUrl\":\"https:\\\/\\\/www.om6.com\\\/wp-content\\\/uploads\\\/2021\\\/01\\\/o-m6-technologies-produits-cables-optiques-a-gaine-metallique-1.jpg\",\"datePublished\":\"2021-01-12T18:02:21+00:00\",\"dateModified\":\"2025-02-06T00:53:31+00:00\",\"description\":\"Les c\u00e2bles et assemblages \u00e0 gaine m\u00e9tallique sont fabriqu\u00e9s \u00e0 partir d\u2019une armature d\u2019acier inoxydable procurant une protection in\u00e9gal\u00e9e \u00e0 la fibre.\",\"breadcrumb\":{\"@id\":\"https:\\\/\\\/www.om6.com\\\/fr\\\/produits\\\/cables-optiques-a-gaine-metallique\\\/#breadcrumb\"},\"inLanguage\":\"fr-FR\",\"potentialAction\":[{\"@type\":\"ReadAction\",\"target\":[\"https:\\\/\\\/www.om6.com\\\/fr\\\/produits\\\/cables-optiques-a-gaine-metallique\\\/\"]}]},{\"@type\":\"ImageObject\",\"inLanguage\":\"fr-FR\",\"@id\":\"https:\\\/\\\/www.om6.com\\\/fr\\\/produits\\\/cables-optiques-a-gaine-metallique\\\/#primaryimage\",\"url\":\"https:\\\/\\\/www.om6.com\\\/wp-content\\\/uploads\\\/2021\\\/01\\\/o-m6-technologies-produits-cables-optiques-a-gaine-metallique-1.jpg\",\"contentUrl\":\"https:\\\/\\\/www.om6.com\\\/wp-content\\\/uploads\\\/2021\\\/01\\\/o-m6-technologies-produits-cables-optiques-a-gaine-metallique-1.jpg\",\"width\":1240,\"height\":600},{\"@type\":\"BreadcrumbList\",\"@id\":\"https:\\\/\\\/www.om6.com\\\/fr\\\/produits\\\/cables-optiques-a-gaine-metallique\\\/#breadcrumb\",\"itemListElement\":[{\"@type\":\"ListItem\",\"position\":1,\"name\":\"Accueil\",\"item\":\"https:\\\/\\\/www.om6.com\\\/fr\\\/\"},{\"@type\":\"ListItem\",\"position\":2,\"name\":\"Nos produits\",\"item\":\"http:\\\/\\\/om6.com\\\/fr\\\/produits\\\/\"},{\"@type\":\"ListItem\",\"position\":3,\"name\":\"C\u00e2bles optiques \u00e0 gaine m\u00e9tallique\"}]},{\"@type\":\"WebSite\",\"@id\":\"http:\\\/\\\/om6.com\\\/#website\",\"url\":\"http:\\\/\\\/om6.com\\\/\",\"name\":\"O-m6 Technologies\",\"description\":\"O-m6 Technologies\",\"potentialAction\":[{\"@type\":\"SearchAction\",\"target\":{\"@type\":\"EntryPoint\",\"urlTemplate\":\"http:\\\/\\\/om6.com\\\/?s={search_term_string}\"},\"query-input\":{\"@type\":\"PropertyValueSpecification\",\"valueRequired\":true,\"valueName\":\"search_term_string\"}}],\"inLanguage\":\"fr-FR\"}]}<\/script>\n<!-- \/ Yoast SEO plugin. -->","yoast_head_json":{"title":"C\u00e2bles optiques \u00e0 gaine m\u00e9tallique | O-m6 Technologies","description":"Les c\u00e2bles et assemblages \u00e0 gaine m\u00e9tallique sont fabriqu\u00e9s \u00e0 partir d\u2019une armature d\u2019acier inoxydable procurant une protection in\u00e9gal\u00e9e \u00e0 la fibre.","robots":{"index":"index","follow":"follow","max-snippet":"max-snippet:-1","max-image-preview":"max-image-preview:large","max-video-preview":"max-video-preview:-1"},"canonical":"https:\/\/www.om6.com\/fr\/produits\/cables-optiques-a-gaine-metallique\/","og_locale":"fr_FR","og_type":"article","og_title":"C\u00e2bles optiques \u00e0 gaine m\u00e9tallique | O-m6 Technologies","og_description":"Les c\u00e2bles et assemblages \u00e0 gaine m\u00e9tallique sont fabriqu\u00e9s \u00e0 partir d\u2019une armature d\u2019acier inoxydable procurant une protection in\u00e9gal\u00e9e \u00e0 la fibre.","og_url":"https:\/\/www.om6.com\/fr\/produits\/cables-optiques-a-gaine-metallique\/","og_site_name":"O-m6 Technologies","article_modified_time":"2025-02-06T00:53:31+00:00","og_image":[{"width":1240,"height":600,"url":"http:\/\/om6.com\/wp-content\/uploads\/2021\/01\/o-m6-technologies-produits-cables-optiques-a-gaine-metallique-1.jpg","type":"image\/jpeg"}],"twitter_misc":{"Dur\u00e9e de lecture estim\u00e9e":"2 minutes"},"schema":{"@context":"https:\/\/schema.org","@graph":[{"@type":"WebPage","@id":"https:\/\/www.om6.com\/fr\/produits\/cables-optiques-a-gaine-metallique\/","url":"https:\/\/www.om6.com\/fr\/produits\/cables-optiques-a-gaine-metallique\/","name":"C\u00e2bles optiques \u00e0 gaine m\u00e9tallique | O-m6 Technologies","isPartOf":{"@id":"http:\/\/om6.com\/#website"},"primaryImageOfPage":{"@id":"https:\/\/www.om6.com\/fr\/produits\/cables-optiques-a-gaine-metallique\/#primaryimage"},"image":{"@id":"https:\/\/www.om6.com\/fr\/produits\/cables-optiques-a-gaine-metallique\/#primaryimage"},"thumbnailUrl":"https:\/\/www.om6.com\/wp-content\/uploads\/2021\/01\/o-m6-technologies-produits-cables-optiques-a-gaine-metallique-1.jpg","datePublished":"2021-01-12T18:02:21+00:00","dateModified":"2025-02-06T00:53:31+00:00","description":"Les c\u00e2bles et assemblages \u00e0 gaine m\u00e9tallique sont fabriqu\u00e9s \u00e0 partir d\u2019une armature d\u2019acier inoxydable procurant une protection in\u00e9gal\u00e9e \u00e0 la fibre.","breadcrumb":{"@id":"https:\/\/www.om6.com\/fr\/produits\/cables-optiques-a-gaine-metallique\/#breadcrumb"},"inLanguage":"fr-FR","potentialAction":[{"@type":"ReadAction","target":["https:\/\/www.om6.com\/fr\/produits\/cables-optiques-a-gaine-metallique\/"]}]},{"@type":"ImageObject","inLanguage":"fr-FR","@id":"https:\/\/www.om6.com\/fr\/produits\/cables-optiques-a-gaine-metallique\/#primaryimage","url":"https:\/\/www.om6.com\/wp-content\/uploads\/2021\/01\/o-m6-technologies-produits-cables-optiques-a-gaine-metallique-1.jpg","contentUrl":"https:\/\/www.om6.com\/wp-content\/uploads\/2021\/01\/o-m6-technologies-produits-cables-optiques-a-gaine-metallique-1.jpg","width":1240,"height":600},{"@type":"BreadcrumbList","@id":"https:\/\/www.om6.com\/fr\/produits\/cables-optiques-a-gaine-metallique\/#breadcrumb","itemListElement":[{"@type":"ListItem","position":1,"name":"Accueil","item":"https:\/\/www.om6.com\/fr\/"},{"@type":"ListItem","position":2,"name":"Nos produits","item":"http:\/\/om6.com\/fr\/produits\/"},{"@type":"ListItem","position":3,"name":"C\u00e2bles optiques \u00e0 gaine m\u00e9tallique"}]},{"@type":"WebSite","@id":"http:\/\/om6.com\/#website","url":"http:\/\/om6.com\/","name":"O-m6 Technologies","description":"O-m6 Technologies","potentialAction":[{"@type":"SearchAction","target":{"@type":"EntryPoint","urlTemplate":"http:\/\/om6.com\/?s={search_term_string}"},"query-input":{"@type":"PropertyValueSpecification","valueRequired":true,"valueName":"search_term_string"}}],"inLanguage":"fr-FR"}]}},"_links":{"self":[{"href":"https:\/\/www.om6.com\/fr\/wp-json\/wp\/v2\/pages\/424","targetHints":{"allow":["GET"]}}],"collection":[{"href":"https:\/\/www.om6.com\/fr\/wp-json\/wp\/v2\/pages"}],"about":[{"href":"https:\/\/www.om6.com\/fr\/wp-json\/wp\/v2\/types\/page"}],"author":[{"embeddable":true,"href":"https:\/\/www.om6.com\/fr\/wp-json\/wp\/v2\/users\/5"}],"replies":[{"embeddable":true,"href":"https:\/\/www.om6.com\/fr\/wp-json\/wp\/v2\/comments?post=424"}],"version-history":[{"count":10,"href":"https:\/\/www.om6.com\/fr\/wp-json\/wp\/v2\/pages\/424\/revisions"}],"predecessor-version":[{"id":3257,"href":"https:\/\/www.om6.com\/fr\/wp-json\/wp\/v2\/pages\/424\/revisions\/3257"}],"up":[{"embeddable":true,"href":"https:\/\/www.om6.com\/fr\/wp-json\/wp\/v2\/pages\/188"}],"wp:featuredmedia":[{"embeddable":true,"href":"https:\/\/www.om6.com\/fr\/wp-json\/wp\/v2\/media\/747"}],"wp:attachment":[{"href":"https:\/\/www.om6.com\/fr\/wp-json\/wp\/v2\/media?parent=424"}],"curies":[{"name":"wp","href":"https:\/\/api.w.org\/{rel}","templated":true}]}}