{"id":384,"date":"2021-01-06T13:08:37","date_gmt":"2021-01-06T13:08:37","guid":{"rendered":"https:\/\/www.om6.com\/?page_id=384"},"modified":"2025-02-05T21:20:24","modified_gmt":"2025-02-05T21:20:24","slug":"cables-a-maintien-de-polarisation","status":"publish","type":"page","link":"https:\/\/www.om6.com\/fr\/produits\/cables-a-maintien-de-polarisation\/","title":{"rendered":"C\u00e2bles \u00e0 maintien de polarisation"},"content":{"rendered":"\t\t<div data-elementor-type=\"wp-page\" data-elementor-id=\"384\" class=\"elementor elementor-384\" data-elementor-post-type=\"page\">\n\t\t\t\t<div class=\"elementor-element elementor-element-4967caf e-flex e-con-boxed e-con e-parent\" data-id=\"4967caf\" data-element_type=\"container\" data-settings=\"{&quot;background_background&quot;:&quot;classic&quot;}\">\n\t\t\t\t\t<div class=\"e-con-inner\">\n\t\t\t\t<div class=\"elementor-element elementor-element-5c6f23d elementor-widget__width-inherit elementor-widget elementor-widget-heading\" data-id=\"5c6f23d\" data-element_type=\"widget\" data-widget_type=\"heading.default\">\n\t\t\t\t<div class=\"elementor-widget-container\">\n\t\t\t\t\t<h1 class=\"elementor-heading-title elementor-size-default\">C\u00e2bles \u00e0 maintien de polarisation <\/h1>\t\t\t\t<\/div>\n\t\t\t\t<\/div>\n\t\t\t\t<div class=\"elementor-element elementor-element-0f9d083 elementor-align-center elementor-widget__width-inherit elementor-widget elementor-widget-button\" data-id=\"0f9d083\" data-element_type=\"widget\" data-widget_type=\"button.default\">\n\t\t\t\t<div class=\"elementor-widget-container\">\n\t\t\t\t\t\t\t\t\t<div class=\"elementor-button-wrapper\">\n\t\t\t\t\t<a class=\"elementor-button elementor-button-link elementor-size-md\" href=\"#le-produit\">\n\t\t\t\t\t\t<span class=\"elementor-button-content-wrapper\">\n\t\t\t\t\t\t\t\t\t<span class=\"elementor-button-text\">VOIR LES SP\u00c9CIFICATIONS <\/span>\n\t\t\t\t\t<\/span>\n\t\t\t\t\t<\/a>\n\t\t\t\t<\/div>\n\t\t\t\t\t\t\t\t<\/div>\n\t\t\t\t<\/div>\n\t\t\t\t\t<\/div>\n\t\t\t\t<\/div>\n\t\t<div class=\"elementor-element elementor-element-11d03f1 e-flex e-con-boxed e-con e-parent\" data-id=\"11d03f1\" data-element_type=\"container\">\n\t\t\t\t\t<div class=\"e-con-inner\">\n\t\t\t\t<div class=\"elementor-element elementor-element-b504d65 elementor-widget elementor-widget-menu-anchor\" data-id=\"b504d65\" data-element_type=\"widget\" data-widget_type=\"menu-anchor.default\">\n\t\t\t\t<div class=\"elementor-widget-container\">\n\t\t\t\t\t\t\t<div class=\"elementor-menu-anchor\" id=\"le-produit\"><\/div>\n\t\t\t\t\t\t<\/div>\n\t\t\t\t<\/div>\n\t\t\t\t\t<\/div>\n\t\t\t\t<\/div>\n\t\t<div class=\"elementor-element elementor-element-d962e4a e-flex e-con-boxed e-con e-parent\" data-id=\"d962e4a\" data-element_type=\"container\" data-settings=\"{&quot;background_background&quot;:&quot;classic&quot;}\">\n\t\t\t\t\t<div class=\"e-con-inner\">\n\t\t<div class=\"elementor-element elementor-element-17cbef6 e-con-full e-flex e-con e-child\" data-id=\"17cbef6\" data-element_type=\"container\">\n\t\t\t\t<div class=\"elementor-element elementor-element-5271493 elementor-widget elementor-widget-heading\" data-id=\"5271493\" data-element_type=\"widget\" data-widget_type=\"heading.default\">\n\t\t\t\t<div class=\"elementor-widget-container\">\n\t\t\t\t\t<h2 class=\"elementor-heading-title elementor-size-default\">C\u00e2bles \u00e0 maintien de polarisation<\/h2>\t\t\t\t<\/div>\n\t\t\t\t<\/div>\n\t\t\t\t<\/div>\n\t\t<div class=\"elementor-element elementor-element-516dba2 e-con-full e-flex e-con e-child\" data-id=\"516dba2\" data-element_type=\"container\">\n\t\t\t\t<div class=\"elementor-element elementor-element-296ebc5 elementor-widget__width-auto elementor-widget elementor-widget-button\" data-id=\"296ebc5\" data-element_type=\"widget\" data-widget_type=\"button.default\">\n\t\t\t\t<div class=\"elementor-widget-container\">\n\t\t\t\t\t\t\t\t\t<div class=\"elementor-button-wrapper\">\n\t\t\t\t\t<a class=\"elementor-button elementor-button-link elementor-size-md\" href=\"https:\/\/www.om6.com\/wp-content\/uploads\/2021\/01\/p003_cablesamaintiendepolarisation.pdf\" target=\"_blank\">\n\t\t\t\t\t\t<span class=\"elementor-button-content-wrapper\">\n\t\t\t\t\t\t\t\t\t<span class=\"elementor-button-text\">T\u00e9l\u00e9chargez la fiche produit<\/span>\n\t\t\t\t\t<\/span>\n\t\t\t\t\t<\/a>\n\t\t\t\t<\/div>\n\t\t\t\t\t\t\t\t<\/div>\n\t\t\t\t<\/div>\n\t\t\t\t<div class=\"elementor-element elementor-element-66ee803 elementor-widget__width-auto elementor-widget elementor-widget-button\" data-id=\"66ee803\" data-element_type=\"widget\" data-widget_type=\"button.default\">\n\t\t\t\t<div class=\"elementor-widget-container\">\n\t\t\t\t\t\t\t\t\t<div class=\"elementor-button-wrapper\">\n\t\t\t\t\t<a class=\"elementor-button elementor-button-link elementor-size-md\" href=\"#commander\">\n\t\t\t\t\t\t<span class=\"elementor-button-content-wrapper\">\n\t\t\t\t\t\t\t\t\t<span class=\"elementor-button-text\">Comment commander<\/span>\n\t\t\t\t\t<\/span>\n\t\t\t\t\t<\/a>\n\t\t\t\t<\/div>\n\t\t\t\t\t\t\t\t<\/div>\n\t\t\t\t<\/div>\n\t\t\t\t<\/div>\n\t\t\t\t\t<\/div>\n\t\t\t\t<\/div>\n\t\t<div class=\"elementor-element elementor-element-583df6e e-flex e-con-boxed e-con e-parent\" data-id=\"583df6e\" data-element_type=\"container\" data-settings=\"{&quot;background_background&quot;:&quot;classic&quot;}\">\n\t\t\t\t\t<div class=\"e-con-inner\">\n\t\t\t\t<div class=\"elementor-element elementor-element-c5fd990 elementor-widget__width-inherit elementor-widget-tablet__width-inherit elementor-widget elementor-widget-text-editor\" data-id=\"c5fd990\" data-element_type=\"widget\" data-widget_type=\"text-editor.default\">\n\t\t\t\t<div class=\"elementor-widget-container\">\n\t\t\t\t\t\t\t\t\t<p><strong>Sp\u00e9cifications<\/strong><\/p><p>Ces c\u00e2bles sont utilis\u00e9s principalement en instrumentation, en interf\u00e9rom\u00e9trie, ainsi qu\u2019en d\u00e9tection de fibres optiques. Ils sont offerts \u00e0 des longueurs d\u2019onde sp\u00e9cifiques avec des gaines de 900 \u03bcm, 2 mm ou 3 mm. Ils sont tous fabriqu\u00e9s selon vos exigences \u00e0 partir d\u2019un croquis ou d\u2019un dessin de fabrication.<\/p>\t\t\t\t\t\t\t\t<\/div>\n\t\t\t\t<\/div>\n\t\t\t\t<div class=\"elementor-element elementor-element-a4cbe47 elementor-widget__width-initial elementor-widget-tablet__width-inherit elementor-widget elementor-widget-text-editor\" data-id=\"a4cbe47\" data-element_type=\"widget\" data-widget_type=\"text-editor.default\">\n\t\t\t\t<div class=\"elementor-widget-container\">\n\t\t\t\t\t\t\t\t\t<div class=\"wpb_row vc_row vc_row-fluid  mk-fullwidth-false  attched-false    vc_custom_1593802342392  js-master-row \"><div class=\"vc_col-sm-12 wpb_column column_container  _ height-full\"><div id=\"text-block-6\" class=\"mk-text-block   \"><ul><li>Longueurs d\u2019onde d\u2019op\u00e9ration fixes, de 350 \u00e0 1950\u00a0nm.<\/li><li>Fibre Panda, Bow-Tie et Ovale disponibles.<\/li><li>Disponible avec la plupart des connecteurs \u00e0 clef.<\/li><li>Peuvent \u00eatre assembl\u00e9s avec tout type de rev\u00eatement.<\/li><li>Alignement passif et actif avec l\u2019axe lent ou l\u2019axe rapide.<\/li><li>Versions haute puissance et grande plage de temp\u00e9rature disponibles.<\/li><\/ul><\/div><\/div><\/div><div><h4 id=\"fancy-title-7\" class=\"mk-fancy-title simple-style color-single\">Caract\u00e9ristiques techniques<\/h4><\/div>\t\t\t\t\t\t\t\t<\/div>\n\t\t\t\t<\/div>\n\t\t\t\t<div class=\"elementor-element elementor-element-3dc03cb elementor-widget elementor-widget-image\" data-id=\"3dc03cb\" data-element_type=\"widget\" data-widget_type=\"image.default\">\n\t\t\t\t<div class=\"elementor-widget-container\">\n\t\t\t\t\t\t\t\t\t\t\t\t\t\t\t<img fetchpriority=\"high\" decoding=\"async\" width=\"1200\" height=\"483\" src=\"https:\/\/www.om6.com\/wp-content\/uploads\/2021\/02\/p003_cables-a-maintien-de-polarisation.jpg\" class=\"attachment-full size-full wp-image-779\" alt=\"\" srcset=\"https:\/\/www.om6.com\/wp-content\/uploads\/2021\/02\/p003_cables-a-maintien-de-polarisation.jpg 1200w, https:\/\/www.om6.com\/wp-content\/uploads\/2021\/02\/p003_cables-a-maintien-de-polarisation-300x121.jpg 300w, https:\/\/www.om6.com\/wp-content\/uploads\/2021\/02\/p003_cables-a-maintien-de-polarisation-1024x412.jpg 1024w, https:\/\/www.om6.com\/wp-content\/uploads\/2021\/02\/p003_cables-a-maintien-de-polarisation-768x309.jpg 768w\" sizes=\"(max-width: 1200px) 100vw, 1200px\" \/>\t\t\t\t\t\t\t\t\t\t\t\t\t\t\t<\/div>\n\t\t\t\t<\/div>\n\t\t\t\t<div class=\"elementor-element elementor-element-46a5b7b elementor-widget elementor-widget-text-editor\" data-id=\"46a5b7b\" data-element_type=\"widget\" data-widget_type=\"text-editor.default\">\n\t\t\t\t<div class=\"elementor-widget-container\">\n\t\t\t\t\t\t\t\t\t<p>La s\u00e9rie + inclut la qualification g\u00e9om\u00e9trique.<\/p><ul><li>Tous les connecteurs sont inspect\u00e9s.<\/li><li>Tous les connecteurs sont test\u00e9s, donn\u00e9es fournies.<\/li><li>Les produits sont con\u00e7us pour \u00e9galer ou exc\u00e9der les normes TELCORDIA, GR-326-CORE.<\/li><\/ul>\t\t\t\t\t\t\t\t<\/div>\n\t\t\t\t<\/div>\n\t\t\t\t\t<\/div>\n\t\t\t\t<\/div>\n\t\t<div class=\"elementor-element elementor-element-54e20a7 e-flex e-con-boxed e-con e-parent\" data-id=\"54e20a7\" data-element_type=\"container\" data-settings=\"{&quot;background_background&quot;:&quot;classic&quot;}\">\n\t\t\t\t\t<div class=\"e-con-inner\">\n\t\t\t\t<div class=\"elementor-element elementor-element-7f0901b elementor-widget elementor-widget-heading\" data-id=\"7f0901b\" data-element_type=\"widget\" data-widget_type=\"heading.default\">\n\t\t\t\t<div class=\"elementor-widget-container\">\n\t\t\t\t\t<h2 class=\"elementor-heading-title elementor-size-default\">Vous avez des questions ou d\u00e9sirez effectuer une commande ?\n<\/h2>\t\t\t\t<\/div>\n\t\t\t\t<\/div>\n\t\t\t\t<div class=\"elementor-element elementor-element-8ce2cf4 elementor-align-center elementor-widget elementor-widget-button\" data-id=\"8ce2cf4\" data-element_type=\"widget\" data-widget_type=\"button.default\">\n\t\t\t\t<div class=\"elementor-widget-container\">\n\t\t\t\t\t\t\t\t\t<div class=\"elementor-button-wrapper\">\n\t\t\t\t\t<a class=\"elementor-button elementor-button-link elementor-size-md\" href=\"https:\/\/www.om6.com\/fr\/contact\/\">\n\t\t\t\t\t\t<span class=\"elementor-button-content-wrapper\">\n\t\t\t\t\t\t\t\t\t<span class=\"elementor-button-text\">CONTACTEZ-NOUS !<\/span>\n\t\t\t\t\t<\/span>\n\t\t\t\t\t<\/a>\n\t\t\t\t<\/div>\n\t\t\t\t\t\t\t\t<\/div>\n\t\t\t\t<\/div>\n\t\t\t\t<div class=\"elementor-element elementor-element-274457a elementor-widget elementor-widget-menu-anchor\" data-id=\"274457a\" data-element_type=\"widget\" data-widget_type=\"menu-anchor.default\">\n\t\t\t\t<div class=\"elementor-widget-container\">\n\t\t\t\t\t\t\t<div class=\"elementor-menu-anchor\" id=\"commander\"><\/div>\n\t\t\t\t\t\t<\/div>\n\t\t\t\t<\/div>\n\t\t\t\t\t<\/div>\n\t\t\t\t<\/div>\n\t\t<div class=\"elementor-element elementor-element-ce37493 e-flex e-con-boxed e-con e-parent\" data-id=\"ce37493\" data-element_type=\"container\" data-settings=\"{&quot;background_background&quot;:&quot;classic&quot;}\">\n\t\t\t\t\t<div class=\"e-con-inner\">\n\t\t\t\t<div class=\"elementor-element elementor-element-85d1916 elementor-widget elementor-widget-text-editor\" data-id=\"85d1916\" data-element_type=\"widget\" data-widget_type=\"text-editor.default\">\n\t\t\t\t<div class=\"elementor-widget-container\">\n\t\t\t\t\t\t\t\t\t<p>Tous les produits command\u00e9s chez O-m6 peuvent \u00eatre adapt\u00e9s pour convenir \u00e0 vos exigences.<\/p><p>Vous avez des questions?\u00a0|\u00a0<b>Communiquez avec nous\u00a0<\/b>au\u00a0<b><a href=\"tel:450 979-2275\">450 979-2275<\/a><\/b>\u00a0|\u00a0<a href=\"mailto:sales@om6.com\"><b>inf@om6.com<\/b><\/a><\/p>\t\t\t\t\t\t\t\t<\/div>\n\t\t\t\t<\/div>\n\t\t\t\t\t<\/div>\n\t\t\t\t<\/div>\n\t\t\t\t<\/div>\n\t\t","protected":false},"excerpt":{"rendered":"<p>C\u00e2bles \u00e0 maintien de polarisation VOIR LES SP\u00c9CIFICATIONS C\u00e2bles \u00e0 maintien de polarisation T\u00e9l\u00e9chargez la fiche produit Comment commander Sp\u00e9cifications Ces c\u00e2bles sont utilis\u00e9s principalement en instrumentation, en interf\u00e9rom\u00e9trie, ainsi qu\u2019en d\u00e9tection de fibres optiques. Ils sont offerts \u00e0 des longueurs d\u2019onde sp\u00e9cifiques avec des gaines de 900 \u03bcm, 2 mm ou 3 mm. Ils [&hellip;]<\/p>\n","protected":false},"author":5,"featured_media":748,"parent":188,"menu_order":0,"comment_status":"closed","ping_status":"closed","template":"","meta":{"footnotes":""},"class_list":["post-384","page","type-page","status-publish","has-post-thumbnail","hentry"],"acf":[],"yoast_head":"<!-- This site is optimized with the Yoast SEO plugin v26.7 - https:\/\/yoast.com\/wordpress\/plugins\/seo\/ -->\n<title>C\u00e2bles \u00e0 maintien de polarisation | O-m6 Technologies<\/title>\n<meta name=\"description\" content=\"Ces c\u00e2bles sont utilis\u00e9s principalement en instrumentation, en interf\u00e9rom\u00e9trie, ainsi qu\u2019en d\u00e9tection de fibres optiques.\" \/>\n<meta name=\"robots\" content=\"index, follow, max-snippet:-1, max-image-preview:large, max-video-preview:-1\" \/>\n<link rel=\"canonical\" href=\"https:\/\/www.om6.com\/fr\/produits\/cables-a-maintien-de-polarisation\/\" \/>\n<meta property=\"og:locale\" content=\"fr_FR\" \/>\n<meta property=\"og:type\" content=\"article\" \/>\n<meta property=\"og:title\" content=\"C\u00e2bles \u00e0 maintien de polarisation | O-m6 Technologies\" \/>\n<meta property=\"og:description\" content=\"Ces c\u00e2bles sont utilis\u00e9s principalement en instrumentation, en interf\u00e9rom\u00e9trie, ainsi qu\u2019en d\u00e9tection de fibres optiques.\" \/>\n<meta property=\"og:url\" content=\"https:\/\/www.om6.com\/fr\/produits\/cables-a-maintien-de-polarisation\/\" \/>\n<meta property=\"og:site_name\" content=\"O-m6 Technologies\" \/>\n<meta property=\"article:modified_time\" content=\"2025-02-05T21:20:24+00:00\" \/>\n<meta property=\"og:image\" content=\"http:\/\/om6.com\/wp-content\/uploads\/2021\/01\/o-m6-technologies-produits-cables-a-maintien-de-polarisation-2.jpg\" \/>\n\t<meta property=\"og:image:width\" content=\"1240\" \/>\n\t<meta property=\"og:image:height\" content=\"600\" \/>\n\t<meta property=\"og:image:type\" content=\"image\/jpeg\" \/>\n<meta name=\"twitter:label1\" content=\"Dur\u00e9e de lecture estim\u00e9e\" \/>\n\t<meta name=\"twitter:data1\" content=\"2 minutes\" \/>\n<script type=\"application\/ld+json\" class=\"yoast-schema-graph\">{\"@context\":\"https:\/\/schema.org\",\"@graph\":[{\"@type\":\"WebPage\",\"@id\":\"https:\/\/www.om6.com\/fr\/produits\/cables-a-maintien-de-polarisation\/\",\"url\":\"https:\/\/www.om6.com\/fr\/produits\/cables-a-maintien-de-polarisation\/\",\"name\":\"C\u00e2bles \u00e0 maintien de polarisation | O-m6 Technologies\",\"isPartOf\":{\"@id\":\"http:\/\/om6.com\/#website\"},\"primaryImageOfPage\":{\"@id\":\"https:\/\/www.om6.com\/fr\/produits\/cables-a-maintien-de-polarisation\/#primaryimage\"},\"image\":{\"@id\":\"https:\/\/www.om6.com\/fr\/produits\/cables-a-maintien-de-polarisation\/#primaryimage\"},\"thumbnailUrl\":\"https:\/\/www.om6.com\/wp-content\/uploads\/2021\/01\/o-m6-technologies-produits-cables-a-maintien-de-polarisation-2.jpg\",\"datePublished\":\"2021-01-06T13:08:37+00:00\",\"dateModified\":\"2025-02-05T21:20:24+00:00\",\"description\":\"Ces c\u00e2bles sont utilis\u00e9s principalement en instrumentation, en interf\u00e9rom\u00e9trie, ainsi qu\u2019en d\u00e9tection de fibres optiques.\",\"breadcrumb\":{\"@id\":\"https:\/\/www.om6.com\/fr\/produits\/cables-a-maintien-de-polarisation\/#breadcrumb\"},\"inLanguage\":\"fr-FR\",\"potentialAction\":[{\"@type\":\"ReadAction\",\"target\":[\"https:\/\/www.om6.com\/fr\/produits\/cables-a-maintien-de-polarisation\/\"]}]},{\"@type\":\"ImageObject\",\"inLanguage\":\"fr-FR\",\"@id\":\"https:\/\/www.om6.com\/fr\/produits\/cables-a-maintien-de-polarisation\/#primaryimage\",\"url\":\"https:\/\/www.om6.com\/wp-content\/uploads\/2021\/01\/o-m6-technologies-produits-cables-a-maintien-de-polarisation-2.jpg\",\"contentUrl\":\"https:\/\/www.om6.com\/wp-content\/uploads\/2021\/01\/o-m6-technologies-produits-cables-a-maintien-de-polarisation-2.jpg\",\"width\":1240,\"height\":600},{\"@type\":\"BreadcrumbList\",\"@id\":\"https:\/\/www.om6.com\/fr\/produits\/cables-a-maintien-de-polarisation\/#breadcrumb\",\"itemListElement\":[{\"@type\":\"ListItem\",\"position\":1,\"name\":\"Accueil\",\"item\":\"https:\/\/www.om6.com\/fr\/\"},{\"@type\":\"ListItem\",\"position\":2,\"name\":\"Nos produits\",\"item\":\"http:\/\/om6.com\/fr\/produits\/\"},{\"@type\":\"ListItem\",\"position\":3,\"name\":\"C\u00e2bles \u00e0 maintien de polarisation\"}]},{\"@type\":\"WebSite\",\"@id\":\"http:\/\/om6.com\/#website\",\"url\":\"http:\/\/om6.com\/\",\"name\":\"O-m6 Technologies\",\"description\":\"O-m6 Technologies\",\"potentialAction\":[{\"@type\":\"SearchAction\",\"target\":{\"@type\":\"EntryPoint\",\"urlTemplate\":\"http:\/\/om6.com\/?s={search_term_string}\"},\"query-input\":{\"@type\":\"PropertyValueSpecification\",\"valueRequired\":true,\"valueName\":\"search_term_string\"}}],\"inLanguage\":\"fr-FR\"}]}<\/script>\n<!-- \/ Yoast SEO plugin. -->","yoast_head_json":{"title":"C\u00e2bles \u00e0 maintien de polarisation | O-m6 Technologies","description":"Ces c\u00e2bles sont utilis\u00e9s principalement en instrumentation, en interf\u00e9rom\u00e9trie, ainsi qu\u2019en d\u00e9tection de fibres optiques.","robots":{"index":"index","follow":"follow","max-snippet":"max-snippet:-1","max-image-preview":"max-image-preview:large","max-video-preview":"max-video-preview:-1"},"canonical":"https:\/\/www.om6.com\/fr\/produits\/cables-a-maintien-de-polarisation\/","og_locale":"fr_FR","og_type":"article","og_title":"C\u00e2bles \u00e0 maintien de polarisation | O-m6 Technologies","og_description":"Ces c\u00e2bles sont utilis\u00e9s principalement en instrumentation, en interf\u00e9rom\u00e9trie, ainsi qu\u2019en d\u00e9tection de fibres optiques.","og_url":"https:\/\/www.om6.com\/fr\/produits\/cables-a-maintien-de-polarisation\/","og_site_name":"O-m6 Technologies","article_modified_time":"2025-02-05T21:20:24+00:00","og_image":[{"width":1240,"height":600,"url":"http:\/\/om6.com\/wp-content\/uploads\/2021\/01\/o-m6-technologies-produits-cables-a-maintien-de-polarisation-2.jpg","type":"image\/jpeg"}],"twitter_misc":{"Dur\u00e9e de lecture estim\u00e9e":"2 minutes"},"schema":{"@context":"https:\/\/schema.org","@graph":[{"@type":"WebPage","@id":"https:\/\/www.om6.com\/fr\/produits\/cables-a-maintien-de-polarisation\/","url":"https:\/\/www.om6.com\/fr\/produits\/cables-a-maintien-de-polarisation\/","name":"C\u00e2bles \u00e0 maintien de polarisation | O-m6 Technologies","isPartOf":{"@id":"http:\/\/om6.com\/#website"},"primaryImageOfPage":{"@id":"https:\/\/www.om6.com\/fr\/produits\/cables-a-maintien-de-polarisation\/#primaryimage"},"image":{"@id":"https:\/\/www.om6.com\/fr\/produits\/cables-a-maintien-de-polarisation\/#primaryimage"},"thumbnailUrl":"https:\/\/www.om6.com\/wp-content\/uploads\/2021\/01\/o-m6-technologies-produits-cables-a-maintien-de-polarisation-2.jpg","datePublished":"2021-01-06T13:08:37+00:00","dateModified":"2025-02-05T21:20:24+00:00","description":"Ces c\u00e2bles sont utilis\u00e9s principalement en instrumentation, en interf\u00e9rom\u00e9trie, ainsi qu\u2019en d\u00e9tection de fibres optiques.","breadcrumb":{"@id":"https:\/\/www.om6.com\/fr\/produits\/cables-a-maintien-de-polarisation\/#breadcrumb"},"inLanguage":"fr-FR","potentialAction":[{"@type":"ReadAction","target":["https:\/\/www.om6.com\/fr\/produits\/cables-a-maintien-de-polarisation\/"]}]},{"@type":"ImageObject","inLanguage":"fr-FR","@id":"https:\/\/www.om6.com\/fr\/produits\/cables-a-maintien-de-polarisation\/#primaryimage","url":"https:\/\/www.om6.com\/wp-content\/uploads\/2021\/01\/o-m6-technologies-produits-cables-a-maintien-de-polarisation-2.jpg","contentUrl":"https:\/\/www.om6.com\/wp-content\/uploads\/2021\/01\/o-m6-technologies-produits-cables-a-maintien-de-polarisation-2.jpg","width":1240,"height":600},{"@type":"BreadcrumbList","@id":"https:\/\/www.om6.com\/fr\/produits\/cables-a-maintien-de-polarisation\/#breadcrumb","itemListElement":[{"@type":"ListItem","position":1,"name":"Accueil","item":"https:\/\/www.om6.com\/fr\/"},{"@type":"ListItem","position":2,"name":"Nos produits","item":"http:\/\/om6.com\/fr\/produits\/"},{"@type":"ListItem","position":3,"name":"C\u00e2bles \u00e0 maintien de polarisation"}]},{"@type":"WebSite","@id":"http:\/\/om6.com\/#website","url":"http:\/\/om6.com\/","name":"O-m6 Technologies","description":"O-m6 Technologies","potentialAction":[{"@type":"SearchAction","target":{"@type":"EntryPoint","urlTemplate":"http:\/\/om6.com\/?s={search_term_string}"},"query-input":{"@type":"PropertyValueSpecification","valueRequired":true,"valueName":"search_term_string"}}],"inLanguage":"fr-FR"}]}},"_links":{"self":[{"href":"https:\/\/www.om6.com\/fr\/wp-json\/wp\/v2\/pages\/384","targetHints":{"allow":["GET"]}}],"collection":[{"href":"https:\/\/www.om6.com\/fr\/wp-json\/wp\/v2\/pages"}],"about":[{"href":"https:\/\/www.om6.com\/fr\/wp-json\/wp\/v2\/types\/page"}],"author":[{"embeddable":true,"href":"https:\/\/www.om6.com\/fr\/wp-json\/wp\/v2\/users\/5"}],"replies":[{"embeddable":true,"href":"https:\/\/www.om6.com\/fr\/wp-json\/wp\/v2\/comments?post=384"}],"version-history":[{"count":3,"href":"https:\/\/www.om6.com\/fr\/wp-json\/wp\/v2\/pages\/384\/revisions"}],"predecessor-version":[{"id":3204,"href":"https:\/\/www.om6.com\/fr\/wp-json\/wp\/v2\/pages\/384\/revisions\/3204"}],"up":[{"embeddable":true,"href":"https:\/\/www.om6.com\/fr\/wp-json\/wp\/v2\/pages\/188"}],"wp:featuredmedia":[{"embeddable":true,"href":"https:\/\/www.om6.com\/fr\/wp-json\/wp\/v2\/media\/748"}],"wp:attachment":[{"href":"https:\/\/www.om6.com\/fr\/wp-json\/wp\/v2\/media?parent=384"}],"curies":[{"name":"wp","href":"https:\/\/api.w.org\/{rel}","templated":true}]}}