{"id":354,"date":"2021-01-05T19:05:17","date_gmt":"2021-01-05T19:05:17","guid":{"rendered":"https:\/\/www.om6.com\/?page_id=354"},"modified":"2025-02-06T02:07:53","modified_gmt":"2025-02-06T02:07:53","slug":"coupleurs","status":"publish","type":"page","link":"https:\/\/www.om6.com\/fr\/produits\/coupleurs\/","title":{"rendered":"Coupleurs"},"content":{"rendered":"\t\t<div data-elementor-type=\"wp-page\" data-elementor-id=\"354\" class=\"elementor elementor-354\" data-elementor-post-type=\"page\">\n\t\t\t\t<div class=\"elementor-element elementor-element-25b5f48 e-flex e-con-boxed e-con e-parent\" data-id=\"25b5f48\" data-element_type=\"container\" data-settings=\"{&quot;background_background&quot;:&quot;classic&quot;}\">\n\t\t\t\t\t<div class=\"e-con-inner\">\n\t\t\t\t<div class=\"elementor-element elementor-element-e640815 elementor-widget__width-inherit elementor-widget elementor-widget-heading\" data-id=\"e640815\" data-element_type=\"widget\" data-widget_type=\"heading.default\">\n\t\t\t\t<div class=\"elementor-widget-container\">\n\t\t\t\t\t<h1 class=\"elementor-heading-title elementor-size-default\">Coupleurs<\/h1>\t\t\t\t<\/div>\n\t\t\t\t<\/div>\n\t\t\t\t<div class=\"elementor-element elementor-element-d224282 elementor-align-center elementor-widget__width-inherit elementor-widget elementor-widget-button\" data-id=\"d224282\" data-element_type=\"widget\" data-widget_type=\"button.default\">\n\t\t\t\t<div class=\"elementor-widget-container\">\n\t\t\t\t\t\t\t\t\t<div class=\"elementor-button-wrapper\">\n\t\t\t\t\t<a class=\"elementor-button elementor-button-link elementor-size-md\" href=\"#le-produit\">\n\t\t\t\t\t\t<span class=\"elementor-button-content-wrapper\">\n\t\t\t\t\t\t\t\t\t<span class=\"elementor-button-text\">VOIR LES SP\u00c9CIFICATIONS <\/span>\n\t\t\t\t\t<\/span>\n\t\t\t\t\t<\/a>\n\t\t\t\t<\/div>\n\t\t\t\t\t\t\t\t<\/div>\n\t\t\t\t<\/div>\n\t\t\t\t\t<\/div>\n\t\t\t\t<\/div>\n\t\t<div class=\"elementor-element elementor-element-1400567 e-flex e-con-boxed e-con e-parent\" data-id=\"1400567\" data-element_type=\"container\">\n\t\t\t\t\t<div class=\"e-con-inner\">\n\t\t\t\t<div class=\"elementor-element elementor-element-f5c78c2 elementor-widget elementor-widget-menu-anchor\" data-id=\"f5c78c2\" data-element_type=\"widget\" data-widget_type=\"menu-anchor.default\">\n\t\t\t\t<div class=\"elementor-widget-container\">\n\t\t\t\t\t\t\t<div class=\"elementor-menu-anchor\" id=\"le-produit\"><\/div>\n\t\t\t\t\t\t<\/div>\n\t\t\t\t<\/div>\n\t\t\t\t\t<\/div>\n\t\t\t\t<\/div>\n\t\t<div class=\"elementor-element elementor-element-47189e8 e-flex e-con-boxed e-con e-parent\" data-id=\"47189e8\" data-element_type=\"container\" data-settings=\"{&quot;background_background&quot;:&quot;classic&quot;}\">\n\t\t\t\t\t<div class=\"e-con-inner\">\n\t\t<div class=\"elementor-element elementor-element-34fc5f0 e-con-full e-flex e-con e-child\" data-id=\"34fc5f0\" data-element_type=\"container\">\n\t\t\t\t<div class=\"elementor-element elementor-element-2dd666b elementor-widget elementor-widget-heading\" data-id=\"2dd666b\" data-element_type=\"widget\" data-widget_type=\"heading.default\">\n\t\t\t\t<div class=\"elementor-widget-container\">\n\t\t\t\t\t<h2 class=\"elementor-heading-title elementor-size-default\">Coupleurs<\/h2>\t\t\t\t<\/div>\n\t\t\t\t<\/div>\n\t\t\t\t<\/div>\n\t\t<div class=\"elementor-element elementor-element-26eb947 e-con-full e-flex e-con e-child\" data-id=\"26eb947\" data-element_type=\"container\">\n\t\t\t\t<div class=\"elementor-element elementor-element-b9176f6 elementor-widget__width-auto elementor-widget elementor-widget-button\" data-id=\"b9176f6\" data-element_type=\"widget\" data-widget_type=\"button.default\">\n\t\t\t\t<div class=\"elementor-widget-container\">\n\t\t\t\t\t\t\t\t\t<div class=\"elementor-button-wrapper\">\n\t\t\t\t\t<a class=\"elementor-button elementor-button-link elementor-size-md\" href=\"https:\/\/www.om6.com\/wp-content\/uploads\/2021\/01\/p002_coupleurs.pdf\" target=\"_blank\">\n\t\t\t\t\t\t<span class=\"elementor-button-content-wrapper\">\n\t\t\t\t\t\t\t\t\t<span class=\"elementor-button-text\">T\u00e9l\u00e9chargez la fiche produit<\/span>\n\t\t\t\t\t<\/span>\n\t\t\t\t\t<\/a>\n\t\t\t\t<\/div>\n\t\t\t\t\t\t\t\t<\/div>\n\t\t\t\t<\/div>\n\t\t\t\t<div class=\"elementor-element elementor-element-c6d212b elementor-widget__width-auto elementor-widget elementor-widget-button\" data-id=\"c6d212b\" data-element_type=\"widget\" data-widget_type=\"button.default\">\n\t\t\t\t<div class=\"elementor-widget-container\">\n\t\t\t\t\t\t\t\t\t<div class=\"elementor-button-wrapper\">\n\t\t\t\t\t<a class=\"elementor-button elementor-button-link elementor-size-md\" href=\"#commander\">\n\t\t\t\t\t\t<span class=\"elementor-button-content-wrapper\">\n\t\t\t\t\t\t\t\t\t<span class=\"elementor-button-text\">Comment commander<\/span>\n\t\t\t\t\t<\/span>\n\t\t\t\t\t<\/a>\n\t\t\t\t<\/div>\n\t\t\t\t\t\t\t\t<\/div>\n\t\t\t\t<\/div>\n\t\t\t\t<\/div>\n\t\t\t\t\t<\/div>\n\t\t\t\t<\/div>\n\t\t<div class=\"elementor-element elementor-element-ee0cbf4 e-flex e-con-boxed e-con e-parent\" data-id=\"ee0cbf4\" data-element_type=\"container\" data-settings=\"{&quot;background_background&quot;:&quot;classic&quot;}\">\n\t\t\t\t\t<div class=\"e-con-inner\">\n\t\t<div class=\"elementor-element elementor-element-ad32d1e e-con-full e-flex e-con e-child\" data-id=\"ad32d1e\" data-element_type=\"container\">\n\t\t\t\t<\/div>\n\t\t<div class=\"elementor-element elementor-element-ee2620b e-con-full e-flex e-con e-child\" data-id=\"ee2620b\" data-element_type=\"container\">\n\t\t\t\t<div class=\"elementor-element elementor-element-27b309a elementor-widget__width-auto elementor-widget elementor-widget-button\" data-id=\"27b309a\" data-element_type=\"widget\" data-widget_type=\"button.default\">\n\t\t\t\t<div class=\"elementor-widget-container\">\n\t\t\t\t\t\t\t\t\t<div class=\"elementor-button-wrapper\">\n\t\t\t\t\t<a class=\"elementor-button elementor-button-link elementor-size-md\" href=\"#elementor-action%3Aaction%3Dpopup%3Aopen%26settings%3DeyJpZCI6MzM0MywidG9nZ2xlIjpmYWxzZX0%3D\" target=\"_blank\">\n\t\t\t\t\t\t<span class=\"elementor-button-content-wrapper\">\n\t\t\t\t\t\t\t\t\t<span class=\"elementor-button-text\">Coupleurs<\/span>\n\t\t\t\t\t<\/span>\n\t\t\t\t\t<\/a>\n\t\t\t\t<\/div>\n\t\t\t\t\t\t\t\t<\/div>\n\t\t\t\t<\/div>\n\t\t\t\t<\/div>\n\t\t\t\t\t<\/div>\n\t\t\t\t<\/div>\n\t\t<div class=\"elementor-element elementor-element-1c2e721 e-flex e-con-boxed e-con e-parent\" data-id=\"1c2e721\" data-element_type=\"container\" data-settings=\"{&quot;background_background&quot;:&quot;classic&quot;}\">\n\t\t\t\t\t<div class=\"e-con-inner\">\n\t\t\t\t<div class=\"elementor-element elementor-element-d615763 elementor-widget__width-inherit elementor-widget-tablet__width-inherit elementor-widget elementor-widget-text-editor\" data-id=\"d615763\" data-element_type=\"widget\" data-widget_type=\"text-editor.default\">\n\t\t\t\t<div class=\"elementor-widget-container\">\n\t\t\t\t\t\t\t\t\t<p><strong>Sp\u00e9cifications<\/strong><\/p><div class=\"wpb_row vc_row vc_row-fluid  mk-fullwidth-false  attched-false    vc_custom_1593802342392  js-master-row \"><div class=\"vc_col-sm-12 wpb_column column_container  _ height-full\"><div id=\"text-block-7\" class=\"mk-text-block   \"><p>Un coupleur est un composant utilis\u00e9 pour distribuer la puissance optique entre deux ports ou plus, que ce soit en combinant ou en divisant le signal en un certain nombre d\u2019entr\u00e9es ou de sorties. Nos coupleurs sont disponibles dans une grande vari\u00e9t\u00e9 de configurations (1X2, 1X3, 2X2) et en plusieurs dimensions (900\u00a0\u00b5m ou 2\u00a0mm).\u00a0<\/p><ul><li>Grand choix de ratios de couplage.<\/li><li>Vaste s\u00e9lection de gaines et de connecteurs.<\/li><li>Format compact.<\/li><li>Tous les connecteurs sont inspect\u00e9s et test\u00e9s selon les normes IEC.<\/li><\/ul><div class=\"clearboth\">\u00a0<\/div><\/div><\/div><\/div><div class=\"wpb_row vc_row vc_row-fluid  mk-fullwidth-false  attched-false    vc_custom_1594041310049  js-master-row \"><div class=\"vc_col-sm-12 wpb_column column_container  _ height-full\"><h4 id=\"fancy-title-8\" class=\"mk-fancy-title  simple-style  color-single\">Caract\u00e9ristiques techniques<\/h4><\/div><\/div>\t\t\t\t\t\t\t\t<\/div>\n\t\t\t\t<\/div>\n\t\t\t\t<div class=\"elementor-element elementor-element-e2ec319 elementor-widget elementor-widget-image\" data-id=\"e2ec319\" data-element_type=\"widget\" data-widget_type=\"image.default\">\n\t\t\t\t<div class=\"elementor-widget-container\">\n\t\t\t\t\t\t\t\t\t\t\t\t\t\t\t<img fetchpriority=\"high\" decoding=\"async\" width=\"1298\" height=\"902\" src=\"https:\/\/www.om6.com\/wp-content\/uploads\/2021\/02\/p002_coupleurs.jpg\" class=\"attachment-full size-full wp-image-778\" alt=\"\" srcset=\"https:\/\/www.om6.com\/wp-content\/uploads\/2021\/02\/p002_coupleurs.jpg 1298w, https:\/\/www.om6.com\/wp-content\/uploads\/2021\/02\/p002_coupleurs-300x208.jpg 300w, https:\/\/www.om6.com\/wp-content\/uploads\/2021\/02\/p002_coupleurs-1024x712.jpg 1024w, https:\/\/www.om6.com\/wp-content\/uploads\/2021\/02\/p002_coupleurs-768x534.jpg 768w\" sizes=\"(max-width: 1298px) 100vw, 1298px\" \/>\t\t\t\t\t\t\t\t\t\t\t\t\t\t\t<\/div>\n\t\t\t\t<\/div>\n\t\t\t\t<div class=\"elementor-element elementor-element-6f9126e elementor-widget elementor-widget-text-editor\" data-id=\"6f9126e\" data-element_type=\"widget\" data-widget_type=\"text-editor.default\">\n\t\t\t\t<div class=\"elementor-widget-container\">\n\t\t\t\t\t\t\t\t\t<p>La S\u00e9rie + inclut la qualification g\u00e9om\u00e9trique.<\/p>\t\t\t\t\t\t\t\t<\/div>\n\t\t\t\t<\/div>\n\t\t\t\t\t<\/div>\n\t\t\t\t<\/div>\n\t\t<div class=\"elementor-element elementor-element-83c2951 e-flex e-con-boxed e-con e-parent\" data-id=\"83c2951\" data-element_type=\"container\" data-settings=\"{&quot;background_background&quot;:&quot;classic&quot;}\">\n\t\t\t\t\t<div class=\"e-con-inner\">\n\t\t\t\t<div class=\"elementor-element elementor-element-74ee8f0 elementor-widget elementor-widget-heading\" data-id=\"74ee8f0\" data-element_type=\"widget\" data-widget_type=\"heading.default\">\n\t\t\t\t<div class=\"elementor-widget-container\">\n\t\t\t\t\t<h2 class=\"elementor-heading-title elementor-size-default\">Vous avez des questions ou d\u00e9sirez effectuer une commande ?\n<\/h2>\t\t\t\t<\/div>\n\t\t\t\t<\/div>\n\t\t\t\t<div class=\"elementor-element elementor-element-06b035e elementor-align-center elementor-widget elementor-widget-button\" data-id=\"06b035e\" data-element_type=\"widget\" data-widget_type=\"button.default\">\n\t\t\t\t<div class=\"elementor-widget-container\">\n\t\t\t\t\t\t\t\t\t<div class=\"elementor-button-wrapper\">\n\t\t\t\t\t<a class=\"elementor-button elementor-button-link elementor-size-md\" href=\"https:\/\/www.om6.com\/fr\/contact\/\">\n\t\t\t\t\t\t<span class=\"elementor-button-content-wrapper\">\n\t\t\t\t\t\t\t\t\t<span class=\"elementor-button-text\">CONTACTEZ-NOUS !<\/span>\n\t\t\t\t\t<\/span>\n\t\t\t\t\t<\/a>\n\t\t\t\t<\/div>\n\t\t\t\t\t\t\t\t<\/div>\n\t\t\t\t<\/div>\n\t\t\t\t<div class=\"elementor-element elementor-element-244800a elementor-widget elementor-widget-menu-anchor\" data-id=\"244800a\" data-element_type=\"widget\" data-widget_type=\"menu-anchor.default\">\n\t\t\t\t<div class=\"elementor-widget-container\">\n\t\t\t\t\t\t\t<div class=\"elementor-menu-anchor\" id=\"commander\"><\/div>\n\t\t\t\t\t\t<\/div>\n\t\t\t\t<\/div>\n\t\t\t\t\t<\/div>\n\t\t\t\t<\/div>\n\t\t<div class=\"elementor-element elementor-element-265c4bf e-flex e-con-boxed e-con e-parent\" data-id=\"265c4bf\" data-element_type=\"container\" data-settings=\"{&quot;background_background&quot;:&quot;classic&quot;}\">\n\t\t\t\t\t<div class=\"e-con-inner\">\n\t\t\t\t<div class=\"elementor-element elementor-element-0a50d5a elementor-widget elementor-widget-text-editor\" data-id=\"0a50d5a\" data-element_type=\"widget\" data-widget_type=\"text-editor.default\">\n\t\t\t\t<div class=\"elementor-widget-container\">\n\t\t\t\t\t\t\t\t\t<p>Tous les produits command\u00e9s chez O-m6 peuvent \u00eatre adapt\u00e9s pour convenir \u00e0 vos exigences.<\/p><p>Vous avez des questions?\u00a0|\u00a0<b>Communiquez avec nous\u00a0<\/b>au\u00a0<b><a href=\"tel:450 979-2275\">450 979-2275<\/a><\/b>\u00a0|\u00a0<a href=\"mailto:sales@om6.com\"><b>inf@om6.com<\/b><\/a><\/p>\t\t\t\t\t\t\t\t<\/div>\n\t\t\t\t<\/div>\n\t\t\t\t\t<\/div>\n\t\t\t\t<\/div>\n\t\t\t\t<\/div>\n\t\t","protected":false},"excerpt":{"rendered":"<p>Coupleurs VOIR LES SP\u00c9CIFICATIONS Coupleurs T\u00e9l\u00e9chargez la fiche produit Comment commander Coupleurs Sp\u00e9cifications Un coupleur est un composant utilis\u00e9 pour distribuer la puissance optique entre deux ports ou plus, que ce soit en combinant ou en divisant le signal en un certain nombre d\u2019entr\u00e9es ou de sorties. Nos coupleurs sont disponibles dans une grande vari\u00e9t\u00e9 [&hellip;]<\/p>\n","protected":false},"author":5,"featured_media":750,"parent":188,"menu_order":0,"comment_status":"closed","ping_status":"closed","template":"","meta":{"footnotes":""},"class_list":["post-354","page","type-page","status-publish","has-post-thumbnail","hentry"],"acf":[],"yoast_head":"<!-- This site is optimized with the Yoast SEO plugin v26.7 - https:\/\/yoast.com\/wordpress\/plugins\/seo\/ -->\n<title>Coupleurs | O-m6 Technologies<\/title>\n<meta name=\"description\" content=\"Un coupleur est un composant utilis\u00e9 pour distribuer la puissance optique entre deux ports ou plus, que ce soit en combinant ou en divisant le signal en un certain nombre d\u2019entr\u00e9es ou de sorties.\" \/>\n<meta name=\"robots\" content=\"index, follow, max-snippet:-1, max-image-preview:large, max-video-preview:-1\" \/>\n<link rel=\"canonical\" href=\"https:\/\/www.om6.com\/fr\/produits\/coupleurs\/\" \/>\n<meta property=\"og:locale\" content=\"fr_FR\" \/>\n<meta property=\"og:type\" content=\"article\" \/>\n<meta property=\"og:title\" content=\"Coupleurs | O-m6 Technologies\" \/>\n<meta property=\"og:description\" content=\"Un coupleur est un composant utilis\u00e9 pour distribuer la puissance optique entre deux ports ou plus, que ce soit en combinant ou en divisant le signal en un certain nombre d\u2019entr\u00e9es ou de sorties.\" \/>\n<meta property=\"og:url\" content=\"https:\/\/www.om6.com\/fr\/produits\/coupleurs\/\" \/>\n<meta property=\"og:site_name\" content=\"O-m6 Technologies\" \/>\n<meta property=\"article:modified_time\" content=\"2025-02-06T02:07:53+00:00\" \/>\n<meta property=\"og:image\" content=\"http:\/\/om6.com\/wp-content\/uploads\/2021\/01\/o-m6-technologies-produits-coupleurs-2.jpg\" \/>\n\t<meta property=\"og:image:width\" content=\"1240\" \/>\n\t<meta property=\"og:image:height\" content=\"600\" \/>\n\t<meta property=\"og:image:type\" content=\"image\/jpeg\" \/>\n<meta name=\"twitter:label1\" content=\"Dur\u00e9e de lecture estim\u00e9e\" \/>\n\t<meta name=\"twitter:data1\" content=\"1 minute\" \/>\n<script type=\"application\/ld+json\" class=\"yoast-schema-graph\">{\"@context\":\"https:\/\/schema.org\",\"@graph\":[{\"@type\":\"WebPage\",\"@id\":\"https:\/\/www.om6.com\/fr\/produits\/coupleurs\/\",\"url\":\"https:\/\/www.om6.com\/fr\/produits\/coupleurs\/\",\"name\":\"Coupleurs | O-m6 Technologies\",\"isPartOf\":{\"@id\":\"http:\/\/om6.com\/#website\"},\"primaryImageOfPage\":{\"@id\":\"https:\/\/www.om6.com\/fr\/produits\/coupleurs\/#primaryimage\"},\"image\":{\"@id\":\"https:\/\/www.om6.com\/fr\/produits\/coupleurs\/#primaryimage\"},\"thumbnailUrl\":\"https:\/\/www.om6.com\/wp-content\/uploads\/2021\/01\/o-m6-technologies-produits-coupleurs-2.jpg\",\"datePublished\":\"2021-01-05T19:05:17+00:00\",\"dateModified\":\"2025-02-06T02:07:53+00:00\",\"description\":\"Un coupleur est un composant utilis\u00e9 pour distribuer la puissance optique entre deux ports ou plus, que ce soit en combinant ou en divisant le signal en un certain nombre d\u2019entr\u00e9es ou de sorties.\",\"breadcrumb\":{\"@id\":\"https:\/\/www.om6.com\/fr\/produits\/coupleurs\/#breadcrumb\"},\"inLanguage\":\"fr-FR\",\"potentialAction\":[{\"@type\":\"ReadAction\",\"target\":[\"https:\/\/www.om6.com\/fr\/produits\/coupleurs\/\"]}]},{\"@type\":\"ImageObject\",\"inLanguage\":\"fr-FR\",\"@id\":\"https:\/\/www.om6.com\/fr\/produits\/coupleurs\/#primaryimage\",\"url\":\"https:\/\/www.om6.com\/wp-content\/uploads\/2021\/01\/o-m6-technologies-produits-coupleurs-2.jpg\",\"contentUrl\":\"https:\/\/www.om6.com\/wp-content\/uploads\/2021\/01\/o-m6-technologies-produits-coupleurs-2.jpg\",\"width\":1240,\"height\":600},{\"@type\":\"BreadcrumbList\",\"@id\":\"https:\/\/www.om6.com\/fr\/produits\/coupleurs\/#breadcrumb\",\"itemListElement\":[{\"@type\":\"ListItem\",\"position\":1,\"name\":\"Accueil\",\"item\":\"https:\/\/www.om6.com\/fr\/\"},{\"@type\":\"ListItem\",\"position\":2,\"name\":\"Nos produits\",\"item\":\"http:\/\/om6.com\/fr\/produits\/\"},{\"@type\":\"ListItem\",\"position\":3,\"name\":\"Coupleurs\"}]},{\"@type\":\"WebSite\",\"@id\":\"http:\/\/om6.com\/#website\",\"url\":\"http:\/\/om6.com\/\",\"name\":\"O-m6 Technologies\",\"description\":\"O-m6 Technologies\",\"potentialAction\":[{\"@type\":\"SearchAction\",\"target\":{\"@type\":\"EntryPoint\",\"urlTemplate\":\"http:\/\/om6.com\/?s={search_term_string}\"},\"query-input\":{\"@type\":\"PropertyValueSpecification\",\"valueRequired\":true,\"valueName\":\"search_term_string\"}}],\"inLanguage\":\"fr-FR\"}]}<\/script>\n<!-- \/ Yoast SEO plugin. -->","yoast_head_json":{"title":"Coupleurs | O-m6 Technologies","description":"Un coupleur est un composant utilis\u00e9 pour distribuer la puissance optique entre deux ports ou plus, que ce soit en combinant ou en divisant le signal en un certain nombre d\u2019entr\u00e9es ou de sorties.","robots":{"index":"index","follow":"follow","max-snippet":"max-snippet:-1","max-image-preview":"max-image-preview:large","max-video-preview":"max-video-preview:-1"},"canonical":"https:\/\/www.om6.com\/fr\/produits\/coupleurs\/","og_locale":"fr_FR","og_type":"article","og_title":"Coupleurs | O-m6 Technologies","og_description":"Un coupleur est un composant utilis\u00e9 pour distribuer la puissance optique entre deux ports ou plus, que ce soit en combinant ou en divisant le signal en un certain nombre d\u2019entr\u00e9es ou de sorties.","og_url":"https:\/\/www.om6.com\/fr\/produits\/coupleurs\/","og_site_name":"O-m6 Technologies","article_modified_time":"2025-02-06T02:07:53+00:00","og_image":[{"width":1240,"height":600,"url":"http:\/\/om6.com\/wp-content\/uploads\/2021\/01\/o-m6-technologies-produits-coupleurs-2.jpg","type":"image\/jpeg"}],"twitter_misc":{"Dur\u00e9e de lecture estim\u00e9e":"1 minute"},"schema":{"@context":"https:\/\/schema.org","@graph":[{"@type":"WebPage","@id":"https:\/\/www.om6.com\/fr\/produits\/coupleurs\/","url":"https:\/\/www.om6.com\/fr\/produits\/coupleurs\/","name":"Coupleurs | O-m6 Technologies","isPartOf":{"@id":"http:\/\/om6.com\/#website"},"primaryImageOfPage":{"@id":"https:\/\/www.om6.com\/fr\/produits\/coupleurs\/#primaryimage"},"image":{"@id":"https:\/\/www.om6.com\/fr\/produits\/coupleurs\/#primaryimage"},"thumbnailUrl":"https:\/\/www.om6.com\/wp-content\/uploads\/2021\/01\/o-m6-technologies-produits-coupleurs-2.jpg","datePublished":"2021-01-05T19:05:17+00:00","dateModified":"2025-02-06T02:07:53+00:00","description":"Un coupleur est un composant utilis\u00e9 pour distribuer la puissance optique entre deux ports ou plus, que ce soit en combinant ou en divisant le signal en un certain nombre d\u2019entr\u00e9es ou de sorties.","breadcrumb":{"@id":"https:\/\/www.om6.com\/fr\/produits\/coupleurs\/#breadcrumb"},"inLanguage":"fr-FR","potentialAction":[{"@type":"ReadAction","target":["https:\/\/www.om6.com\/fr\/produits\/coupleurs\/"]}]},{"@type":"ImageObject","inLanguage":"fr-FR","@id":"https:\/\/www.om6.com\/fr\/produits\/coupleurs\/#primaryimage","url":"https:\/\/www.om6.com\/wp-content\/uploads\/2021\/01\/o-m6-technologies-produits-coupleurs-2.jpg","contentUrl":"https:\/\/www.om6.com\/wp-content\/uploads\/2021\/01\/o-m6-technologies-produits-coupleurs-2.jpg","width":1240,"height":600},{"@type":"BreadcrumbList","@id":"https:\/\/www.om6.com\/fr\/produits\/coupleurs\/#breadcrumb","itemListElement":[{"@type":"ListItem","position":1,"name":"Accueil","item":"https:\/\/www.om6.com\/fr\/"},{"@type":"ListItem","position":2,"name":"Nos produits","item":"http:\/\/om6.com\/fr\/produits\/"},{"@type":"ListItem","position":3,"name":"Coupleurs"}]},{"@type":"WebSite","@id":"http:\/\/om6.com\/#website","url":"http:\/\/om6.com\/","name":"O-m6 Technologies","description":"O-m6 Technologies","potentialAction":[{"@type":"SearchAction","target":{"@type":"EntryPoint","urlTemplate":"http:\/\/om6.com\/?s={search_term_string}"},"query-input":{"@type":"PropertyValueSpecification","valueRequired":true,"valueName":"search_term_string"}}],"inLanguage":"fr-FR"}]}},"_links":{"self":[{"href":"https:\/\/www.om6.com\/fr\/wp-json\/wp\/v2\/pages\/354","targetHints":{"allow":["GET"]}}],"collection":[{"href":"https:\/\/www.om6.com\/fr\/wp-json\/wp\/v2\/pages"}],"about":[{"href":"https:\/\/www.om6.com\/fr\/wp-json\/wp\/v2\/types\/page"}],"author":[{"embeddable":true,"href":"https:\/\/www.om6.com\/fr\/wp-json\/wp\/v2\/users\/5"}],"replies":[{"embeddable":true,"href":"https:\/\/www.om6.com\/fr\/wp-json\/wp\/v2\/comments?post=354"}],"version-history":[{"count":10,"href":"https:\/\/www.om6.com\/fr\/wp-json\/wp\/v2\/pages\/354\/revisions"}],"predecessor-version":[{"id":3355,"href":"https:\/\/www.om6.com\/fr\/wp-json\/wp\/v2\/pages\/354\/revisions\/3355"}],"up":[{"embeddable":true,"href":"https:\/\/www.om6.com\/fr\/wp-json\/wp\/v2\/pages\/188"}],"wp:featuredmedia":[{"embeddable":true,"href":"https:\/\/www.om6.com\/fr\/wp-json\/wp\/v2\/media\/750"}],"wp:attachment":[{"href":"https:\/\/www.om6.com\/fr\/wp-json\/wp\/v2\/media?parent=354"}],"curies":[{"name":"wp","href":"https:\/\/api.w.org\/{rel}","templated":true}]}}