{"id":327,"date":"2020-08-06T16:18:36","date_gmt":"2020-08-06T16:18:36","guid":{"rendered":"https:\/\/www.om6.com\/?page_id=327"},"modified":"2025-02-06T23:56:26","modified_gmt":"2025-02-06T23:56:26","slug":"politique-de-confidentialite","status":"publish","type":"page","link":"https:\/\/www.om6.com\/fr\/politique-de-confidentialite\/","title":{"rendered":"Politique de confidentialit\u00e9"},"content":{"rendered":"\t\t<div data-elementor-type=\"wp-page\" data-elementor-id=\"327\" class=\"elementor elementor-327\" data-elementor-post-type=\"page\">\n\t\t\t\t<div class=\"elementor-element elementor-element-169ba71 e-flex e-con-boxed e-con e-parent\" data-id=\"169ba71\" data-element_type=\"container\" data-settings=\"{&quot;background_background&quot;:&quot;classic&quot;}\">\n\t\t\t\t\t<div class=\"e-con-inner\">\n\t\t\t\t<div class=\"elementor-element elementor-element-8ff27c0 elementor-widget__width-inherit elementor-widget elementor-widget-heading\" data-id=\"8ff27c0\" data-element_type=\"widget\" data-widget_type=\"heading.default\">\n\t\t\t\t<div class=\"elementor-widget-container\">\n\t\t\t\t\t<h1 class=\"elementor-heading-title elementor-size-default\">Politique de confidentialit\u00e9<\/h1>\t\t\t\t<\/div>\n\t\t\t\t<\/div>\n\t\t\t\t\t<\/div>\n\t\t\t\t<\/div>\n\t\t<div class=\"elementor-element elementor-element-b312785 e-flex e-con-boxed e-con e-parent\" data-id=\"b312785\" data-element_type=\"container\" data-settings=\"{&quot;background_background&quot;:&quot;classic&quot;}\">\n\t\t\t\t\t<div class=\"e-con-inner\">\n\t\t\t\t<div class=\"elementor-element elementor-element-fc3c820 elementor-widget elementor-widget-heading\" data-id=\"fc3c820\" data-element_type=\"widget\" data-widget_type=\"heading.default\">\n\t\t\t\t<div class=\"elementor-widget-container\">\n\t\t\t\t\t<h2 class=\"elementor-heading-title elementor-size-default\">Politique de confidentialit\u00e9 du site Web\n<\/h2>\t\t\t\t<\/div>\n\t\t\t\t<\/div>\n\t\t\t\t<div class=\"elementor-element elementor-element-faea8f6 elementor-widget elementor-widget-text-editor\" data-id=\"faea8f6\" data-element_type=\"widget\" data-widget_type=\"text-editor.default\">\n\t\t\t\t<div class=\"elementor-widget-container\">\n\t\t\t\t\t\t\t\t\t<div id=\"text-block-3\" class=\"mk-text-block   \"><p>\u00c0 titre de\u00a0propri\u00e9taire et d\u2019administrateur du pr\u00e9sent site Web, O-m6 Technologies offre \u00e0 quiconque la possibilit\u00e9 de visiter et d\u2019utiliser ce site Web \u00e0 des fins d\u2019information. Dans ce contexte, O-m6 Technologies respecte la confidentialit\u00e9 et l\u2019int\u00e9grit\u00e9 de tout renseignement que vous fournissez \u00e0 titre d\u2019utilisateur du site Web. O-m6 Technologies respecte les lois canadiennes sur la protection des renseignements personnels et a \u00e9labor\u00e9 la politique de confidentialit\u00e9 suivante dans le but de r\u00e9gir l\u2019utilisation de son site Web (la \u00ab Politique de confidentialit\u00e9 \u00bb).<\/p><div class=\"clearboth\">\u00a0<\/div><\/div><h3 id=\"fancy-title-4\" class=\"mk-fancy-title  simple-style  color-single\"><b>Politique g\u00e9n\u00e9rale et r\u00e9troaction<\/b><\/h3><div class=\"clearboth\">\u00a0<\/div><div id=\"text-block-5\" class=\"mk-text-block   \"><p>Les renseignements personnels recueillis par O-m6 Technologies \u00e0 propos des utilisateurs ne sont pas fournis \u00e0 des tiers. Vous ne recevrez pas de courriels non sollicit\u00e9s et vous pouvez \u00e0 tout moment mettre votre compte \u00e0 jour ou en interrompre l\u2019utilisation. Les commentaires au sujet de cette politique peuvent \u00eatre soumis au site Web par l\u2019entremise de sa r\u00e9troaction.<\/p><div class=\"clearboth\">\u00a0<\/div><\/div><h3 id=\"fancy-title-6\" class=\"mk-fancy-title  simple-style  color-single\"><b>S\u00e9curit\u00e9<\/b><\/h3><div class=\"clearboth\">\u00a0<\/div><div id=\"text-block-7\" class=\"mk-text-block   \"><p>Bien que O-m6 Technologies ait instaur\u00e9 des mesures de s\u00e9curit\u00e9 \u00e0 la fine pointe de la technologie afin de vous prot\u00e9ger contre la perte ou l\u2019utilisation non autoris\u00e9e des renseignements vous concernant qui seront sous son contr\u00f4le, il n\u2019existe, toutefois, aucun m\u00e9canisme de s\u00e9curit\u00e9 parfait. Soyez donc avis\u00e9 qu\u2019il y a toujours un certain niveau de risque que les renseignements personnels que vous transmettez \u00e0 O-m6 Technologies soient divulgu\u00e9s sans faute de notre part et sans votre consentement. O-m6 Technologies d\u00e9cline toute responsabilit\u00e9 eu \u00e9gard au fait que de tels renseignements confidentiels sur vous pourraient \u00eatre divulgu\u00e9s, sauf en cas de n\u00e9gligence de la part de O-m6 Technologies.<\/p><div class=\"clearboth\">\u00a0<\/div><\/div><h3 id=\"fancy-title-8\" class=\"mk-fancy-title  simple-style  color-single\"><b>Renseignements, compte de l\u2019utilisateur<\/b><\/h3><div class=\"clearboth\">\u00a0<\/div><div id=\"text-block-9\" class=\"mk-text-block   \"><p>O-m6 Technologies recueille des renseignements personnels lorsqu\u2019une personne s\u2019inscrit \u00e0 l\u2019aide d\u2019un formulaire sur le site Web. Selon le type de demande qu\u2019il fait au moyen d\u2019un formulaire, l\u2019utilisateur doit fournir certains renseignements de nature personnelle, y compris son pr\u00e9nom, son nom, son num\u00e9ro et\/ou son adresse courriel. Ces renseignements sont utilis\u00e9s \u00e0 l\u2019une ou plusieurs des fins suivantes, selon la nature de la demande :<\/p><ul><li>\u00a0\u00a0Demande de contact<\/li><li>\u00a0\u00a0Demande de r\u00e9ception de documents informatifs, comme une grille tarifaire<\/li><li>\u00a0\u00a0Demande d\u2019abonnement \u00e0 l\u2019infolettre<\/li><\/ul><p>Un utilisateur du site Web peut \u00e0 tout moment effectuer une demande pour interrompre l\u2019utilisation de ses renseignements en contactant directement O-m6 Technologies par t\u00e9l\u00e9phone ou par courriel.<\/p><div class=\"clearboth\">\u00a0<\/div><\/div><h3 id=\"fancy-title-10\" class=\"mk-fancy-title  simple-style  color-single\"><b>Utilisation des renseignements<\/b><\/h3><div class=\"clearboth\">\u00a0<\/div><div id=\"text-block-11\" class=\"mk-text-block   \"><p>Les renseignements concernant l\u2019utilisation du site Web sont recueillis au moyen de statistiques de trafic tir\u00e9es d\u2019archives Web standard et de r\u00e9actions. Les renseignements personnels recueillis lors de l\u2019utilisation du site Web ne seront pas vendus, \u00e9chang\u00e9s ou lou\u00e9s \u00e0 d\u2019autres parties. De temps \u00e0 autre, des statistiques globales \u00e0 propos des visiteurs en ligne, des habitudes de transmission et d\u2019autres renseignements connexes sur ce site peuvent \u00eatre fournis \u00e0 un tiers, mais ces derniers ne comprendront aucun renseignement personnel. Cependant, les renseignements sur un compte peuvent \u00eatre divulgu\u00e9s si la loi l\u2019exige.<\/p><div class=\"clearboth\">\u00a0<\/div><\/div><h3 id=\"fancy-title-12\" class=\"mk-fancy-title  simple-style  color-single\"><b>T\u00e9moins (<\/b><b><i>cookies<\/i><\/b><b>)<\/b><\/h3><div class=\"clearboth\">\u00a0<\/div><div id=\"text-block-13\" class=\"mk-text-block   \"><p>Un t\u00e9moin est un petit fichier texte qu\u2019un site Web envoie \u00e0 votre navigateur et qui est stock\u00e9 dans le disque dur de votre ordinateur. Les t\u00e9moins ne peuvent pas lire les donn\u00e9es stock\u00e9es dans votre disque dur ni lire les fichiers des t\u00e9moins cr\u00e9\u00e9s par d\u2019autres sites. Le site Web qui cr\u00e9e le t\u00e9moin est le seul qu\u2019un navigateur rendra accessible. Voici quelques exemples de contextes o\u00f9 O-m6 Technologies est susceptible d\u2019utiliser des t\u00e9moins : contr\u00f4ler l\u2019acc\u00e8s \u00e0 certaines fonctions d\u2019utilisation, personnaliser des zones de contenu ou encore analyser l\u2019activit\u00e9 du site et le comportement des utilisateurs. O-m6 Technologies se r\u00e9serve \u00e9galement le droit, \u00e0 l\u2019avenir, d\u2019utiliser des t\u00e9moins li\u00e9s \u00e0 du nouveau contenu ou \u00e0 des fonctions \u00e9tendues.<\/p><p>Si l\u2019utilisation des t\u00e9moins vous pr\u00e9occupe, O-m6 Technologies vous sugg\u00e8re de configurer votre navigateur de fa\u00e7on \u00e0 ce qu\u2019il rejette tous les t\u00e9moins ou qu\u2019il vous pr\u00e9vienne d\u00e8s qu\u2019un t\u00e9moin est envoy\u00e9. Les utilisateurs devraient cependant savoir que l\u2019interdiction d\u2019utiliser des t\u00e9moins peut les priver de l\u2019acc\u00e8s \u00e0 certains types de contenus ou de fonctions.<\/p><div class=\"clearboth\">\u00a0<\/div><\/div><h3 id=\"fancy-title-14\" class=\"mk-fancy-title  simple-style  color-single\"><b>R\u00e9vision des conditions d\u2019utilisation<\/b><\/h3><div class=\"clearboth\">\u00a0<\/div><div id=\"text-block-15\" class=\"mk-text-block   \"><p>O-m6 Technologies peut \u00e0 tout moment r\u00e9viser et mettre \u00e0 jour les Conditions d\u2019utilisation \u00e0 la suite de modifications apport\u00e9es \u00e0 toute loi ou politique, ou encore \u00e0 la discr\u00e9tion de O-m6 Technologies.<\/p><div class=\"clearboth\">\u00a0<\/div><\/div><h3 id=\"fancy-title-16\" class=\"mk-fancy-title  simple-style  color-single\"><b>Reconnaissance<\/b><\/h3><div class=\"clearboth\">\u00a0<\/div><div id=\"text-block-17\" class=\"mk-text-block   \"><p>Les Conditions d\u2019utilisation, la Politique de confidentialit\u00e9 et l\u2019avis de droits d\u2019auteur du site Web constituent l\u2019int\u00e9gralit\u00e9 de l\u2019entente entre vous et O-m6 Technologies et annulent toute d\u00e9claration ou repr\u00e9sentation pr\u00e9c\u00e9dente.<\/p><div class=\"clearboth\">\u00a0<\/div><\/div><h3 id=\"fancy-title-18\" class=\"mk-fancy-title  simple-style  color-single\"><b>Acceptation des conditions d\u2019utilisation<\/b><\/h3><div class=\"clearboth\">\u00a0<\/div><div id=\"text-block-19\" class=\"mk-text-block   \"><p>En utilisant le site Web, vous indiquez que vous consentez aux Conditions d\u2019utilisation telles que stipul\u00e9es. Votre utilisation continue du site Web, suivant toute r\u00e9vision des Conditions d\u2019utilisation, signifie aussi que vous consentez \u00e0 ces modifications.\u00a0Pour toute question relative \u00e0 notre Politique de confidentialit\u00e9, veuillez communiquer avec nous.<\/p><\/div>\t\t\t\t\t\t\t\t<\/div>\n\t\t\t\t<\/div>\n\t\t\t\t\t<\/div>\n\t\t\t\t<\/div>\n\t\t\t\t<\/div>\n\t\t","protected":false},"excerpt":{"rendered":"<p>Politique de confidentialit\u00e9 Politique de confidentialit\u00e9 du site Web \u00c0 titre de\u00a0propri\u00e9taire et d\u2019administrateur du pr\u00e9sent site Web, O-m6 Technologies offre \u00e0 quiconque la possibilit\u00e9 de visiter et d\u2019utiliser ce site Web \u00e0 des fins d\u2019information. Dans ce contexte, O-m6 Technologies respecte la confidentialit\u00e9 et l\u2019int\u00e9grit\u00e9 de tout renseignement que vous fournissez \u00e0 titre d\u2019utilisateur [&hellip;]<\/p>\n","protected":false},"author":5,"featured_media":0,"parent":0,"menu_order":0,"comment_status":"closed","ping_status":"closed","template":"","meta":{"footnotes":""},"class_list":["post-327","page","type-page","status-publish","hentry"],"acf":[],"yoast_head":"<!-- This site is optimized with the Yoast SEO plugin v26.7 - https:\/\/yoast.com\/wordpress\/plugins\/seo\/ -->\n<title>Politique de confidentialit\u00e9 | O-m6 Technologies<\/title>\n<meta name=\"robots\" content=\"index, follow, max-snippet:-1, max-image-preview:large, max-video-preview:-1\" \/>\n<link rel=\"canonical\" href=\"https:\/\/www.om6.com\/fr\/politique-de-confidentialite\/\" \/>\n<meta property=\"og:locale\" content=\"fr_FR\" \/>\n<meta property=\"og:type\" content=\"article\" \/>\n<meta property=\"og:title\" content=\"Politique de confidentialit\u00e9 | O-m6 Technologies\" \/>\n<meta property=\"og:description\" content=\"Politique de confidentialit\u00e9 Politique de confidentialit\u00e9 du site Web \u00c0 titre de\u00a0propri\u00e9taire et d\u2019administrateur du pr\u00e9sent site Web, O-m6 Technologies offre \u00e0 quiconque la possibilit\u00e9 de visiter et d\u2019utiliser ce site Web \u00e0 des fins d\u2019information. Dans ce contexte, O-m6 Technologies respecte la confidentialit\u00e9 et l\u2019int\u00e9grit\u00e9 de tout renseignement que vous fournissez \u00e0 titre d\u2019utilisateur [&hellip;]\" \/>\n<meta property=\"og:url\" content=\"https:\/\/www.om6.com\/fr\/politique-de-confidentialite\/\" \/>\n<meta property=\"og:site_name\" content=\"O-m6 Technologies\" \/>\n<meta property=\"article:modified_time\" content=\"2025-02-06T23:56:26+00:00\" \/>\n<meta name=\"twitter:label1\" content=\"Dur\u00e9e de lecture estim\u00e9e\" \/>\n\t<meta name=\"twitter:data1\" content=\"4 minutes\" \/>\n<script type=\"application\/ld+json\" class=\"yoast-schema-graph\">{\"@context\":\"https:\/\/schema.org\",\"@graph\":[{\"@type\":\"WebPage\",\"@id\":\"https:\/\/www.om6.com\/fr\/politique-de-confidentialite\/\",\"url\":\"https:\/\/www.om6.com\/fr\/politique-de-confidentialite\/\",\"name\":\"Politique de confidentialit\u00e9 | O-m6 Technologies\",\"isPartOf\":{\"@id\":\"http:\/\/om6.com\/#website\"},\"datePublished\":\"2020-08-06T16:18:36+00:00\",\"dateModified\":\"2025-02-06T23:56:26+00:00\",\"breadcrumb\":{\"@id\":\"https:\/\/www.om6.com\/fr\/politique-de-confidentialite\/#breadcrumb\"},\"inLanguage\":\"fr-FR\",\"potentialAction\":[{\"@type\":\"ReadAction\",\"target\":[\"https:\/\/www.om6.com\/fr\/politique-de-confidentialite\/\"]}]},{\"@type\":\"BreadcrumbList\",\"@id\":\"https:\/\/www.om6.com\/fr\/politique-de-confidentialite\/#breadcrumb\",\"itemListElement\":[{\"@type\":\"ListItem\",\"position\":1,\"name\":\"Accueil\",\"item\":\"https:\/\/www.om6.com\/fr\/\"},{\"@type\":\"ListItem\",\"position\":2,\"name\":\"Politique de confidentialit\u00e9\"}]},{\"@type\":\"WebSite\",\"@id\":\"http:\/\/om6.com\/#website\",\"url\":\"http:\/\/om6.com\/\",\"name\":\"O-m6 Technologies\",\"description\":\"O-m6 Technologies\",\"potentialAction\":[{\"@type\":\"SearchAction\",\"target\":{\"@type\":\"EntryPoint\",\"urlTemplate\":\"http:\/\/om6.com\/?s={search_term_string}\"},\"query-input\":{\"@type\":\"PropertyValueSpecification\",\"valueRequired\":true,\"valueName\":\"search_term_string\"}}],\"inLanguage\":\"fr-FR\"}]}<\/script>\n<!-- \/ Yoast SEO plugin. -->","yoast_head_json":{"title":"Politique de confidentialit\u00e9 | O-m6 Technologies","robots":{"index":"index","follow":"follow","max-snippet":"max-snippet:-1","max-image-preview":"max-image-preview:large","max-video-preview":"max-video-preview:-1"},"canonical":"https:\/\/www.om6.com\/fr\/politique-de-confidentialite\/","og_locale":"fr_FR","og_type":"article","og_title":"Politique de confidentialit\u00e9 | O-m6 Technologies","og_description":"Politique de confidentialit\u00e9 Politique de confidentialit\u00e9 du site Web \u00c0 titre de\u00a0propri\u00e9taire et d\u2019administrateur du pr\u00e9sent site Web, O-m6 Technologies offre \u00e0 quiconque la possibilit\u00e9 de visiter et d\u2019utiliser ce site Web \u00e0 des fins d\u2019information. Dans ce contexte, O-m6 Technologies respecte la confidentialit\u00e9 et l\u2019int\u00e9grit\u00e9 de tout renseignement que vous fournissez \u00e0 titre d\u2019utilisateur [&hellip;]","og_url":"https:\/\/www.om6.com\/fr\/politique-de-confidentialite\/","og_site_name":"O-m6 Technologies","article_modified_time":"2025-02-06T23:56:26+00:00","twitter_misc":{"Dur\u00e9e de lecture estim\u00e9e":"4 minutes"},"schema":{"@context":"https:\/\/schema.org","@graph":[{"@type":"WebPage","@id":"https:\/\/www.om6.com\/fr\/politique-de-confidentialite\/","url":"https:\/\/www.om6.com\/fr\/politique-de-confidentialite\/","name":"Politique de confidentialit\u00e9 | O-m6 Technologies","isPartOf":{"@id":"http:\/\/om6.com\/#website"},"datePublished":"2020-08-06T16:18:36+00:00","dateModified":"2025-02-06T23:56:26+00:00","breadcrumb":{"@id":"https:\/\/www.om6.com\/fr\/politique-de-confidentialite\/#breadcrumb"},"inLanguage":"fr-FR","potentialAction":[{"@type":"ReadAction","target":["https:\/\/www.om6.com\/fr\/politique-de-confidentialite\/"]}]},{"@type":"BreadcrumbList","@id":"https:\/\/www.om6.com\/fr\/politique-de-confidentialite\/#breadcrumb","itemListElement":[{"@type":"ListItem","position":1,"name":"Accueil","item":"https:\/\/www.om6.com\/fr\/"},{"@type":"ListItem","position":2,"name":"Politique de confidentialit\u00e9"}]},{"@type":"WebSite","@id":"http:\/\/om6.com\/#website","url":"http:\/\/om6.com\/","name":"O-m6 Technologies","description":"O-m6 Technologies","potentialAction":[{"@type":"SearchAction","target":{"@type":"EntryPoint","urlTemplate":"http:\/\/om6.com\/?s={search_term_string}"},"query-input":{"@type":"PropertyValueSpecification","valueRequired":true,"valueName":"search_term_string"}}],"inLanguage":"fr-FR"}]}},"_links":{"self":[{"href":"https:\/\/www.om6.com\/fr\/wp-json\/wp\/v2\/pages\/327","targetHints":{"allow":["GET"]}}],"collection":[{"href":"https:\/\/www.om6.com\/fr\/wp-json\/wp\/v2\/pages"}],"about":[{"href":"https:\/\/www.om6.com\/fr\/wp-json\/wp\/v2\/types\/page"}],"author":[{"embeddable":true,"href":"https:\/\/www.om6.com\/fr\/wp-json\/wp\/v2\/users\/5"}],"replies":[{"embeddable":true,"href":"https:\/\/www.om6.com\/fr\/wp-json\/wp\/v2\/comments?post=327"}],"version-history":[{"count":6,"href":"https:\/\/www.om6.com\/fr\/wp-json\/wp\/v2\/pages\/327\/revisions"}],"predecessor-version":[{"id":3460,"href":"https:\/\/www.om6.com\/fr\/wp-json\/wp\/v2\/pages\/327\/revisions\/3460"}],"wp:attachment":[{"href":"https:\/\/www.om6.com\/fr\/wp-json\/wp\/v2\/media?parent=327"}],"curies":[{"name":"wp","href":"https:\/\/api.w.org\/{rel}","templated":true}]}}