{"id":224,"date":"2020-07-06T15:56:28","date_gmt":"2020-07-06T15:56:28","guid":{"rendered":"https:\/\/www.om6.com\/?page_id=224"},"modified":"2026-01-16T03:05:55","modified_gmt":"2026-01-16T03:05:55","slug":"a-propos","status":"publish","type":"page","link":"https:\/\/www.om6.com\/fr\/a-propos\/","title":{"rendered":"\u00c0 propos"},"content":{"rendered":"\t\t<div data-elementor-type=\"wp-page\" data-elementor-id=\"224\" class=\"elementor elementor-224\" data-elementor-post-type=\"page\">\n\t\t\t\t<div class=\"elementor-element elementor-element-21cae19 e-flex e-con-boxed e-con e-parent\" data-id=\"21cae19\" data-element_type=\"container\" data-settings=\"{&quot;background_background&quot;:&quot;classic&quot;}\">\n\t\t\t\t\t<div class=\"e-con-inner\">\n\t\t\t\t<div class=\"elementor-element elementor-element-d94a3ef elementor-widget__width-inherit elementor-widget elementor-widget-heading\" data-id=\"d94a3ef\" data-element_type=\"widget\" data-widget_type=\"heading.default\">\n\t\t\t\t<div class=\"elementor-widget-container\">\n\t\t\t\t\t<h1 class=\"elementor-heading-title elementor-size-default\">\u00c0 Propos<\/h1>\t\t\t\t<\/div>\n\t\t\t\t<\/div>\n\t\t\t\t\t<\/div>\n\t\t\t\t<\/div>\n\t\t<div class=\"elementor-element elementor-element-fc62475 e-flex e-con-boxed e-con e-parent\" data-id=\"fc62475\" data-element_type=\"container\" data-settings=\"{&quot;background_background&quot;:&quot;classic&quot;}\">\n\t\t\t\t\t<div class=\"e-con-inner\">\n\t\t\t\t<div class=\"elementor-element elementor-element-b157801 elementor-widget elementor-widget-heading\" data-id=\"b157801\" data-element_type=\"widget\" data-widget_type=\"heading.default\">\n\t\t\t\t<div class=\"elementor-widget-container\">\n\t\t\t\t\t<h2 class=\"elementor-heading-title elementor-size-default\">Profil<\/h2>\t\t\t\t<\/div>\n\t\t\t\t<\/div>\n\t\t\t\t<div class=\"elementor-element elementor-element-2b8ca0c elementor-widget elementor-widget-text-editor\" data-id=\"2b8ca0c\" data-element_type=\"widget\" data-widget_type=\"text-editor.default\">\n\t\t\t\t<div class=\"elementor-widget-container\">\n\t\t\t\t\t\t\t\t\t<p>O-m6 Technologies est chef de file dans la fabrication de produits et composants de fibre optique de haute qualit\u00e9. Fond\u00e9e en 1996, O-m6 a acquis sa r\u00e9putation d\u2019excellence par la qualit\u00e9 de ses produits et services.<\/p>\t\t\t\t\t\t\t\t<\/div>\n\t\t\t\t<\/div>\n\t\t\t\t<div class=\"elementor-element elementor-element-c11b58b elementor-widget elementor-widget-heading\" data-id=\"c11b58b\" data-element_type=\"widget\" data-widget_type=\"heading.default\">\n\t\t\t\t<div class=\"elementor-widget-container\">\n\t\t\t\t\t<h3 class=\"elementor-heading-title elementor-size-default\">Politique<\/h3>\t\t\t\t<\/div>\n\t\t\t\t<\/div>\n\t\t\t\t<div class=\"elementor-element elementor-element-d3d4209 elementor-widget elementor-widget-text-editor\" data-id=\"d3d4209\" data-element_type=\"widget\" data-widget_type=\"text-editor.default\">\n\t\t\t\t<div class=\"elementor-widget-container\">\n\t\t\t\t\t\t\t\t\t<p>O-m6 s&rsquo;engage \u00e0 accepter les commandes dans la limite o\u00f9 nous sommes en mesure de fabriquer des produits correspondants aux attentes du client. \u00c0 la r\u00e9ception de notre confirmation, le client s&rsquo;engage \u00e0 en v\u00e9rifier son exactitude et \u00e0 acheter les produits \u00e9num\u00e9r\u00e9s selon les termes de la politique suivante. Sous r\u00e9serve de la garantie qui s&rsquo;applique, tous les produits fabriqu\u00e9s par O-m6 sont non retournables et non remboursables.\u00a0<\/p>\t\t\t\t\t\t\t\t<\/div>\n\t\t\t\t<\/div>\n\t\t\t\t<div class=\"elementor-element elementor-element-f54be63 elementor-widget elementor-widget-heading\" data-id=\"f54be63\" data-element_type=\"widget\" data-widget_type=\"heading.default\">\n\t\t\t\t<div class=\"elementor-widget-container\">\n\t\t\t\t\t<h3 class=\"elementor-heading-title elementor-size-default\">Prix<\/h3>\t\t\t\t<\/div>\n\t\t\t\t<\/div>\n\t\t\t\t<div class=\"elementor-element elementor-element-d8b0aba elementor-widget elementor-widget-text-editor\" data-id=\"d8b0aba\" data-element_type=\"widget\" data-widget_type=\"text-editor.default\">\n\t\t\t\t<div class=\"elementor-widget-container\">\n\t\t\t\t\t\t\t\t\t<p>Les prix figurant sur notre site sont en devises canadiennes (transaction effectu\u00e9e sur le territoire canadien). Pour tout autre pays, les prix affich\u00e9s sont en devises am\u00e9ricaines et payables dans cette devise.\u00a0 \u00a0 \u00a0 O-m6 se r\u00e9serve le droit de modifier les prix sans pr\u00e9avis.\u00a0<\/p>\t\t\t\t\t\t\t\t<\/div>\n\t\t\t\t<\/div>\n\t\t\t\t<div class=\"elementor-element elementor-element-1105452 elementor-widget elementor-widget-heading\" data-id=\"1105452\" data-element_type=\"widget\" data-widget_type=\"heading.default\">\n\t\t\t\t<div class=\"elementor-widget-container\">\n\t\t\t\t\t<h3 class=\"elementor-heading-title elementor-size-default\">Garantie<\/h3>\t\t\t\t<\/div>\n\t\t\t\t<\/div>\n\t\t\t\t<div class=\"elementor-element elementor-element-16dfa7c elementor-widget elementor-widget-text-editor\" data-id=\"16dfa7c\" data-element_type=\"widget\" data-widget_type=\"text-editor.default\">\n\t\t\t\t<div class=\"elementor-widget-container\">\n\t\t\t\t\t\t\t\t\t<p>Tous les produits fabriqu\u00e9s par O-m6 poss\u00e8dent une garantie limit\u00e9e de 1 an. La garantie limite la responsabilit\u00e9 de O-m6 \u00e0 la r\u00e9paration ou le remplacement (au choix du fabricant) du produit couvert par celle-ci. La garantie ne couvre pas l&rsquo;usage abusif et les catastrophes naturelles. Tous les produits non fabriqu\u00e9s par O-m6 ont une garantie qui se limite \u00e0 celle du fabricant original. Cette garantie est applicable \u00e0 partir de la date d&rsquo;exp\u00e9dition et demeure valide qu&rsquo;\u00e0 la condition o\u00f9 le client utilisera un num\u00e9ro de retour (RMA). Dans l&rsquo;\u00e9ventualit\u00e9 o\u00f9 le client voudrait se pr\u00e9valoir de cette garantie, il devra utiliser notre transporteur afin de b\u00e9n\u00e9ficier du transport sans frais. Le client peut se procurer un num\u00e9ro de retour et les d\u00e9tails du transporteur en communiquant avec nos bureaux.\u00a0<\/p>\t\t\t\t\t\t\t\t<\/div>\n\t\t\t\t<\/div>\n\t\t\t\t<div class=\"elementor-element elementor-element-27b6bd8 elementor-widget elementor-widget-heading\" data-id=\"27b6bd8\" data-element_type=\"widget\" data-widget_type=\"heading.default\">\n\t\t\t\t<div class=\"elementor-widget-container\">\n\t\t\t\t\t<h3 class=\"elementor-heading-title elementor-size-default\">Composantes fournies par le client<\/h3>\t\t\t\t<\/div>\n\t\t\t\t<\/div>\n\t\t\t\t<div class=\"elementor-element elementor-element-673c8f2 elementor-widget elementor-widget-text-editor\" data-id=\"673c8f2\" data-element_type=\"widget\" data-widget_type=\"text-editor.default\">\n\t\t\t\t<div class=\"elementor-widget-container\">\n\t\t\t\t\t\t\t\t\t<p>Les composantes actives ne seront jamais aliment\u00e9es (sauf lorsqu\u2019il y aura autorisation \u00e9crite et sign\u00e9e des deux parties). Tous les efforts seront entrepris pour manipuler le mat\u00e9riel fourni par le client avec les meilleurs soins possible et selon les r\u00e8gles de l\u2019art. La performance des composantes fournies demeure donc sous la responsabilit\u00e9 et aux risques du client. Notre responsabilit\u00e9 est limit\u00e9e uniquement \u00e0 la valeur ajout\u00e9e par O-m6 technologies inc.<\/p>\t\t\t\t\t\t\t\t<\/div>\n\t\t\t\t<\/div>\n\t\t\t\t<div class=\"elementor-element elementor-element-1c01b72 elementor-widget elementor-widget-heading\" data-id=\"1c01b72\" data-element_type=\"widget\" data-widget_type=\"heading.default\">\n\t\t\t\t<div class=\"elementor-widget-container\">\n\t\t\t\t\t<h3 class=\"elementor-heading-title elementor-size-default\">Livraison<\/h3>\t\t\t\t<\/div>\n\t\t\t\t<\/div>\n\t\t\t\t<div class=\"elementor-element elementor-element-cefeb87 elementor-widget elementor-widget-text-editor\" data-id=\"cefeb87\" data-element_type=\"widget\" data-widget_type=\"text-editor.default\">\n\t\t\t\t<div class=\"elementor-widget-container\">\n\t\t\t\t\t\t\t\t\t<p>Par d\u00e9faut, tous les envois exp\u00e9di\u00e9s au Canada seront livr\u00e9s: \u00ab\u00a0service du lendemain ouvrable\u00a0\u00bb et \u00e0 l&rsquo;\u00e9tranger : \u00ab\u00a0service du surlendemain ouvrable\u00a0\u00bb. Les envois seront pay\u00e9s sur la facture originale. Notre responsabilit\u00e9 se limite au moment o\u00f9 la compagnie de transport effectue la cueillette de la marchandise \u00e0 notre entrep\u00f4t. Le destinataire est responsable d&rsquo;inspecter toute marchandise d\u00e8s la r\u00e9ception et de r\u00e9clamer (s&rsquo;il y a lieu) les dommages \u00e0 la compagnie de transport. Nous vous accorderons dans ce cas toute l&rsquo;aide possible pour votre r\u00e9clamation.\u00a0<\/p>\t\t\t\t\t\t\t\t<\/div>\n\t\t\t\t<\/div>\n\t\t\t\t<div class=\"elementor-element elementor-element-b75618f elementor-widget elementor-widget-heading\" data-id=\"b75618f\" data-element_type=\"widget\" data-widget_type=\"heading.default\">\n\t\t\t\t<div class=\"elementor-widget-container\">\n\t\t\t\t\t<h3 class=\"elementor-heading-title elementor-size-default\">Termes de paiement<\/h3>\t\t\t\t<\/div>\n\t\t\t\t<\/div>\n\t\t\t\t<div class=\"elementor-element elementor-element-94c2e7f elementor-widget elementor-widget-text-editor\" data-id=\"94c2e7f\" data-element_type=\"widget\" data-widget_type=\"text-editor.default\">\n\t\t\t\t<div class=\"elementor-widget-container\">\n\t\t\t\t\t\t\t\t\t<p>Toutes transactions effectu\u00e9es sont payables \u00e0 l&rsquo;avance par ch\u00e8que, en esp\u00e8ces, par transfert bancaire ou par carte de cr\u00e9dit VISA et MASTERCARD. Veuillez noter que seules, les transactions par carte de cr\u00e9dit n&rsquo;engendrent aucun d\u00e9lai suppl\u00e9mentaire.\u00a0 Les clients d\u00e9sirant ouvrir un compte devront remplir un formulaire de demande d&rsquo;application de cr\u00e9dit, accepter les termes de paiement NET-30 jours et, dans le cas o\u00f9 il y aurait retard de paiement, de payer les int\u00e9r\u00eats au taux de 24 % par ann\u00e9e. La marge de cr\u00e9dit allou\u00e9e est \u00e0 la discr\u00e9tion de O-m6 et le fabricant se r\u00e9serve le droit de fermer un compte sans pr\u00e9avis.\u00a0<\/p>\t\t\t\t\t\t\t\t<\/div>\n\t\t\t\t<\/div>\n\t\t\t\t<div class=\"elementor-element elementor-element-a4778bd elementor-widget elementor-widget-heading\" data-id=\"a4778bd\" data-element_type=\"widget\" data-widget_type=\"heading.default\">\n\t\t\t\t<div class=\"elementor-widget-container\">\n\t\t\t\t\t<h3 class=\"elementor-heading-title elementor-size-default\">Retours<\/h3>\t\t\t\t<\/div>\n\t\t\t\t<\/div>\n\t\t\t\t<div class=\"elementor-element elementor-element-6f1323c elementor-widget elementor-widget-text-editor\" data-id=\"6f1323c\" data-element_type=\"widget\" data-widget_type=\"text-editor.default\">\n\t\t\t\t<div class=\"elementor-widget-container\">\n\t\t\t\t\t\t\t\t\t<p>Pour retourner des produits, le client devra toujours obtenir un num\u00e9ro de retour en communiquant avec nos bureaux. O-m6 se r\u00e9serve le droit de refuser ou de retourner des colis n&rsquo;ayant pas de num\u00e9ro de retour clairement indiqu\u00e9 \u00e0 l&rsquo;ext\u00e9rieur de la bo\u00eete.\u00a0<\/p>\t\t\t\t\t\t\t\t<\/div>\n\t\t\t\t<\/div>\n\t\t\t\t<div class=\"elementor-element elementor-element-2f17939 elementor-widget elementor-widget-heading\" data-id=\"2f17939\" data-element_type=\"widget\" data-widget_type=\"heading.default\">\n\t\t\t\t<div class=\"elementor-widget-container\">\n\t\t\t\t\t<h3 class=\"elementor-heading-title elementor-size-default\">Erreurs<\/h3>\t\t\t\t<\/div>\n\t\t\t\t<\/div>\n\t\t\t\t<div class=\"elementor-element elementor-element-882cee3 elementor-widget elementor-widget-text-editor\" data-id=\"882cee3\" data-element_type=\"widget\" data-widget_type=\"text-editor.default\">\n\t\t\t\t<div class=\"elementor-widget-container\">\n\t\t\t\t\t\t\t\t\t<p>Le client ne peut annuler ou suspendre une commande, en tout ou en partie. \u00c0 la demande d&rsquo;un client, O-m6 se r\u00e9serve le droit de modifier une commande dans certaines conditions, par exemple dans l&rsquo;\u00e9ventualit\u00e9 o\u00f9 la commande ne serait pas d\u00e9j\u00e0 en fabrication.\u00a0<\/p>\t\t\t\t\t\t\t\t<\/div>\n\t\t\t\t<\/div>\n\t\t\t\t<div class=\"elementor-element elementor-element-7be52dd elementor-widget elementor-widget-heading\" data-id=\"7be52dd\" data-element_type=\"widget\" data-widget_type=\"heading.default\">\n\t\t\t\t<div class=\"elementor-widget-container\">\n\t\t\t\t\t<h3 class=\"elementor-heading-title elementor-size-default\">Commande Minimum<\/h3>\t\t\t\t<\/div>\n\t\t\t\t<\/div>\n\t\t\t\t<div class=\"elementor-element elementor-element-e2c9680 elementor-widget elementor-widget-text-editor\" data-id=\"e2c9680\" data-element_type=\"widget\" data-widget_type=\"text-editor.default\">\n\t\t\t\t<div class=\"elementor-widget-container\">\n\t\t\t\t\t\t\t\t\t<p>Sous r\u00e9serve d\u2019une entente, \u00e9crire avec le client; toute commande minimale est de $100.<\/p>\t\t\t\t\t\t\t\t<\/div>\n\t\t\t\t<\/div>\n\t\t\t\t<div class=\"elementor-element elementor-element-78f3fa9 elementor-widget elementor-widget-heading\" data-id=\"78f3fa9\" data-element_type=\"widget\" data-widget_type=\"heading.default\">\n\t\t\t\t<div class=\"elementor-widget-container\">\n\t\t\t\t\t<h3 class=\"elementor-heading-title elementor-size-default\">Mission<\/h3>\t\t\t\t<\/div>\n\t\t\t\t<\/div>\n\t\t\t\t<div class=\"elementor-element elementor-element-d12f127 elementor-widget elementor-widget-text-editor\" data-id=\"d12f127\" data-element_type=\"widget\" data-widget_type=\"text-editor.default\">\n\t\t\t\t<div class=\"elementor-widget-container\">\n\t\t\t\t\t\t\t\t\t<p>C\u2019est de livrer, au moment requis, et uniquement lorsque notre envoi correspond en tous points aux attentes du client.<\/p>\t\t\t\t\t\t\t\t<\/div>\n\t\t\t\t<\/div>\n\t\t\t\t<div class=\"elementor-element elementor-element-abd6f17 elementor-widget elementor-widget-heading\" data-id=\"abd6f17\" data-element_type=\"widget\" data-widget_type=\"heading.default\">\n\t\t\t\t<div class=\"elementor-widget-container\">\n\t\t\t\t\t<h2 class=\"elementor-heading-title elementor-size-default\">Vision<\/h2>\t\t\t\t<\/div>\n\t\t\t\t<\/div>\n\t\t\t\t<div class=\"elementor-element elementor-element-e4a5b93 elementor-widget elementor-widget-text-editor\" data-id=\"e4a5b93\" data-element_type=\"widget\" data-widget_type=\"text-editor.default\">\n\t\t\t\t<div class=\"elementor-widget-container\">\n\t\t\t\t\t\t\t\t\t<p><strong>Orientation client<\/strong><\/p><ul><li>Comprendre, identifier et accompagner le client en vue de livrer des produits conformes \u00e0 ses attentes.<\/li><\/ul>\t\t\t\t\t\t\t\t<\/div>\n\t\t\t\t<\/div>\n\t\t\t\t<div class=\"elementor-element elementor-element-b32482d elementor-widget elementor-widget-text-editor\" data-id=\"b32482d\" data-element_type=\"widget\" data-widget_type=\"text-editor.default\">\n\t\t\t\t<div class=\"elementor-widget-container\">\n\t\t\t\t\t\t\t\t\t<p><strong>Orientation produit<\/strong><\/p><ul><li>Livrer dans les d\u00e9lais requis et uniquement lorsque le produit est en tout point conforme aux attentes du client.<\/li><\/ul><p><strong>Orientation \u00e9quipe<\/strong><\/p>\t\t\t\t\t\t\t\t<\/div>\n\t\t\t\t<\/div>\n\t\t\t\t<div class=\"elementor-element elementor-element-253c615 elementor-widget elementor-widget-heading\" data-id=\"253c615\" data-element_type=\"widget\" data-widget_type=\"heading.default\">\n\t\t\t\t<div class=\"elementor-widget-container\">\n\t\t\t\t\t<h2 class=\"elementor-heading-title elementor-size-default\">Valeurs<\/h2>\t\t\t\t<\/div>\n\t\t\t\t<\/div>\n\t\t\t\t<div class=\"elementor-element elementor-element-c03576a elementor-widget elementor-widget-text-editor\" data-id=\"c03576a\" data-element_type=\"widget\" data-widget_type=\"text-editor.default\">\n\t\t\t\t<div class=\"elementor-widget-container\">\n\t\t\t\t\t\t\t\t\t<ul><li>Rigueur<\/li><li>Fiabilit\u00e9<\/li><li>Adaptabilit\u00e9<\/li><li>Respect<\/li><li>Esprit d\u2019\u00e9quipe<\/li><\/ul>\t\t\t\t\t\t\t\t<\/div>\n\t\t\t\t<\/div>\n\t\t\t\t<div class=\"elementor-element elementor-element-cb815c5 elementor-widget elementor-widget-heading\" data-id=\"cb815c5\" data-element_type=\"widget\" data-widget_type=\"heading.default\">\n\t\t\t\t<div class=\"elementor-widget-container\">\n\t\t\t\t\t<h2 class=\"elementor-heading-title elementor-size-default\">Vous avez besoin de conseils ?<\/h2>\t\t\t\t<\/div>\n\t\t\t\t<\/div>\n\t\t\t\t<div class=\"elementor-element elementor-element-e86be5c elementor-widget elementor-widget-button\" data-id=\"e86be5c\" data-element_type=\"widget\" data-widget_type=\"button.default\">\n\t\t\t\t<div class=\"elementor-widget-container\">\n\t\t\t\t\t\t\t\t\t<div class=\"elementor-button-wrapper\">\n\t\t\t\t\t<a class=\"elementor-button elementor-button-link elementor-size-md\" href=\"https:\/\/www.om6.com\/fr\/contact\/\">\n\t\t\t\t\t\t<span class=\"elementor-button-content-wrapper\">\n\t\t\t\t\t\t\t\t\t<span class=\"elementor-button-text\">CONTACTEZ-NOUS !<\/span>\n\t\t\t\t\t<\/span>\n\t\t\t\t\t<\/a>\n\t\t\t\t<\/div>\n\t\t\t\t\t\t\t\t<\/div>\n\t\t\t\t<\/div>\n\t\t\t\t\t<\/div>\n\t\t\t\t<\/div>\n\t\t\t\t<\/div>\n\t\t","protected":false},"excerpt":{"rendered":"<p>\u00c0 Propos Profil O-m6 Technologies est chef de file dans la fabrication de produits et composants de fibre optique de haute qualit\u00e9. Fond\u00e9e en 1996, O-m6 a acquis sa r\u00e9putation d\u2019excellence par la qualit\u00e9 de ses produits et services. Politique O-m6 s&rsquo;engage \u00e0 accepter les commandes dans la limite o\u00f9 nous sommes en mesure de [&hellip;]<\/p>\n","protected":false},"author":5,"featured_media":0,"parent":0,"menu_order":0,"comment_status":"closed","ping_status":"closed","template":"","meta":{"footnotes":""},"class_list":["post-224","page","type-page","status-publish","hentry"],"acf":[],"yoast_head":"<!-- This site is optimized with the Yoast SEO plugin v26.7 - https:\/\/yoast.com\/wordpress\/plugins\/seo\/ -->\n<title>Farbicant de Produits de Fibre Optique | O-m6 Technologies<\/title>\n<meta name=\"description\" content=\"O-m6 Technologies est chef de file dans la fabrication de produits et composants de fibre optique de haute qualit\u00e9. Fond\u00e9e en 1996, O-m6 a acquis sa r\u00e9putation d\u2019excellence par la qualit\u00e9 de ses produits et services.\" \/>\n<meta name=\"robots\" content=\"index, follow, max-snippet:-1, max-image-preview:large, max-video-preview:-1\" \/>\n<link rel=\"canonical\" href=\"https:\/\/www.om6.com\/fr\/a-propos\/\" \/>\n<meta property=\"og:locale\" content=\"fr_FR\" \/>\n<meta property=\"og:type\" content=\"article\" \/>\n<meta property=\"og:title\" content=\"Farbicant de Produits de Fibre Optique | O-m6 Technologies\" \/>\n<meta property=\"og:description\" content=\"O-m6 Technologies est chef de file dans la fabrication de produits et composants de fibre optique de haute qualit\u00e9. Fond\u00e9e en 1996, O-m6 a acquis sa r\u00e9putation d\u2019excellence par la qualit\u00e9 de ses produits et services.\" \/>\n<meta property=\"og:url\" content=\"https:\/\/www.om6.com\/fr\/a-propos\/\" \/>\n<meta property=\"og:site_name\" content=\"O-m6 Technologies\" \/>\n<meta property=\"article:modified_time\" content=\"2026-01-16T03:05:55+00:00\" \/>\n<meta name=\"twitter:label1\" content=\"Dur\u00e9e de lecture estim\u00e9e\" \/>\n\t<meta name=\"twitter:data1\" content=\"4 minutes\" \/>\n<script type=\"application\/ld+json\" class=\"yoast-schema-graph\">{\"@context\":\"https:\/\/schema.org\",\"@graph\":[{\"@type\":\"WebPage\",\"@id\":\"https:\/\/www.om6.com\/fr\/a-propos\/\",\"url\":\"https:\/\/www.om6.com\/fr\/a-propos\/\",\"name\":\"Farbicant de Produits de Fibre Optique | O-m6 Technologies\",\"isPartOf\":{\"@id\":\"http:\/\/om6.com\/#website\"},\"datePublished\":\"2020-07-06T15:56:28+00:00\",\"dateModified\":\"2026-01-16T03:05:55+00:00\",\"description\":\"O-m6 Technologies est chef de file dans la fabrication de produits et composants de fibre optique de haute qualit\u00e9. Fond\u00e9e en 1996, O-m6 a acquis sa r\u00e9putation d\u2019excellence par la qualit\u00e9 de ses produits et services.\",\"breadcrumb\":{\"@id\":\"https:\/\/www.om6.com\/fr\/a-propos\/#breadcrumb\"},\"inLanguage\":\"fr-FR\",\"potentialAction\":[{\"@type\":\"ReadAction\",\"target\":[\"https:\/\/www.om6.com\/fr\/a-propos\/\"]}]},{\"@type\":\"BreadcrumbList\",\"@id\":\"https:\/\/www.om6.com\/fr\/a-propos\/#breadcrumb\",\"itemListElement\":[{\"@type\":\"ListItem\",\"position\":1,\"name\":\"Accueil\",\"item\":\"https:\/\/www.om6.com\/fr\/\"},{\"@type\":\"ListItem\",\"position\":2,\"name\":\"\u00c0 propos\"}]},{\"@type\":\"WebSite\",\"@id\":\"http:\/\/om6.com\/#website\",\"url\":\"http:\/\/om6.com\/\",\"name\":\"O-m6 Technologies\",\"description\":\"O-m6 Technologies\",\"potentialAction\":[{\"@type\":\"SearchAction\",\"target\":{\"@type\":\"EntryPoint\",\"urlTemplate\":\"http:\/\/om6.com\/?s={search_term_string}\"},\"query-input\":{\"@type\":\"PropertyValueSpecification\",\"valueRequired\":true,\"valueName\":\"search_term_string\"}}],\"inLanguage\":\"fr-FR\"}]}<\/script>\n<!-- \/ Yoast SEO plugin. -->","yoast_head_json":{"title":"Farbicant de Produits de Fibre Optique | O-m6 Technologies","description":"O-m6 Technologies est chef de file dans la fabrication de produits et composants de fibre optique de haute qualit\u00e9. Fond\u00e9e en 1996, O-m6 a acquis sa r\u00e9putation d\u2019excellence par la qualit\u00e9 de ses produits et services.","robots":{"index":"index","follow":"follow","max-snippet":"max-snippet:-1","max-image-preview":"max-image-preview:large","max-video-preview":"max-video-preview:-1"},"canonical":"https:\/\/www.om6.com\/fr\/a-propos\/","og_locale":"fr_FR","og_type":"article","og_title":"Farbicant de Produits de Fibre Optique | O-m6 Technologies","og_description":"O-m6 Technologies est chef de file dans la fabrication de produits et composants de fibre optique de haute qualit\u00e9. Fond\u00e9e en 1996, O-m6 a acquis sa r\u00e9putation d\u2019excellence par la qualit\u00e9 de ses produits et services.","og_url":"https:\/\/www.om6.com\/fr\/a-propos\/","og_site_name":"O-m6 Technologies","article_modified_time":"2026-01-16T03:05:55+00:00","twitter_misc":{"Dur\u00e9e de lecture estim\u00e9e":"4 minutes"},"schema":{"@context":"https:\/\/schema.org","@graph":[{"@type":"WebPage","@id":"https:\/\/www.om6.com\/fr\/a-propos\/","url":"https:\/\/www.om6.com\/fr\/a-propos\/","name":"Farbicant de Produits de Fibre Optique | O-m6 Technologies","isPartOf":{"@id":"http:\/\/om6.com\/#website"},"datePublished":"2020-07-06T15:56:28+00:00","dateModified":"2026-01-16T03:05:55+00:00","description":"O-m6 Technologies est chef de file dans la fabrication de produits et composants de fibre optique de haute qualit\u00e9. Fond\u00e9e en 1996, O-m6 a acquis sa r\u00e9putation d\u2019excellence par la qualit\u00e9 de ses produits et services.","breadcrumb":{"@id":"https:\/\/www.om6.com\/fr\/a-propos\/#breadcrumb"},"inLanguage":"fr-FR","potentialAction":[{"@type":"ReadAction","target":["https:\/\/www.om6.com\/fr\/a-propos\/"]}]},{"@type":"BreadcrumbList","@id":"https:\/\/www.om6.com\/fr\/a-propos\/#breadcrumb","itemListElement":[{"@type":"ListItem","position":1,"name":"Accueil","item":"https:\/\/www.om6.com\/fr\/"},{"@type":"ListItem","position":2,"name":"\u00c0 propos"}]},{"@type":"WebSite","@id":"http:\/\/om6.com\/#website","url":"http:\/\/om6.com\/","name":"O-m6 Technologies","description":"O-m6 Technologies","potentialAction":[{"@type":"SearchAction","target":{"@type":"EntryPoint","urlTemplate":"http:\/\/om6.com\/?s={search_term_string}"},"query-input":{"@type":"PropertyValueSpecification","valueRequired":true,"valueName":"search_term_string"}}],"inLanguage":"fr-FR"}]}},"_links":{"self":[{"href":"https:\/\/www.om6.com\/fr\/wp-json\/wp\/v2\/pages\/224","targetHints":{"allow":["GET"]}}],"collection":[{"href":"https:\/\/www.om6.com\/fr\/wp-json\/wp\/v2\/pages"}],"about":[{"href":"https:\/\/www.om6.com\/fr\/wp-json\/wp\/v2\/types\/page"}],"author":[{"embeddable":true,"href":"https:\/\/www.om6.com\/fr\/wp-json\/wp\/v2\/users\/5"}],"replies":[{"embeddable":true,"href":"https:\/\/www.om6.com\/fr\/wp-json\/wp\/v2\/comments?post=224"}],"version-history":[{"count":13,"href":"https:\/\/www.om6.com\/fr\/wp-json\/wp\/v2\/pages\/224\/revisions"}],"predecessor-version":[{"id":4504,"href":"https:\/\/www.om6.com\/fr\/wp-json\/wp\/v2\/pages\/224\/revisions\/4504"}],"wp:attachment":[{"href":"https:\/\/www.om6.com\/fr\/wp-json\/wp\/v2\/media?parent=224"}],"curies":[{"name":"wp","href":"https:\/\/api.w.org\/{rel}","templated":true}]}}