{"id":2218,"date":"2023-05-09T17:54:36","date_gmt":"2023-05-09T17:54:36","guid":{"rendered":"https:\/\/www.om6.com\/?page_id=2218"},"modified":"2025-02-07T00:05:20","modified_gmt":"2025-02-07T00:05:20","slug":"pourquoi","status":"publish","type":"page","link":"https:\/\/www.om6.com\/fr\/pourquoi\/","title":{"rendered":"Pourquoi"},"content":{"rendered":"\t\t<div data-elementor-type=\"wp-page\" data-elementor-id=\"2218\" class=\"elementor elementor-2218 elementor-2217\" data-elementor-post-type=\"page\">\n\t\t\t\t<div class=\"elementor-element elementor-element-69fbb56 e-flex e-con-boxed e-con e-parent\" data-id=\"69fbb56\" data-element_type=\"container\" data-e-type=\"container\" data-settings=\"{&quot;background_background&quot;:&quot;classic&quot;}\">\n\t\t\t\t\t<div class=\"e-con-inner\">\n\t\t\t\t<div class=\"elementor-element elementor-element-e6370b1 elementor-widget__width-inherit elementor-widget elementor-widget-heading\" data-id=\"e6370b1\" data-element_type=\"widget\" data-e-type=\"widget\" data-widget_type=\"heading.default\">\n\t\t\t\t<div class=\"elementor-widget-container\">\n\t\t\t\t\t<h1 class=\"elementor-heading-title elementor-size-default\">Pourquoi O-m6 ?<\/h1>\t\t\t\t<\/div>\n\t\t\t\t<\/div>\n\t\t\t\t\t<\/div>\n\t\t\t\t<\/div>\n\t\t<div class=\"elementor-element elementor-element-a946fa1 e-flex e-con-boxed e-con e-parent\" data-id=\"a946fa1\" data-element_type=\"container\" data-e-type=\"container\" data-settings=\"{&quot;background_background&quot;:&quot;classic&quot;}\">\n\t\t\t\t\t<div class=\"e-con-inner\">\n\t\t\t\t<div class=\"elementor-element elementor-element-fad32e8 elementor-widget elementor-widget-heading\" data-id=\"fad32e8\" data-element_type=\"widget\" data-e-type=\"widget\" data-widget_type=\"heading.default\">\n\t\t\t\t<div class=\"elementor-widget-container\">\n\t\t\t\t\t<h2 class=\"elementor-heading-title elementor-size-default\">Profil<\/h2>\t\t\t\t<\/div>\n\t\t\t\t<\/div>\n\t\t\t\t<div class=\"elementor-element elementor-element-d24b1b0 elementor-widget elementor-widget-text-editor\" data-id=\"d24b1b0\" data-element_type=\"widget\" data-e-type=\"widget\" data-widget_type=\"text-editor.default\">\n\t\t\t\t<div class=\"elementor-widget-container\">\n\t\t\t\t\t\t\t\t\t<div id=\"text-block-5\" class=\"mk-text-block \"><h3>Pourquoi choisir O-m6 Technologies?<\/h3><p>Depuis plus de 25 ans, le succ\u00e8s de l\u2019\u00e9quipe d\u2019O-m6 Technologies repose sur trois principes fondamentaux :<\/p><p>La qualit\u00e9 de nos produits et services<br \/>Notre rapidit\u00e9 de production<br \/>Notre capacit\u00e9 de s\u2019adapter \u00e0 vos demandes<\/p><p>O-m6 Technologies est compos\u00e9 d\u2019une \u00e9quipe de professionnels qui a pour mission de livrer, au moment requis, et uniquement lorsque notre envoi correspond en tous points \u00e0 vos attentes.<\/p><p>La satisfaction de nos clients est notre priorit\u00e9!<\/p><\/div>\t\t\t\t\t\t\t\t<\/div>\n\t\t\t\t<\/div>\n\t\t\t\t<div class=\"elementor-element elementor-element-80f7a5b elementor-widget elementor-widget-heading\" data-id=\"80f7a5b\" data-element_type=\"widget\" data-e-type=\"widget\" data-widget_type=\"heading.default\">\n\t\t\t\t<div class=\"elementor-widget-container\">\n\t\t\t\t\t<h2 class=\"elementor-heading-title elementor-size-default\">Vous avez besoin de conseils ?<\/h2>\t\t\t\t<\/div>\n\t\t\t\t<\/div>\n\t\t\t\t<div class=\"elementor-element elementor-element-6b50f32 elementor-widget elementor-widget-button\" data-id=\"6b50f32\" data-element_type=\"widget\" data-e-type=\"widget\" data-widget_type=\"button.default\">\n\t\t\t\t<div class=\"elementor-widget-container\">\n\t\t\t\t\t\t\t\t\t<div class=\"elementor-button-wrapper\">\n\t\t\t\t\t<a class=\"elementor-button elementor-button-link elementor-size-md\" href=\"https:\/\/www.om6.com\/fr\/contact\/\">\n\t\t\t\t\t\t<span class=\"elementor-button-content-wrapper\">\n\t\t\t\t\t\t\t\t\t<span class=\"elementor-button-text\">CONTACTEZ-NOUS !<\/span>\n\t\t\t\t\t<\/span>\n\t\t\t\t\t<\/a>\n\t\t\t\t<\/div>\n\t\t\t\t\t\t\t\t<\/div>\n\t\t\t\t<\/div>\n\t\t\t\t\t<\/div>\n\t\t\t\t<\/div>\n\t\t\t\t<\/div>\n\t\t","protected":false},"excerpt":{"rendered":"<p>Pourquoi O-m6 ? Profil Pourquoi choisir O-m6 Technologies? Depuis plus de 25 ans, le succ\u00e8s de l\u2019\u00e9quipe d\u2019O-m6 Technologies repose sur trois principes fondamentaux : La qualit\u00e9 de nos produits et servicesNotre rapidit\u00e9 de productionNotre capacit\u00e9 de s\u2019adapter \u00e0 vos demandes O-m6 Technologies est compos\u00e9 d\u2019une \u00e9quipe de professionnels qui a pour mission de livrer, [&hellip;]<\/p>\n","protected":false},"author":7,"featured_media":0,"parent":0,"menu_order":0,"comment_status":"closed","ping_status":"closed","template":"","meta":{"footnotes":""},"class_list":["post-2218","page","type-page","status-publish","hentry"],"acf":[],"yoast_head":"<!-- This site is optimized with the Yoast SEO plugin v27.4 - https:\/\/yoast.com\/product\/yoast-seo-wordpress\/ -->\n<title>Pourquoi | O-m6 Technologies<\/title>\n<meta name=\"description\" content=\"O-m6 Technologies est chef de file dans la fabrication de produits et composants de fibre optique de haute qualit\u00e9. Fond\u00e9e en 1996, O-m6 a acquis sa r\u00e9putation d\u2019excellence par la qualit\u00e9 de ses produits et services.\" \/>\n<meta name=\"robots\" content=\"index, follow, max-snippet:-1, max-image-preview:large, max-video-preview:-1\" \/>\n<link rel=\"canonical\" href=\"https:\/\/www.om6.com\/fr\/pourquoi\/\" \/>\n<meta property=\"og:locale\" content=\"fr_FR\" \/>\n<meta property=\"og:type\" content=\"article\" \/>\n<meta property=\"og:title\" content=\"Pourquoi | O-m6 Technologies\" \/>\n<meta property=\"og:description\" content=\"O-m6 Technologies est chef de file dans la fabrication de produits et composants de fibre optique de haute qualit\u00e9. Fond\u00e9e en 1996, O-m6 a acquis sa r\u00e9putation d\u2019excellence par la qualit\u00e9 de ses produits et services.\" \/>\n<meta property=\"og:url\" content=\"https:\/\/www.om6.com\/fr\/pourquoi\/\" \/>\n<meta property=\"og:site_name\" content=\"O-m6 Technologies\" \/>\n<meta property=\"article:modified_time\" content=\"2025-02-07T00:05:20+00:00\" \/>\n<meta name=\"twitter:label1\" content=\"Dur\u00e9e de lecture estim\u00e9e\" \/>\n\t<meta name=\"twitter:data1\" content=\"1 minute\" \/>\n<script type=\"application\/ld+json\" class=\"yoast-schema-graph\">{\"@context\":\"https:\\\/\\\/schema.org\",\"@graph\":[{\"@type\":\"WebPage\",\"@id\":\"https:\\\/\\\/www.om6.com\\\/fr\\\/pourquoi\\\/\",\"url\":\"https:\\\/\\\/www.om6.com\\\/fr\\\/pourquoi\\\/\",\"name\":\"Pourquoi | O-m6 Technologies\",\"isPartOf\":{\"@id\":\"http:\\\/\\\/om6.com\\\/#website\"},\"datePublished\":\"2023-05-09T17:54:36+00:00\",\"dateModified\":\"2025-02-07T00:05:20+00:00\",\"description\":\"O-m6 Technologies est chef de file dans la fabrication de produits et composants de fibre optique de haute qualit\u00e9. Fond\u00e9e en 1996, O-m6 a acquis sa r\u00e9putation d\u2019excellence par la qualit\u00e9 de ses produits et services.\",\"breadcrumb\":{\"@id\":\"https:\\\/\\\/www.om6.com\\\/fr\\\/pourquoi\\\/#breadcrumb\"},\"inLanguage\":\"fr-FR\",\"potentialAction\":[{\"@type\":\"ReadAction\",\"target\":[\"https:\\\/\\\/www.om6.com\\\/fr\\\/pourquoi\\\/\"]}]},{\"@type\":\"BreadcrumbList\",\"@id\":\"https:\\\/\\\/www.om6.com\\\/fr\\\/pourquoi\\\/#breadcrumb\",\"itemListElement\":[{\"@type\":\"ListItem\",\"position\":1,\"name\":\"Accueil\",\"item\":\"https:\\\/\\\/www.om6.com\\\/fr\\\/\"},{\"@type\":\"ListItem\",\"position\":2,\"name\":\"Pourquoi\"}]},{\"@type\":\"WebSite\",\"@id\":\"http:\\\/\\\/om6.com\\\/#website\",\"url\":\"http:\\\/\\\/om6.com\\\/\",\"name\":\"O-m6 Technologies\",\"description\":\"O-m6 Technologies\",\"potentialAction\":[{\"@type\":\"SearchAction\",\"target\":{\"@type\":\"EntryPoint\",\"urlTemplate\":\"http:\\\/\\\/om6.com\\\/?s={search_term_string}\"},\"query-input\":{\"@type\":\"PropertyValueSpecification\",\"valueRequired\":true,\"valueName\":\"search_term_string\"}}],\"inLanguage\":\"fr-FR\"}]}<\/script>\n<!-- \/ Yoast SEO plugin. -->","yoast_head_json":{"title":"Pourquoi | O-m6 Technologies","description":"O-m6 Technologies est chef de file dans la fabrication de produits et composants de fibre optique de haute qualit\u00e9. Fond\u00e9e en 1996, O-m6 a acquis sa r\u00e9putation d\u2019excellence par la qualit\u00e9 de ses produits et services.","robots":{"index":"index","follow":"follow","max-snippet":"max-snippet:-1","max-image-preview":"max-image-preview:large","max-video-preview":"max-video-preview:-1"},"canonical":"https:\/\/www.om6.com\/fr\/pourquoi\/","og_locale":"fr_FR","og_type":"article","og_title":"Pourquoi | O-m6 Technologies","og_description":"O-m6 Technologies est chef de file dans la fabrication de produits et composants de fibre optique de haute qualit\u00e9. Fond\u00e9e en 1996, O-m6 a acquis sa r\u00e9putation d\u2019excellence par la qualit\u00e9 de ses produits et services.","og_url":"https:\/\/www.om6.com\/fr\/pourquoi\/","og_site_name":"O-m6 Technologies","article_modified_time":"2025-02-07T00:05:20+00:00","twitter_misc":{"Dur\u00e9e de lecture estim\u00e9e":"1 minute"},"schema":{"@context":"https:\/\/schema.org","@graph":[{"@type":"WebPage","@id":"https:\/\/www.om6.com\/fr\/pourquoi\/","url":"https:\/\/www.om6.com\/fr\/pourquoi\/","name":"Pourquoi | O-m6 Technologies","isPartOf":{"@id":"http:\/\/om6.com\/#website"},"datePublished":"2023-05-09T17:54:36+00:00","dateModified":"2025-02-07T00:05:20+00:00","description":"O-m6 Technologies est chef de file dans la fabrication de produits et composants de fibre optique de haute qualit\u00e9. Fond\u00e9e en 1996, O-m6 a acquis sa r\u00e9putation d\u2019excellence par la qualit\u00e9 de ses produits et services.","breadcrumb":{"@id":"https:\/\/www.om6.com\/fr\/pourquoi\/#breadcrumb"},"inLanguage":"fr-FR","potentialAction":[{"@type":"ReadAction","target":["https:\/\/www.om6.com\/fr\/pourquoi\/"]}]},{"@type":"BreadcrumbList","@id":"https:\/\/www.om6.com\/fr\/pourquoi\/#breadcrumb","itemListElement":[{"@type":"ListItem","position":1,"name":"Accueil","item":"https:\/\/www.om6.com\/fr\/"},{"@type":"ListItem","position":2,"name":"Pourquoi"}]},{"@type":"WebSite","@id":"http:\/\/om6.com\/#website","url":"http:\/\/om6.com\/","name":"O-m6 Technologies","description":"O-m6 Technologies","potentialAction":[{"@type":"SearchAction","target":{"@type":"EntryPoint","urlTemplate":"http:\/\/om6.com\/?s={search_term_string}"},"query-input":{"@type":"PropertyValueSpecification","valueRequired":true,"valueName":"search_term_string"}}],"inLanguage":"fr-FR"}]}},"_links":{"self":[{"href":"https:\/\/www.om6.com\/fr\/wp-json\/wp\/v2\/pages\/2218","targetHints":{"allow":["GET"]}}],"collection":[{"href":"https:\/\/www.om6.com\/fr\/wp-json\/wp\/v2\/pages"}],"about":[{"href":"https:\/\/www.om6.com\/fr\/wp-json\/wp\/v2\/types\/page"}],"author":[{"embeddable":true,"href":"https:\/\/www.om6.com\/fr\/wp-json\/wp\/v2\/users\/7"}],"replies":[{"embeddable":true,"href":"https:\/\/www.om6.com\/fr\/wp-json\/wp\/v2\/comments?post=2218"}],"version-history":[{"count":8,"href":"https:\/\/www.om6.com\/fr\/wp-json\/wp\/v2\/pages\/2218\/revisions"}],"predecessor-version":[{"id":3472,"href":"https:\/\/www.om6.com\/fr\/wp-json\/wp\/v2\/pages\/2218\/revisions\/3472"}],"wp:attachment":[{"href":"https:\/\/www.om6.com\/fr\/wp-json\/wp\/v2\/media?parent=2218"}],"curies":[{"name":"wp","href":"https:\/\/api.w.org\/{rel}","templated":true}]}}